{"id":6499,"date":"2021-09-01T12:52:50","date_gmt":"2021-09-01T12:52:50","guid":{"rendered":"https:\/\/woolskins.eu\/slaap-overall-wol-zijde-ecru"},"modified":"2025-02-06T14:03:43","modified_gmt":"2025-02-06T14:03:43","slug":"slaap-overall-wol-zijde-ecru","status":"publish","type":"product","link":"https:\/\/woolskins.eu\/pl\/slaap-overall-wol-zijde-ecru\/","title":{"rendered":"Engel Natur Kombinezon do spania we\u0142na\/jedwab Ecru"},"content":{"rendered":"<p>Ta super mi\u0119kka pi\u017cama\/kombinezon dla Twojego dziecka jest wykonana z organicznej mieszanki we\u0142ny i jedwabiu. Czuj\u0105 si\u0119 luksusowo i s\u0105 niezwykle wygodne dla Twojego dziecka. Posiadaj\u0105 zatrzaski u g\u00f3ry szyi i przy nogawkach, dzi\u0119ki czemu mo\u017cna je \u0142atwo za\u0142o\u017cy\u0107, zdj\u0105\u0107 i zmieni\u0107.<\/p>\n<p>We\u0142na reguluje temperatur\u0119 cia\u0142a i zapewnia dziecku sucho\u015b\u0107 i wygod\u0119. Ta mieszanka we\u0142ny i jedwabiu jest niezwykle mi\u0119kka i dlatego nie sw\u0119dzi. Dzi\u0119ki lanolinie, kt\u00f3ra jest naturalnie obecna w we\u0142nie, jest odporna na brud i wod\u0119.<\/p>\n<p>Poniewa\u017c lanolina jest r\u00f3wnie\u017c antybakteryjna, pranie cz\u0119sto nie jest konieczne. Cz\u0119sto wystarczy sp\u0119dza\u0107 czas na \u015bwie\u017cym powietrzu.<\/p>\n<p>\u2013 Cudownie mi\u0119kkie<br \/>\n\u2013 GOTS (Global Organic Textile Standard), IVN Best<br \/>\n- Czuje si\u0119 bardzo lekki i jest mi\u0142y i ciep\u0142y<br \/>\n\u2013 We\u0142na jest przewiewna<br \/>\n\u2013 Pomaga dziecku regulowa\u0107 temperatur\u0119<br \/>\n\u2013 Idealny do kojca lub jako pi\u017cama.<\/p>\n<p>S\u0105 organiczne i wolne od metali ci\u0119\u017ckich oraz szkodliwych barwnik\u00f3w AZO. Certyfikowany GOTS.<\/p>\n<h5>Engel<\/h5>\n<p>Rodzinna firma produkuje bielizn\u0119 i odzie\u017c od 85 lat. W 1982 roku rozpocz\u0119\u0142o si\u0119 wzorcowe i konsekwentne skupienie si\u0119 na tekstyliach naturalnych wraz z przetwarzaniem naturalnej bawe\u0142ny.<\/p>\n<p>Dzi\u015b w naszej kolekcji znajduj\u0105 si\u0119 specjalnie zaprojektowane ubranka dla wcze\u015bniak\u00f3w.<\/p>\n<p>Opr\u00f3cz bawe\u0142ny pochodz\u0105cej z kontrolowanych upraw ekologicznych (kbA), przetwarzamy najlepsz\u0105 we\u0142n\u0119 merynosow\u0105 pochodz\u0105c\u0105 z kontrolowanych upraw ekologicznych (kbT) oraz naturaln\u0105 we\u0142n\u0119 merynosow\u0105 dziewicz\u0105 (kbT) z jedwabiem. Wszystkie u\u017cyte barwniki s\u0105 wolne od metali ci\u0119\u017ckich i zawsze by\u0142y wolne od szkodliwych barwnik\u00f3w AZO. Do barwienia tekstyli\u00f3w we\u0142nianych u\u017cywamy wy\u0142\u0105cznie barwnik\u00f3w reaktywnych, kt\u00f3re s\u0105 szczeg\u00f3lnie stabilne z w\u0142\u00f3knem i charakteryzuj\u0105 si\u0119 wysok\u0105 trwa\u0142o\u015bci\u0105. Je\u015bli chodzi o wyka\u0144czanie tekstyli\u00f3w, nie stosujemy \u017cadnych chemicznych wyko\u0144cze\u0144.<\/p>\n<p>Zasadniczo wszystkie u\u017cyte materia\u0142y musz\u0105 by\u0107 biodegradowalne i nie mog\u0105 zanieczyszcza\u0107 gleby, powietrza ani wody. Wszystkie cz\u0119\u015bci metalowe nie zawieraj\u0105 niklu, nasze guziki wykonane s\u0105 z naturalnych, odnawialnych surowc\u00f3w. Aby zagwarantowa\u0107 nasz wysoki standard jako\u015bci, stawiane s\u0105 odpowiednie wymagania dotycz\u0105ce odporno\u015bci na \u015bwiat\u0142o, \u015blinoodporno\u015b\u0107, odporno\u015b\u0107 na pot, odporno\u015b\u0107 na pranie i kurczliwo\u015b\u0107.<\/p>\n<p>W\u0142a\u015bciwo\u015bci te wraz z dopuszczalnymi warto\u015bciami pozosta\u0142o\u015bci dla substancji niebezpiecznych dla \u015brodowiska i zdrowia s\u0105 regularnie badane przez niezale\u017cne i certyfikowane laboratoria i instytuty \u015brodowiskowe.<\/p>","protected":false},"excerpt":{"rendered":"<p>Ta super mi\u0119kka pi\u017cama\/kombinezon dla Twojego dziecka jest wykonana z organicznej mieszanki we\u0142ny i jedwabiu. Posiadaj\u0105 zatrzaski u g\u00f3ry szyi i przy nogawkach, dzi\u0119ki czemu mo\u017cna je \u0142atwo za\u0142o\u017cy\u0107, zdj\u0105\u0107 i zmieni\u0107.<\/p>","protected":false},"featured_media":5823,"comment_status":"closed","ping_status":"closed","template":"","meta":{"_acf_changed":false},"product_brand":[],"product_cat":[361,360,363,248,200,344,319],"product_tag":[],"class_list":{"0":"post-6499","1":"product","2":"type-product","3":"status-publish","4":"has-post-thumbnail","6":"product_cat-babyshower","7":"product_cat-cadeautips","8":"product_cat-cadeaus-e25-e50","9":"product_cat-engel_natur","10":"product_cat-wollen-babykleding","11":"product_cat-kleertjes","12":"product_cat-pakjes-en-jasjes","13":"pa_maat-50-56","14":"pa_maat-62-68","16":"first","17":"outofstock","18":"taxable","19":"shipping-taxable","20":"purchasable","21":"product-type-variable"},"acf":[],"_links":{"self":[{"href":"https:\/\/woolskins.eu\/pl\/wp-json\/wp\/v2\/product\/6499","targetHints":{"allow":["GET"]}}],"collection":[{"href":"https:\/\/woolskins.eu\/pl\/wp-json\/wp\/v2\/product"}],"about":[{"href":"https:\/\/woolskins.eu\/pl\/wp-json\/wp\/v2\/types\/product"}],"replies":[{"embeddable":true,"href":"https:\/\/woolskins.eu\/pl\/wp-json\/wp\/v2\/comments?post=6499"}],"wp:featuredmedia":[{"embeddable":true,"href":"https:\/\/woolskins.eu\/pl\/wp-json\/wp\/v2\/media\/5823"}],"wp:attachment":[{"href":"https:\/\/woolskins.eu\/pl\/wp-json\/wp\/v2\/media?parent=6499"}],"wp:term":[{"taxonomy":"product_brand","embeddable":true,"href":"https:\/\/woolskins.eu\/pl\/wp-json\/wp\/v2\/product_brand?post=6499"},{"taxonomy":"product_cat","embeddable":true,"href":"https:\/\/woolskins.eu\/pl\/wp-json\/wp\/v2\/product_cat?post=6499"},{"taxonomy":"product_tag","embeddable":true,"href":"https:\/\/woolskins.eu\/pl\/wp-json\/wp\/v2\/product_tag?post=6499"}],"curies":[{"name":"wp","href":"https:\/\/api.w.org\/{rel}","templated":true}]}}