{"id":6447,"date":"2021-09-01T12:52:12","date_gmt":"2021-09-01T12:52:12","guid":{"rendered":"https:\/\/woolskins.eu\/wantjes-camel-100-baby-alpaca-wol"},"modified":"2022-05-02T13:47:02","modified_gmt":"2022-05-02T13:47:02","slug":"wantjes-camel-100-baby-alpaca-wol","status":"publish","type":"product","link":"https:\/\/woolskins.eu\/pl\/wantjes-camel-100-baby-alpaca-wol\/","title":{"rendered":"R\u0119kawiczki Camel 100% Baby Alpaka We\u0142na"},"content":{"rendered":"<p>Twoje cenne male\u0144stwa pokochaj\u0105 spos\u00f3b, w jaki te r\u0119cznie robione r\u0119kawiczki utrzymuj\u0105 ciep\u0142o ich ma\u0142ych r\u0105czek. Te dzieci\u0119ce r\u0119kawiczki z alpaki, inspirowane stylem vintage, s\u0105 wykonane na drutach z delikatnej, niebarwionej we\u0142ny z Peru. Sznurek zapewnia, \u017ce pozostan\u0105 bezpiecznie na swoim miejscu, gdy maluch jest zaj\u0119ty zabaw\u0105.<\/p>\n<p>\u2013 Jeden rozmiar 0 \u2013 3 miesi\u0105ce<br \/>\n\u2013 Jest lekki i bardzo mi\u0119kki<br \/>\n\u2013 Termiczne, czyli ch\u0142odne latem i przyjemne i ciep\u0142e zim\u0105<br \/>\n\u2013 Jest 4 razy mniej \u201ewra\u017cliwa na zu\u017cycie\u201d ni\u017c we\u0142na merynosowa<br \/>\n- Nie kurczy si\u0119 po praniu<br \/>\n\u2013 100% baby alpaka<br \/>\n\u2013 100% organiczny zgodnie z Oeko-Tex\u00ae Standard 100<\/p>\n<h5 class=\"Text1893342656__root Text1893342656---typography-11-runningText Text1893342656---priority-7-primary s8gg2 _2UIKs InfoSectionTitle3095652555__root\" aria-hidden=\"false\" data-hook=\"info-section-title\">We\u0142na Baby Alpaka<\/h5>\n<div class=\"rah-static rah-static--height-auto\" aria-hidden=\"false\">\n<div>\n<div class=\"_1yvxJ fggS- cell\">\n<div class=\"WncCi\" data-hook=\"info-section-description\">\n<p>Struktura w\u0142\u00f3kien Baby Alpaca Wool jest bardzo cienka, a mi\u0119kko\u015b\u0107 jest por\u00f3wnywalna z we\u0142n\u0105 kaszmirow\u0105, ale jest jeszcze bardziej mi\u0119kka. We\u0142na alpaki jest znana ze swojej najwy\u017cszej jako\u015bci, jest bardzo mi\u0119kka w dotyku i hipoalergiczna. We\u0142na baby alpaka to najdelikatniejsza we\u0142na alpaki z pierwszej osnowy. Baby alpaka nie oznacza, \u017ce we\u0142na pochodzi od m\u0142odych alpak, ale \u017ce u\u017cywana jest tylko najlepsza we\u0142na. Ma \u015brednic\u0119 oko\u0142o 20 mikron\u00f3w, co jest niezwykle cienkie.Mikron to 0,001 milimetra. Im cie\u0144sza we\u0142na, tym bardziej mi\u0119kki produkt.<\/p>\n<h5>Ma\u0142y koliber<\/h5>\n<p class=\"\">PETIT KOLIBRI wywodzi si\u0119 z bezwarunkowej mi\u0142o\u015bci do autentycznych, ekologicznych i naturalnych produkt\u00f3w. Nasze produkty zrodzi\u0142y si\u0119 z nieustannego zaanga\u017cowania w promowanie zr\u00f3wnowa\u017conego rozwoju \u015brodowiska i \u015bwiadomego biznesu w lokalnych spo\u0142eczno\u015bciach Ameryki \u0141aci\u0144skiej.<\/p>\n<p class=\"\">Wszystkie nasze ubrania z ekologicznej alpaki i dzieci\u0119cej alpaki s\u0105 pozyskiwane z trosk\u0105 i uwag\u0105 w ramach wzajemnie korzystnych i przejrzystych relacji z naszymi dostawcami. Produkty ko\u0144cowe s\u0105 o\u017cywiane w uczciwych warunkach przez kolektyw rzemie\u015blnik\u00f3w z Kolumbii i Peru. Sprawiedliwy handel sta\u0142 si\u0119 nasz\u0105 naczeln\u0105 zasad\u0105.<\/p>\n<p class=\"\">Dzieci s\u0105 populacj\u0105 jutra. Wp\u0142yw, jaki wywr\u0105 na nasz\u0105 planet\u0119, zale\u017cy od zasad, kt\u00f3rych uczymy ich dzisiaj. Nasza minimalistyczna dzianina o organicznym designie jest stworzona na wszystkie ma\u0142e przygody!<\/p>\n<p>Naszym celem jest zapewnienie bezpiecznej odzie\u017cy i akcesori\u00f3w dla dzieci, poniewa\u017c wierzymy, \u017ce produkty, kt\u00f3rych dotykaj\u0105 dzieci, powinny by\u0107 w najczystszym i nienaruszonym stanie. Z dum\u0105 oferujemy produkty ekologiczne wolne od szkodliwych substancji, certyfikowane przez Standard 100 by OEKO-TEX\u00ae. We\u0142na, kt\u00f3rej u\u017cywamy w PETIT KOLIBRI pochodzi z Peru, jednego z g\u0142\u00f3wnych kraj\u00f3w eksportuj\u0105cych we\u0142n\u0119 z alpak.<\/p>\n<\/div>\n<\/div>\n<\/div>\n<\/div>\n<p>&nbsp;<\/p>","protected":false},"excerpt":{"rendered":"<p>Twoje cenne male\u0144stwa pokochaj\u0105 spos\u00f3b, w jaki te r\u0119cznie robione r\u0119kawiczki utrzymuj\u0105 ciep\u0142o ich ma\u0142ych r\u0105czek.<\/p>","protected":false},"featured_media":5754,"comment_status":"closed","ping_status":"closed","template":"","meta":{"_acf_changed":false},"product_brand":[],"product_cat":[345,361,360,363,200,232,346],"product_tag":[],"class_list":{"0":"post-6447","1":"product","2":"type-product","3":"status-publish","4":"has-post-thumbnail","6":"product_cat-accessoires","7":"product_cat-babyshower","8":"product_cat-cadeautips","9":"product_cat-cadeaus-e25-e50","10":"product_cat-wollen-babykleding","11":"product_cat-petit-kolibri","12":"product_cat-mutsjesensjaaltjes","14":"first","15":"outofstock","16":"taxable","17":"shipping-taxable","18":"purchasable","19":"product-type-simple"},"acf":[],"_links":{"self":[{"href":"https:\/\/woolskins.eu\/pl\/wp-json\/wp\/v2\/product\/6447","targetHints":{"allow":["GET"]}}],"collection":[{"href":"https:\/\/woolskins.eu\/pl\/wp-json\/wp\/v2\/product"}],"about":[{"href":"https:\/\/woolskins.eu\/pl\/wp-json\/wp\/v2\/types\/product"}],"replies":[{"embeddable":true,"href":"https:\/\/woolskins.eu\/pl\/wp-json\/wp\/v2\/comments?post=6447"}],"wp:featuredmedia":[{"embeddable":true,"href":"https:\/\/woolskins.eu\/pl\/wp-json\/wp\/v2\/media\/5754"}],"wp:attachment":[{"href":"https:\/\/woolskins.eu\/pl\/wp-json\/wp\/v2\/media?parent=6447"}],"wp:term":[{"taxonomy":"product_brand","embeddable":true,"href":"https:\/\/woolskins.eu\/pl\/wp-json\/wp\/v2\/product_brand?post=6447"},{"taxonomy":"product_cat","embeddable":true,"href":"https:\/\/woolskins.eu\/pl\/wp-json\/wp\/v2\/product_cat?post=6447"},{"taxonomy":"product_tag","embeddable":true,"href":"https:\/\/woolskins.eu\/pl\/wp-json\/wp\/v2\/product_tag?post=6447"}],"curies":[{"name":"wp","href":"https:\/\/api.w.org\/{rel}","templated":true}]}}