{"id":6419,"date":"2021-09-01T12:51:50","date_gmt":"2021-09-01T12:51:50","guid":{"rendered":"https:\/\/woolskins.eu\/baby-slaapzak-lammy-camel"},"modified":"2026-02-11T15:01:00","modified_gmt":"2026-02-11T15:01:00","slug":"alwero-slaapzak-lammy-camel","status":"publish","type":"product","link":"https:\/\/woolskins.eu\/pl\/alwero-slaapzak-lammy-camel\/","title":{"rendered":"Wollen Slaapzak voor Baby &#8211; Thumbled | Camel"},"content":{"rendered":"<p>Nasz eko-we\u0142niany \u015bpiworek niemowl\u0119cy jest bardzo odpowiedni dla najm\u0142odszych dzi\u0119ki naturalnym w\u0142a\u015bciwo\u015bciom w\u0142\u00f3kien we\u0142nianych. Oddychaj\u0105 i maj\u0105 w\u0142a\u015bciwo\u015b\u0107 dzia\u0142ania jako naturalny termostat reguluj\u0105cy temperatur\u0119 cia\u0142a.<\/p>\n<p>Pomaga to dziecku utrzyma\u0107 stabiln\u0105 temperatur\u0119 i zapewnia sucho\u015b\u0107 i wygod\u0119. Robi to \u201edynamicznie\u201d, co oznacza, \u017ce dzieje si\u0119 to wtedy, gdy jest potrzebne, a nie wtedy, gdy nie jest potrzebne. Dzi\u0119ki temu te we\u0142niane \u015bpiwory s\u0105 ciep\u0142e zim\u0105 i ch\u0142odne latem.<\/p>\n<p>Rozmiar szyi mo\u017cna regulowa\u0107 za pomoc\u0105 podw\u00f3jnych zatrzask\u00f3w, a d\u0142ugi zamek b\u0142yskawiczny umo\u017cliwia \u0142atwe rozpi\u0119cie ca\u0142ego \u015bpiwora.<\/p>\n<p>Rozmiar 0-6 miesi\u0119cy: d\u0142ugo\u015b\u0107 67 cm (od zapi\u0119cia na ramieniu do do\u0142u).<\/p>\n<p>Produkt ten posiada mi\u0119dzy innymi Znak Bezpieczny dla Dziecka oraz znak jako\u015bci Woolmark.<\/p>\n<h5>W\u0142asna marka Woolskins firmy Alwero<\/h5>\n<p>Po latach udanej wsp\u00f3\u0142pracy z Alwero mo\u017cemy z dum\u0105 og\u0142osi\u0107, \u017ce mo\u017cemy sprzedawa\u0107 Alwero pod w\u0142asn\u0105 mark\u0105 Woolskins.<\/p>\n<p>W ten spos\u00f3b nadal otrzymujesz najlepsz\u0105 jako\u015b\u0107 Alwero po\u0142\u0105czon\u0105 z naj\u0142adniejszymi i niepowtarzalnymi produktami\/wzorami Woolskins.<\/p>\n<p>Co si\u0119 wtedy zmienia? Nie tak bardzo! Jako\u015b\u0107, tkaniny i kolory pozostaj\u0105 takie same, tylko jest wi\u0119kszy wyb\u00f3r unikalnych produkt\u00f3w, kt\u00f3re zdaniem Woolskins mog\u0105 pom\u00f3c si\u0119 wyr\u00f3\u017cni\u0107 i kt\u00f3re s\u0105 dobrym dodatkiem do wyprawki.<\/p>\n<p>Nasze produkty mo\u017cna rozpozna\u0107 po etykiecie Woolskins, a etykieta prania wskazuje, \u017ce zosta\u0142y wyprodukowane przez firm\u0119 Alwero.<\/p>\n<p>\u0141\u0105czymy si\u0142y z wielkim entuzjazmem, aby stworzy\u0107 trwa\u0142y, naturalny i jak najbardziej komfortowy produkt dla Twojego dziecka.<\/p>\n<h5>Alwero<\/h5>\n<p>Rodzinna firma powsta\u0142a pod koniec lat 90-tych z potrzeby stworzenia czego\u015b. W \u015brodku natury, gdzie owce pas\u0105 si\u0119 w g\u00f3rach, ALWERO znajduje wyj\u0105tkowy surowiec, o kt\u00f3ry chodzi: surow\u0105 we\u0142n\u0119.<\/p>\n<p>\u0141\u0105cz\u0105c stare tradycje i nowinki techniczne, ALWERO tworzy \u015bwiat komfortu.Wiedza, kunszt i mi\u0142o\u015b\u0107 do we\u0142ny sprawi\u0142y, \u017ce produkty ALWERO s\u0105 doceniane na ca\u0142ym \u015bwiecie.<\/p>","protected":false},"excerpt":{"rendered":"<p>Als je op zoek bent naar een comfortabele en warme slaapzak voor je baby, dan is wol een uitstekende keuze. Wol heeft namelijk veel voordelen die je baby helpen om lekker te slapen, elk seizoen van het jaar.<\/p>\n<p>Onze lichte eco wollen baby slaapzak ademt en heeft de eigenschap op te treden als een natuurlijke thermostaat die de lichaamstemperatuur reguleert waardoor je kindje rustig wordt en heerlijk kan slapen. Deze slaapzak is zeer geschikt voor de allerkleinsten dankzij de dubbele drukknoopjes waarmee je de halsopening groter en kleiner kan maken. De lange rits opent de hele slaapzak waardoor je je kindje makkelijk kan verschonen. De wollen slaapzak helpt je baby in het onderhouden van een stabiele temperatuur en houdt je baby droog en comfortabel. Het doet dit \u2018dynamisch\u2019, wat betekent dat het gebeurt als het nodig is, en niet als het niet nodig is. Deze wollen slaapzakjes zijn dan ook warm in de winter en koel in de zomer.<\/p>\n<p><strong>Merk: Woolskins<\/strong><br \/>\n<strong>Producent: Woolskins Private Lable wordt geproduceerd door Alwero<\/strong><\/p>","protected":false},"featured_media":5714,"comment_status":"closed","ping_status":"closed","template":"","meta":{"_acf_changed":false},"product_brand":[],"product_cat":[361,360,364,196,370,194],"product_tag":[],"class_list":{"0":"post-6419","1":"product","2":"type-product","3":"status-publish","4":"has-post-thumbnail","6":"product_cat-babyshower","7":"product_cat-cadeautips","8":"product_cat-cadeaus-vanaf-e50","9":"product_cat-slaapkleding-baby","10":"product_cat-slaapzakken","11":"product_cat-wollen-babyproducten","12":"pa_maat-0-6-maanden","13":"pa_maat-6-12-maanden","15":"first","16":"outofstock","17":"taxable","18":"shipping-taxable","19":"purchasable","20":"product-type-variable"},"acf":[],"_links":{"self":[{"href":"https:\/\/woolskins.eu\/pl\/wp-json\/wp\/v2\/product\/6419","targetHints":{"allow":["GET"]}}],"collection":[{"href":"https:\/\/woolskins.eu\/pl\/wp-json\/wp\/v2\/product"}],"about":[{"href":"https:\/\/woolskins.eu\/pl\/wp-json\/wp\/v2\/types\/product"}],"replies":[{"embeddable":true,"href":"https:\/\/woolskins.eu\/pl\/wp-json\/wp\/v2\/comments?post=6419"}],"wp:featuredmedia":[{"embeddable":true,"href":"https:\/\/woolskins.eu\/pl\/wp-json\/wp\/v2\/media\/5714"}],"wp:attachment":[{"href":"https:\/\/woolskins.eu\/pl\/wp-json\/wp\/v2\/media?parent=6419"}],"wp:term":[{"taxonomy":"product_brand","embeddable":true,"href":"https:\/\/woolskins.eu\/pl\/wp-json\/wp\/v2\/product_brand?post=6419"},{"taxonomy":"product_cat","embeddable":true,"href":"https:\/\/woolskins.eu\/pl\/wp-json\/wp\/v2\/product_cat?post=6419"},{"taxonomy":"product_tag","embeddable":true,"href":"https:\/\/woolskins.eu\/pl\/wp-json\/wp\/v2\/product_tag?post=6419"}],"curies":[{"name":"wp","href":"https:\/\/api.w.org\/{rel}","templated":true}]}}