{"id":6242,"date":"2021-09-01T12:48:54","date_gmt":"2021-09-01T12:48:54","guid":{"rendered":"https:\/\/woolskins.eu\/eco-baby-care-essential-3"},"modified":"2026-05-15T11:01:44","modified_gmt":"2026-05-15T11:01:44","slug":"eco-baby-care-essential-3","status":"publish","type":"product","link":"https:\/\/woolskins.eu\/pl\/eco-baby-care-essential-3\/","title":{"rendered":"Sk\u00f3ra owcza do w\u00f3zka \u2013 Essential (lecznicza)"},"content":{"rendered":"<p>Sk\u00f3ra jagni\u0119ca Eco Baby-Care jest specjalnie przyci\u0119ta na wymiar do u\u017cytku w w\u00f3zku, \u0142\u00f3\u017ceczku, foteliku samochodowym lub koszu Moj\u017cesza. Bardzo wygodna w podr\u00f3\u017cy iw domu. Idealny na d\u0142ugie wakacyjne wyjazdy do ciep\u0142ych kraj\u00f3w. Jest niezwykle wygodna, poniewa\u017c oddycha i natychmiast wch\u0142ania pot, nie czuj\u0105c przy tym wilgoci\/wilgotno\u015bci dla Twojego dziecka.<\/p>\n<p>\u2013 Rozmiar 75 x 45 cm, futerko 2 cm.<br \/>\n\u2013 Wyci\u0119cia na pasy bezpiecze\u0144stwa 3 i 5 punktowe.<br \/>\n\u2013 Opalony leczniczo.<br \/>\n\u2013 Mi\u0119kka i zwarta sier\u015b\u0107.<br \/>\n- Mo\u017cna pra\u0107 w pralce i suszy\u0107.<br \/>\n- \u0141atwe w utrzymaniu.<\/p>\n<h5 class=\"Text1234883549__root Text1234883549---typography-11-runningText Text1234883549---priority-7-primary s8gg2 _2UIKs InfoSectionTitle3095652555__root\" aria-hidden=\"false\" data-hook=\"info-section-title\">Wygodna podr\u00f3\u017c<\/h5>\n<div class=\"rah-static rah-static--height-auto\" aria-hidden=\"false\">\n<div>\n<div class=\"_1yvxJ fggS- cell\">\n<div class=\"WncCi NTPd3\" data-hook=\"info-section-description\">\n<p>W\u0142\u00f3kna we\u0142ny oddychaj\u0105 i maj\u0105 w\u0142a\u015bciwo\u015b\u0107 dzia\u0142ania jak naturalny termostat reguluj\u0105cy temperatur\u0119 cia\u0142a? Pomaga to dziecku utrzyma\u0107 stabiln\u0105 temperatur\u0119 i zapewnia sucho\u015b\u0107 i wygod\u0119. Robi to \u201edynamicznie\u201d, co oznacza, \u017ce dzieje si\u0119 to wtedy, gdy jest potrzebne, a nie wtedy, gdy nie jest potrzebne. Ciep\u0142e zim\u0105 i ch\u0142odne latem.<\/p>\n<\/div>\n<\/div>\n<\/div>\n<\/div>\n<p>P\u0142aszcze Woolskins Baby-Care maj\u0105 kr\u00f3tsz\u0105 sier\u015b\u0107, dzi\u0119ki czemu s\u0105 bezpieczne dla dzieci. S\u0105 odpowiednie od urodzenia, a poniewa\u017c s\u0105 przetwarzane z my\u015bl\u0105 o \u015brodowisku, chroni\u0105 zar\u00f3wno maluchy, jak i planet\u0119. W domu lub w podr\u00f3\u017cy tworzysz komfortowe \u015brodowisko, w kt\u00f3rym Twoje dziecko czuje si\u0119 szcz\u0119\u015bliwe i zrelaksowane. Standardowo \u201egotowe na prezent\u201d zapakowane z osobist\u0105 notatk\u0105.<\/p>\n<h5><b>Zawiera p\u0142aszcz Essential<\/b><\/h5>\n<p><span style=\"font-weight: 400;\">Ta sk\u00f3ra owcza Baby-Care pochodzi od angielskiej owcy. Jest to bardzo mi\u0119kka i zwarta sier\u015b\u0107 i nasza WSKAZ\u00d3WKA! Podobnie jak wszystkie inne nasze p\u0142aszcze, w\u0142\u00f3kna we\u0142niane oddychaj\u0105. Pomaga to dziecku utrzyma\u0107 stabiln\u0105 temperatur\u0119 i zapewnia sucho\u015b\u0107 i wygod\u0119. Ch\u0142odne latem i ciep\u0142e zim\u0105.<\/span><\/p>\n<h5><b>Przyjazny dla \u015brodowiska<\/b><\/h5>\n<p><span style=\"font-weight: 400;\">Wszystkie \u015brodki stosowane w garbowaniu i wyka\u0144czaniu s\u0105 zgodne z podstawowymi dyrektywami UE dotycz\u0105cymi zachowania i ochrony \u015brodowiska.<\/span><\/p>\n<p><span style=\"font-weight: 400;\">Nasze sk\u00f3ry owcze s\u0105 garbowane zgodnie z przepisami REACH przyj\u0119tymi w celu poprawy ochrony zdrowia ludzkiego i \u015brodowiska przed zagro\u017ceniami, jakie mog\u0105 stwarza\u0107 chemikalia, przy jednoczesnym zwi\u0119kszeniu konkurencyjno\u015bci przemys\u0142u chemicznego UE. Do produkcji nie stosuje si\u0119 barwnik\u00f3w AZO.<\/span><\/p>\n<p><span style=\"font-weight: 400;\">PRODUKTY EKOLOGICZNE \u2013 Sk\u00f3ry owcze s\u0105 przyjazne dla \u015brodowiska, ich przetwarzanie i obr\u00f3bka s\u0105 bezpieczne dla doros\u0142ych i dzieci. Sk\u00f3ry owcze s\u0105 biodegradowalne, organiczne.<\/span><\/p>\n<p><span style=\"font-weight: 400;\">Woolskins nie sprzedaje sk\u00f3r owczych z owiec, w kt\u00f3rych stosuje si\u0119 Mulesing! U owiec europejskich (w przeciwie\u0144stwie np. do owiec australijskich) nie stosuje si\u0119 mulesingu, poniewa\u017c paso\u017cyt, kt\u00f3ry powoduje, \u017ce rolnicy u\u017cywaj\u0105 mulesingu, nie wyst\u0119puje w Europie.<\/span><\/p>\n<h5><b>\u015api\u0105cy na brzuchu\u2026 uwa\u017caj!<\/b><\/h5>\n<p><span style=\"font-weight: 400;\">Niemowl\u0119ta, kt\u00f3re \u015bpi\u0105 na brzuchu przez pierwsze 12 miesi\u0119cy, ze wzgl\u0119d\u00f3w bezpiecze\u0144stwa nie powinny spa\u0107 na niczym mi\u0119kkim, poniewa\u017c mo\u017ce to by\u0107 niebezpieczne. Dlatego radzimy m\u0105drze u\u017cywa\u0107 p\u0142aszcza Woolskins! Zawsze zwracaj uwag\u0119, kiedy Twoje dziecko le\u017cy na brzuchu lub \u015bpi i upewnij si\u0119, \u017ce jest ono zawsze nadzorowane.<\/span><\/p>\n<p>&nbsp;<\/p>","protected":false},"excerpt":{"rendered":"<p><strong>Zacht en natuurlijk schapenvachtje voor baby&#8217;s \u2013 Woolskins<br \/>\n<\/strong><br \/>\nGeef je kindje het allerbeste met dit hoogwaardige, Europese schapenvachtje van Woolskins. Het vachtje is speciaal kort geschoren voor de veiligheid van je baby en ideaal te gebruiken in de kinderwagen, Maxi-Cosi of bijvoorbeeld Mosesmand. Het heeft handige openingen voor de 5-puntsgordel, zodat je je baby veilig kunt vastzetten zonder comfort te verliezen. Het natuurlijke wol houdt je baby comfortabel door temperatuurregulatie, terwijl het hypoallergene materiaal zacht is voor de gevoelige huid. Daarnaast heeft het vachtje een rustgevend effect, waardoor je kindje zich ontspannen voelt tijdens elke rit of moment thuis. Duurzaam en onderhoudsvriendelijk, zodat je er langdurig van kunt genieten. Meer informatie lees je bij productinformatie hieronder.<\/p>\n<p><strong>Merk: Woolskins<\/strong><br \/>\n<strong>Land: Polen<\/strong><\/p>","protected":false},"featured_media":9647,"comment_status":"closed","ping_status":"closed","template":"","meta":{"_acf_changed":false},"product_brand":[],"product_cat":[222,354],"product_tag":[],"class_list":{"0":"post-6242","1":"product","2":"type-product","3":"status-publish","4":"has-post-thumbnail","6":"product_cat-buggy-schapenvachtjes","7":"product_cat-woolskins","9":"first","10":"instock","11":"sale","12":"taxable","13":"shipping-taxable","14":"purchasable","15":"product-type-variable","16":"has-default-attributes"},"acf":[],"_links":{"self":[{"href":"https:\/\/woolskins.eu\/pl\/wp-json\/wp\/v2\/product\/6242","targetHints":{"allow":["GET"]}}],"collection":[{"href":"https:\/\/woolskins.eu\/pl\/wp-json\/wp\/v2\/product"}],"about":[{"href":"https:\/\/woolskins.eu\/pl\/wp-json\/wp\/v2\/types\/product"}],"replies":[{"embeddable":true,"href":"https:\/\/woolskins.eu\/pl\/wp-json\/wp\/v2\/comments?post=6242"}],"wp:featuredmedia":[{"embeddable":true,"href":"https:\/\/woolskins.eu\/pl\/wp-json\/wp\/v2\/media\/9647"}],"wp:attachment":[{"href":"https:\/\/woolskins.eu\/pl\/wp-json\/wp\/v2\/media?parent=6242"}],"wp:term":[{"taxonomy":"product_brand","embeddable":true,"href":"https:\/\/woolskins.eu\/pl\/wp-json\/wp\/v2\/product_brand?post=6242"},{"taxonomy":"product_cat","embeddable":true,"href":"https:\/\/woolskins.eu\/pl\/wp-json\/wp\/v2\/product_cat?post=6242"},{"taxonomy":"product_tag","embeddable":true,"href":"https:\/\/woolskins.eu\/pl\/wp-json\/wp\/v2\/product_tag?post=6242"}],"curies":[{"name":"wp","href":"https:\/\/api.w.org\/{rel}","templated":true}]}}