{"id":6221,"date":"2021-09-01T12:48:54","date_gmt":"2021-09-01T12:48:54","guid":{"rendered":"https:\/\/woolskins.eu\/eco-baby-care-merino"},"modified":"2026-05-13T10:38:22","modified_gmt":"2026-05-13T10:38:22","slug":"schapenvacht-voor-baby-eco-baby-care-merino","status":"publish","type":"product","link":"https:\/\/woolskins.eu\/pl\/schapenvacht-voor-baby-eco-baby-care-merino\/","title":{"rendered":"Sk\u00f3ra Owcza dla Niemowlaka \u2013 Merino Extra Fine (lecznicza)"},"content":{"rendered":"<p><strong>Opis<\/strong><\/p>\n<p>Woolskins Baby-Care schapenvachten voor baby hebben een kortere vacht waardoor ze babyproof zijn. Ze zijn geschikt vanaf de geboorte en omdat bij hun verwerking rekening wordt gehouden met het milieu beschermen ze zowel de kleintjes als de planeet. Thuis of onderweg cre\u00eber je een comfortabele omgeving waarin je kindje zich blij en ontspannen voelt. Wist je een schapenvachtje ook gezond is voor je kindje?<\/p>\n<p>\u2013 D\u0142ugo\u015b\u0107 90-100cm \/ futro 3cm.<br \/>\n\u2013 Opalony leczniczo.<br \/>\n\u2013 Wyj\u0105tkowo mi\u0119kka i zwarta sier\u015b\u0107.<br \/>\n- Mo\u017cna pra\u0107 w pralce i suszy\u0107.<br \/>\n- \u0141atwe w utrzymaniu.<\/p>\n<p>Zam\u00f3w szczotk\u0119 do piel\u0119gnacji, aby zachowa\u0107 pi\u0119kno swojej sier\u015bci przez d\u0142ugi czas i\/lub spersonalizuj futerko danymi dotycz\u0105cymi urodzenia Twojego\/dziecka. Pi\u0119kny i wyj\u0105tkowy prezent, dost\u0119pny wy\u0142\u0105cznie w Woolskins. Standardowo \u201egotowy na prezent\u201d zapakowany z osobist\u0105 notatk\u0105.<\/p>\n<p><strong>W\u0142a\u015bciwo\u015bci Sk\u00f3ra owcza Merino<\/strong><\/p>\n<p>We\u0142na\/futro merynos\u00f3w jest znane z delikatniejszego w\u0142osia owiec merynos\u00f3w i dlatego jest nieco bardziej mi\u0119kkie na sk\u00f3rze. W\u0142osy s\u0105 cie\u0144sze i bli\u017cej siebie, dzi\u0119ki czemu sier\u015b\u0107 jest bardziej zwarta. Podobnie jak wszystkie inne nasze p\u0142aszcze, w\u0142\u00f3kna we\u0142niane oddychaj\u0105. Pomaga to dziecku utrzyma\u0107 stabiln\u0105 temperatur\u0119 i zapewnia sucho\u015b\u0107 i wygod\u0119. Ch\u0142odne latem i ciep\u0142e zim\u0105.<\/p>\n<p><strong>Przyjazny dla \u015brodowiska<\/strong><\/p>\n<p>Wszystkie \u015brodki stosowane w garbowaniu i wyka\u0144czaniu s\u0105 zgodne z podstawowymi dyrektywami UE dotycz\u0105cymi zachowania i ochrony \u015brodowiska.<\/p>\n<p>Onze schapenvacht voor baby worden gelooid volgens de REACH-voorschriften die zijn aangenomen om de bescherming van de gezondheid van de mens en het milieu te verbeteren tegen de risico\u2019s die chemische stoffen kunnen opleveren, en tegelijkertijd het concurrentievermogen van de chemische industrie in de EU te vergroten. Er worden geen AZO-kleurstoffen gebruikt in de productie.<\/p>\n<p>ECO-PRODUCTEN \u2013 huiden zijn Eco Friendly Schapenvachten, hun verwerking en behandeling zijn veilig voor volwassenen en kinderen. Huiden zijn biologisch afbreekbaar, organisch.<\/p>\n<p>Woolskins verkoopt geen schapenvachten van schapen waarbij Mulesing is toegepast! Bij Europese schapen wordt geen Mulesing toegepast omdat in Europa de parasiet, waardoor boeren Mulesing toepassen, niet voorkomt.<\/p>\n<p><strong>\u015api\u0105cy na brzuchu\u2026 uwa\u017caj!<\/strong><\/p>\n<p>Kindjes die de eerste 12 maanden op hun buik slapen mogen vanwege veiligheidsredenen niet op iets zachts slapen, dit kan gevaarlijk zijn. Wij adviseren dus de Woolskins schapenvacht voor baby verstandig te gebruiken! Let altijd op wanneer je kind op zijn\/haar buik ligt of slaapt en zorg ervoor dat je kindje altijd onder toezicht blijft.<\/p>","protected":false},"excerpt":{"rendered":"<p><strong>Zacht en natuurlijk schapenvachtje voor baby&#8217;s \u2013 Woolskins<br \/>\n<\/strong><br \/>\nGeef je kindje het allerbeste met dit hoogwaardige, Europese schapenvachtje van Woolskins. Perfect als zacht en comfortabel oppervlak in de wieg, box of op de vloer. Het vachtje is gemaakt van zacht, natuurlijk wol dat temperatuurregulerend werkt en de gevoelige huid van je baby beschermt. Daarnaast heeft het een rustgevend effect, waardoor je kindje zich ontspannen voelt tijdens spel of rustmomenten. Duurzaam en onderhoudsvriendelijk, zodat je er langdurig van kunt genieten. Meer informatie lees je bij productinformatie hieronder.<\/p>\n<p><strong>Merk: Woolskins<\/strong><br \/>\n<strong>Land: Polen<\/strong><\/p>","protected":false},"featured_media":10531,"comment_status":"open","ping_status":"closed","template":"","meta":{"_acf_changed":false},"product_brand":[],"product_cat":[354,216],"product_tag":[503],"class_list":{"0":"post-6221","1":"product","2":"type-product","3":"status-publish","4":"has-post-thumbnail","6":"product_cat-woolskins","7":"product_cat-schapenvacht-voor-baby","8":"product_tag-schapenvacht-vor-baby","10":"first","11":"instock","12":"sale","13":"taxable","14":"shipping-taxable","15":"purchasable","16":"product-type-variable","17":"has-default-attributes"},"acf":[],"_links":{"self":[{"href":"https:\/\/woolskins.eu\/pl\/wp-json\/wp\/v2\/product\/6221","targetHints":{"allow":["GET"]}}],"collection":[{"href":"https:\/\/woolskins.eu\/pl\/wp-json\/wp\/v2\/product"}],"about":[{"href":"https:\/\/woolskins.eu\/pl\/wp-json\/wp\/v2\/types\/product"}],"replies":[{"embeddable":true,"href":"https:\/\/woolskins.eu\/pl\/wp-json\/wp\/v2\/comments?post=6221"}],"wp:featuredmedia":[{"embeddable":true,"href":"https:\/\/woolskins.eu\/pl\/wp-json\/wp\/v2\/media\/10531"}],"wp:attachment":[{"href":"https:\/\/woolskins.eu\/pl\/wp-json\/wp\/v2\/media?parent=6221"}],"wp:term":[{"taxonomy":"product_brand","embeddable":true,"href":"https:\/\/woolskins.eu\/pl\/wp-json\/wp\/v2\/product_brand?post=6221"},{"taxonomy":"product_cat","embeddable":true,"href":"https:\/\/woolskins.eu\/pl\/wp-json\/wp\/v2\/product_cat?post=6221"},{"taxonomy":"product_tag","embeddable":true,"href":"https:\/\/woolskins.eu\/pl\/wp-json\/wp\/v2\/product_tag?post=6221"}],"curies":[{"name":"wp","href":"https:\/\/api.w.org\/{rel}","templated":true}]}}