{"id":30486,"date":"2026-05-15T13:15:54","date_gmt":"2026-05-15T13:15:54","guid":{"rendered":"https:\/\/woolskins.eu\/?post_type=product&#038;p=30486"},"modified":"2026-05-15T13:19:21","modified_gmt":"2026-05-15T13:19:21","slug":"wollen-wikkeldeken-voor-baby-wingy-felted-beige","status":"publish","type":"product","link":"https:\/\/woolskins.eu\/pl\/wollen-wikkeldeken-voor-baby-wingy-felted-beige\/","title":{"rendered":"Wollen Wikkeldeken voor Baby | Wingy Felted beige"},"content":{"rendered":"<p>Omdat de standaard maat wat groter valt en minder geschikt is voor de maxi-cosi en autostoel hebben we een kleinere variant laten maken die de allerkleinste wat beter omsluit en beter past in de maxi-cosi en autostoel. Uiteraard past de mini net als de orginele maat ook goed in de kinderwagen.<\/p>\n<p>We\u0142na oddycha i od razu mierzy temperatur\u0119 Twojego dziecka. Ciep\u0142e zim\u0105 i ch\u0142odne latem. Przydatny w domu i do u\u017cytku w maxi-cosi lub w\u00f3zku.<\/p>\n<p>\u2013 We\u0142na dziewicza 100% z oznaczeniem Woolmark.<br \/>\n\u2013 Exclusief verkrijgbaar bij Woolskins.<br \/>\n\u2013 Do u\u017cytku w domu i w podr\u00f3\u017cy.<br \/>\n\u2013 Otwory na pasy bezpiecze\u0144stwa (5-punktowe).<br \/>\n\u2013 Maat: lengte 80 cm x breedte 50cm \u2013 Mini: lengte 75cm x 40 cm<br \/>\n\u2013 mo\u017cna pra\u0107 w programie do prania we\u0142ny w 30\u00b0C.<\/p>\n<p>W\u0142\u00f3kna we\u0142ny oddychaj\u0105 i maj\u0105 w\u0142a\u015bciwo\u015b\u0107 dzia\u0142ania jak naturalny termostat reguluj\u0105cy temperatur\u0119 cia\u0142a? Pomaga to dziecku utrzyma\u0107 stabiln\u0105 temperatur\u0119 i zapewnia sucho\u015b\u0107 i wygod\u0119. Robi to \u201edynamicznie\u201d, co oznacza, \u017ce dzieje si\u0119 to wtedy, gdy jest potrzebne, a nie wtedy, gdy nie jest potrzebne. Ciep\u0142e zim\u0105 i ch\u0142odne latem.<\/p>\n<p>Produkt ten posiada mi\u0119dzy innymi Znak Bezpieczny dla Dziecka oraz znak jako\u015bci Woolmark.<\/p>\n<h5>Woolskins Label<\/h5>\n<p>Na jarenlange succesvolle samenwerking met Alwero kunnen wij met trots aankondigen dat wij nu onze producten onder eigen Woolskins label voeren.<\/p>\n<p>Op deze manier krijg je nog steeds de beste kwaliteit maar dan gecombineerd met de leukste en unieke producten en ontwerpen.<\/p>\n<p>De kwaliteit van de stoffen en kleuren blijven zoals het altijd is geweest, alleen is er nu een grotere keus waarvan Woolskins denkt zich mee te kunnen onderscheiden.<\/p>\n<p>Onze brede collectie is zo samegesteld dat ze een goede aanvulling zijn op iedere babyuitzet, gemaakt van 100% Europees wol dat ademt en geschikt is voor elk seizoen.<\/p>\n<p>We bundelen met veel enthousiasme onze krachten samen voor een duurzaam, natuurlijk en een zo comfortabel mogelijk product voor je kind.<\/p>","protected":false},"excerpt":{"rendered":"<div class=\"woocommerce-product-details__short-description\">\n<p>Je kindje zal heerlijk slapen en wegdromen in deze comfortabele wollen wikkeldeken Wingy uit onze \u2018Thumbled\u2019 collectie. Deze wikkeldeken valt soepel en is zeer zacht. Ze hebben een mooie en luxe uitstraling en zijn uiterst comfortabel. De wikkeldeken is van 100% wol en neemt direct de temperatuur van je kindje aan en kan voor elk seizoen gebruikt worden. Dankzij de openingen voor de veiligheidsriempjes (5-punts) past deze goed in de kinderwagen en neem je kindje warm en comfortabel mee naar buiten. Speciaal voor de allekleinste hebben we ook een kleinere variant (mini) die goed aansluit en perfect past in de maxi-cosi.<\/p>\n<div class=\"woocommerce-product-details__short-description\">\n<p><strong>Merk: Woolskins<\/strong><br \/>\n<strong>Productie: Polen<\/strong><\/p>\n<\/div>\n<\/div>\n<form class=\"variations_form cart\" style=\"box-sizing: border-box; border-top: 1px solid var(--border-color); border-right: none; border-bottom: none; border-left: none; border-image: initial; font-size: 15px; text-align: start; line-height: inherit; color: #3f4245; font-family: -apple-system, BlinkMacSystemFont, 'Segoe UI', Roboto, Helvetica, Arial, sans-serif, 'Apple Color Emoji', 'Segoe UI Emoji', 'Segoe UI Symbol'; font-style: normal; font-variant-ligatures: normal; font-variant-caps: normal; font-weight: 400; letter-spacing: normal; orphans: 2; text-indent: 0px; text-transform: none; widows: 2; word-spacing: 0px; -webkit-text-stroke-width: 0px; white-space: normal; background-color: #ffffff; text-decoration-thickness: initial; text-decoration-style: initial; text-decoration-color: initial; padding: var(--product-element-spacing,35px) 0px 0px 0px; margin: var(--product-element-spacing,35px) 0px 0px 0px;\" action=\"https:\/\/woolskins.eu\/alwero-wikkeldeken-wingy-beige-3\" enctype=\"multipart\/form-data\" method=\"post\" data-product_id=\"14683\" data-product_variations=\"[{&quot;attributes&quot;:{&quot;attribute_pa_maat&quot;:&quot;standaard-maat&quot;},&quot;availability_html&quot;:&quot;&lt;p class=&quot;stock in-stock&quot;&gt;Op voorraad&lt;\/p&gt;n&quot;,&quot;backorders_allowed&quot;:false,&quot;dimensions&quot;:{&quot;length&quot;:&quot;&quot;,&quot;width&quot;:&quot;&quot;,&quot;height&quot;:&quot;&quot;},&quot;dimensions_html&quot;:&quot;Niet beschikbaar&quot;,&quot;display_price&quot;:79,&quot;display_regular_price&quot;:79,&quot;image&quot;:{&quot;title&quot;:&quot;Alwero wikkeldeken Duo Woolskins&quot;,&quot;caption&quot;:&quot;&quot;,&quot;url&quot;:&quot;https:\/\/woolskins.eu\/wp-content\/uploads\/2023\/03\/JBP_65-1.jpg&quot;,&quot;alt&quot;:&quot;Alwero wikkeldeken Duo Woolskins&quot;,&quot;src&quot;:&quot;https:\/\/woolskins.eu\/wp-content\/uploads\/2023\/03\/JBP_65-1-600x600.jpg&quot;,&quot;srcset&quot;:&quot;https:\/\/i0.wp.com\/woolskins.eu\/wp-content\/uploads\/2023\/03\/JBP_65-1.jpg?resize=600%2C600&amp;ssl=1 600w, https:\/\/i0.wp.com\/woolskins.eu\/wp-content\/uploads\/2023\/03\/JBP_65-1.jpg?resize=300%2C300&amp;ssl=1 300w, https:\/\/i0.wp.com\/woolskins.eu\/wp-content\/uploads\/2023\/03\/JBP_65-1.jpg?resize=100%2C100&amp;ssl=1 100w, https:\/\/i0.wp.com\/woolskins.eu\/wp-content\/uploads\/2023\/03\/JBP_65-1.jpg?resize=1024%2C1024&amp;ssl=1 1024w, https:\/\/i0.wp.com\/woolskins.eu\/wp-content\/uploads\/2023\/03\/JBP_65-1.jpg?resize=150%2C150&amp;ssl=1 150w, https:\/\/i0.wp.com\/woolskins.eu\/wp-content\/uploads\/2023\/03\/JBP_65-1.jpg?resize=768%2C768&amp;ssl=1 768w, https:\/\/i0.wp.com\/woolskins.eu\/wp-content\/uploads\/2023\/03\/JBP_65-1.jpg?resize=12%2C12&amp;ssl=1 12w, https:\/\/i0.wp.com\/woolskins.eu\/wp-content\/uploads\/2023\/03\/JBP_65-1.jpg?w=1065&amp;ssl=1 1065w&quot;,&quot;sizes&quot;:&quot;(max-width: 600px) 100vw, 600px&quot;,&quot;full_src&quot;:&quot;https:\/\/woolskins.eu\/wp-content\/uploads\/2023\/03\/JBP_65-1.jpg&quot;,&quot;full_src_w&quot;:1065,&quot;full_src_h&quot;:1065,&quot;gallery_thumbnail_src&quot;:&quot;https:\/\/woolskins.eu\/wp-content\/uploads\/2023\/03\/JBP_65-1-100x100.jpg&quot;,&quot;gallery_thumbnail_src_w&quot;:100,&quot;gallery_thumbnail_src_h&quot;:100,&quot;thumb_src&quot;:&quot;https:\/\/woolskins.eu\/wp-content\/uploads\/2023\/03\/JBP_65-1-300x300.jpg&quot;,&quot;thumb_src_w&quot;:300,&quot;thumb_src_h&quot;:300,&quot;src_w&quot;:600,&quot;src_h&quot;:600},&quot;image_id&quot;:14694,&quot;is_downloadable&quot;:false,&quot;is_in_stock&quot;:true,&quot;is_purchasable&quot;:true,&quot;is_sold_individually&quot;:&quot;no&quot;,&quot;is_virtual&quot;:false,&quot;max_qty&quot;:12,&quot;min_qty&quot;:1,&quot;price_html&quot;:&quot;&lt;span class=&quot;price&quot;&gt;&lt;span class=&quot;woocommerce-Price-amount amount&quot;&gt;&lt;bdi&gt;&lt;span class=&quot;woocommerce-Price-currencySymbol&quot;&gt;&amp;euro;&lt;\/span&gt;79,00&lt;\/bdi&gt;&lt;\/span&gt;&lt;\/span&gt;&quot;,&quot;sku&quot;:&quot;7466-03&quot;,&quot;variation_description&quot;:&quot;&quot;,&quot;variation_id&quot;:14684,&quot;variation_is_active&quot;:true,&quot;variation_is_visible&quot;:true,&quot;weight&quot;:&quot;&quot;,&quot;weight_html&quot;:&quot;Niet beschikbaar&quot;,&quot;ean&quot;:&quot;&quot;,&quot;blocksy_original_image&quot;:{&quot;title&quot;:&quot;Alwero wikkeldeken Duo Woolskins&quot;,&quot;caption&quot;:&quot;&quot;,&quot;alt&quot;:&quot;Alwero wikkeldeken Duo Woolskins&quot;,&quot;src&quot;:&quot;https:\/\/woolskins.eu\/wp-content\/uploads\/2023\/03\/JBP_65-1-600x600.jpg&quot;,&quot;srcset&quot;:&quot;https:\/\/i0.wp.com\/woolskins.eu\/wp-content\/uploads\/2023\/03\/JBP_65-1.jpg?resize=600%2C600&amp;ssl=1 600w, https:\/\/i0.wp.com\/woolskins.eu\/wp-content\/uploads\/2023\/03\/JBP_65-1.jpg?resize=300%2C300&amp;ssl=1 300w, https:\/\/i0.wp.com\/woolskins.eu\/wp-content\/uploads\/2023\/03\/JBP_65-1.jpg?resize=100%2C100&amp;ssl=1 100w, https:\/\/i0.wp.com\/woolskins.eu\/wp-content\/uploads\/2023\/03\/JBP_65-1.jpg?resize=1024%2C1024&amp;ssl=1 1024w, https:\/\/i0.wp.com\/woolskins.eu\/wp-content\/uploads\/2023\/03\/JBP_65-1.jpg?resize=150%2C150&amp;ssl=1 150w, https:\/\/i0.wp.com\/woolskins.eu\/wp-content\/uploads\/2023\/03\/JBP_65-1.jpg?resize=768%2C768&amp;ssl=1 768w, https:\/\/i0.wp.com\/woolskins.eu\/wp-content\/uploads\/2023\/03\/JBP_65-1.jpg?resize=12%2C12&amp;ssl=1 12w, https:\/\/i0.wp.com\/woolskins.eu\/wp-content\/uploads\/2023\/03\/JBP_65-1.jpg?w=1065&amp;ssl=1 1065w&quot;,&quot;sizes&quot;:&quot;(max-width: 600px) 100vw, 600px&quot;,&quot;full_src&quot;:&quot;https:\/\/woolskins.eu\/wp-content\/uploads\/2023\/03\/JBP_65-1.jpg&quot;,&quot;full_src_w&quot;:1065,&quot;full_src_h&quot;:1065,&quot;gallery_thumbnail_src&quot;:&quot;https:\/\/woolskins.eu\/wp-content\/uploads\/2023\/03\/JBP_65-1-100x100.jpg&quot;,&quot;gallery_thumbnail_src_w&quot;:100,&quot;gallery_thumbnail_src_h&quot;:100,&quot;thumb_src&quot;:&quot;https:\/\/woolskins.eu\/wp-content\/uploads\/2023\/03\/JBP_65-1-300x300.jpg&quot;,&quot;thumb_src_w&quot;:300,&quot;thumb_src_h&quot;:300,&quot;src_w&quot;:600,&quot;src_h&quot;:600,&quot;id&quot;:&quot;14694&quot;},&quot;blocksy_gallery_source&quot;:&quot;default&quot;,&quot;_myparcel_hs_code_variation&quot;:&quot;&quot;,&quot;_myparcel_country_of_origin_variation&quot;:&quot;&quot;},{&quot;attributes&quot;:{&quot;attribute_pa_maat&quot;:&quot;mini&quot;},&quot;availability_html&quot;:&quot;&lt;p class=&quot;stock in-stock&quot;&gt;Op voorraad&lt;\/p&gt;n&quot;,&quot;backorders_allowed&quot;:false,&quot;dimensions&quot;:{&quot;length&quot;:&quot;&quot;,&quot;width&quot;:&quot;&quot;,&quot;height&quot;:&quot;&quot;},&quot;dimensions_html&quot;:&quot;Niet beschikbaar&quot;,&quot;display_price&quot;:69,&quot;display_regular_price&quot;:69,&quot;image&quot;:{&quot;title&quot;:&quot;Alwero wikkeldeken Duo Woolskins&quot;,&quot;caption&quot;:&quot;&quot;,&quot;url&quot;:&quot;https:\/\/woolskins.eu\/wp-content\/uploads\/2023\/03\/JBP_65-1.jpg&quot;,&quot;alt&quot;:&quot;Alwero wikkeldeken Duo Woolskins&quot;,&quot;src&quot;:&quot;https:\/\/woolskins.eu\/wp-content\/uploads\/2023\/03\/JBP_65-1-600x600.jpg&quot;,&quot;srcset&quot;:&quot;https:\/\/i0.wp.com\/woolskins.eu\/wp-content\/uploads\/2023\/03\/JBP_65-1.jpg?resize=600%2C600&amp;ssl=1 600w, https:\/\/i0.wp.com\/woolskins.eu\/wp-content\/uploads\/2023\/03\/JBP_65-1.jpg?resize=300%2C300&amp;ssl=1 300w, https:\/\/i0.wp.com\/woolskins.eu\/wp-content\/uploads\/2023\/03\/JBP_65-1.jpg?resize=100%2C100&amp;ssl=1 100w, https:\/\/i0.wp.com\/woolskins.eu\/wp-content\/uploads\/2023\/03\/JBP_65-1.jpg?resize=1024%2C1024&amp;ssl=1 1024w, https:\/\/i0.wp.com\/woolskins.eu\/wp-content\/uploads\/2023\/03\/JBP_65-1.jpg?resize=150%2C150&amp;ssl=1 150w, https:\/\/i0.wp.com\/woolskins.eu\/wp-content\/uploads\/2023\/03\/JBP_65-1.jpg?resize=768%2C768&amp;ssl=1 768w, https:\/\/i0.wp.com\/woolskins.eu\/wp-content\/uploads\/2023\/03\/JBP_65-1.jpg?resize=12%2C12&amp;ssl=1 12w, https:\/\/i0.wp.com\/woolskins.eu\/wp-content\/uploads\/2023\/03\/JBP_65-1.jpg?w=1065&amp;ssl=1 1065w&quot;,&quot;sizes&quot;:&quot;(max-width: 600px) 100vw, 600px&quot;,&quot;full_src&quot;:&quot;https:\/\/woolskins.eu\/wp-content\/uploads\/2023\/03\/JBP_65-1.jpg&quot;,&quot;full_src_w&quot;:1065,&quot;full_src_h&quot;:1065,&quot;gallery_thumbnail_src&quot;:&quot;https:\/\/woolskins.eu\/wp-content\/uploads\/2023\/03\/JBP_65-1-100x100.jpg&quot;,&quot;gallery_thumbnail_src_w&quot;:100,&quot;gallery_thumbnail_src_h&quot;:100,&quot;thumb_src&quot;:&quot;https:\/\/woolskins.eu\/wp-content\/uploads\/2023\/03\/JBP_65-1-300x300.jpg&quot;,&quot;thumb_src_w&quot;:300,&quot;thumb_src_h&quot;:300,&quot;src_w&quot;:600,&quot;src_h&quot;:600},&quot;image_id&quot;:14694,&quot;is_downloadable&quot;:false,&quot;is_in_stock&quot;:true,&quot;is_purchasable&quot;:true,&quot;is_sold_individually&quot;:&quot;no&quot;,&quot;is_virtual&quot;:false,&quot;max_qty&quot;:2,&quot;min_qty&quot;:1,&quot;price_html&quot;:&quot;&lt;span class=&quot;price&quot;&gt;&lt;span class=&quot;woocommerce-Price-amount amount&quot;&gt;&lt;bdi&gt;&lt;span class=&quot;woocommerce-Price-currencySymbol&quot;&gt;&amp;euro;&lt;\/span&gt;69,00&lt;\/bdi&gt;&lt;\/span&gt;&lt;\/span&gt;&quot;,&quot;sku&quot;:&quot;3625-03&quot;,&quot;variation_description&quot;:&quot;&quot;,&quot;variation_id&quot;:14685,&quot;variation_is_active&quot;:true,&quot;variation_is_visible&quot;:true,&quot;weight&quot;:&quot;&quot;,&quot;weight_html&quot;:&quot;Niet beschikbaar&quot;,&quot;ean&quot;:&quot;&quot;,&quot;blocksy_original_image&quot;:{&quot;title&quot;:&quot;Alwero wikkeldeken Duo Woolskins&quot;,&quot;caption&quot;:&quot;&quot;,&quot;alt&quot;:&quot;Alwero wikkeldeken Duo Woolskins&quot;,&quot;src&quot;:&quot;https:\/\/woolskins.eu\/wp-content\/uploads\/2023\/03\/JBP_65-1-600x600.jpg&quot;,&quot;srcset&quot;:&quot;https:\/\/i0.wp.com\/woolskins.eu\/wp-content\/uploads\/2023\/03\/JBP_65-1.jpg?resize=600%2C600&amp;ssl=1 600w, https:\/\/i0.wp.com\/woolskins.eu\/wp-content\/uploads\/2023\/03\/JBP_65-1.jpg?resize=300%2C300&amp;ssl=1 300w, https:\/\/i0.wp.com\/woolskins.eu\/wp-content\/uploads\/2023\/03\/JBP_65-1.jpg?resize=100%2C100&amp;ssl=1 100w, https:\/\/i0.wp.com\/woolskins.eu\/wp-content\/uploads\/2023\/03\/JBP_65-1.jpg?resize=1024%2C1024&amp;ssl=1 1024w, https:\/\/i0.wp.com\/woolskins.eu\/wp-content\/uploads\/2023\/03\/JBP_65-1.jpg?resize=150%2C150&amp;ssl=1 150w, https:\/\/i0.wp.com\/woolskins.eu\/wp-content\/uploads\/2023\/03\/JBP_65-1.jpg?resize=768%2C768&amp;ssl=1 768w, https:\/\/i0.wp.com\/woolskins.eu\/wp-content\/uploads\/2023\/03\/JBP_65-1.jpg?resize=12%2C12&amp;ssl=1 12w, https:\/\/i0.wp.com\/woolskins.eu\/wp-content\/uploads\/2023\/03\/JBP_65-1.jpg?w=1065&amp;ssl=1 1065w&quot;,&quot;sizes&quot;:&quot;(max-width: 600px) 100vw, 600px&quot;,&quot;full_src&quot;:&quot;https:\/\/woolskins.eu\/wp-content\/uploads\/2023\/03\/JBP_65-1.jpg&quot;,&quot;full_src_w&quot;:1065,&quot;full_src_h&quot;:1065,&quot;gallery_thumbnail_src&quot;:&quot;https:\/\/woolskins.eu\/wp-content\/uploads\/2023\/03\/JBP_65-1-100x100.jpg&quot;,&quot;gallery_thumbnail_src_w&quot;:100,&quot;gallery_thumbnail_src_h&quot;:100,&quot;thumb_src&quot;:&quot;https:\/\/woolskins.eu\/wp-content\/uploads\/2023\/03\/JBP_65-1-300x300.jpg&quot;,&quot;thumb_src_w&quot;:300,&quot;thumb_src_h&quot;:300,&quot;src_w&quot;:600,&quot;src_h&quot;:600,&quot;id&quot;:&quot;14694&quot;},&quot;blocksy_gallery_source&quot;:&quot;default&quot;,&quot;_myparcel_hs_code_variation&quot;:&quot;&quot;,&quot;_myparcel_country_of_origin_variation&quot;:&quot;&quot;}]\"><\/form>\n","protected":false},"featured_media":30490,"comment_status":"closed","ping_status":"closed","template":"","meta":{"_acf_changed":false},"product_brand":[],"product_cat":[361,360,364,196,321,194],"product_tag":[],"class_list":{"0":"post-30486","1":"product","2":"type-product","3":"status-publish","4":"has-post-thumbnail","6":"product_cat-babyshower","7":"product_cat-cadeautips","8":"product_cat-cadeaus-vanaf-e50","9":"product_cat-slaapkleding-baby","10":"product_cat-wikkeldekens","11":"product_cat-wollen-babyproducten","12":"pa_maat-mini","13":"pa_maat-standaard-maat","15":"first","16":"instock","17":"taxable","18":"shipping-taxable","19":"purchasable","20":"product-type-variable"},"acf":[],"_links":{"self":[{"href":"https:\/\/woolskins.eu\/pl\/wp-json\/wp\/v2\/product\/30486","targetHints":{"allow":["GET"]}}],"collection":[{"href":"https:\/\/woolskins.eu\/pl\/wp-json\/wp\/v2\/product"}],"about":[{"href":"https:\/\/woolskins.eu\/pl\/wp-json\/wp\/v2\/types\/product"}],"replies":[{"embeddable":true,"href":"https:\/\/woolskins.eu\/pl\/wp-json\/wp\/v2\/comments?post=30486"}],"wp:featuredmedia":[{"embeddable":true,"href":"https:\/\/woolskins.eu\/pl\/wp-json\/wp\/v2\/media\/30490"}],"wp:attachment":[{"href":"https:\/\/woolskins.eu\/pl\/wp-json\/wp\/v2\/media?parent=30486"}],"wp:term":[{"taxonomy":"product_brand","embeddable":true,"href":"https:\/\/woolskins.eu\/pl\/wp-json\/wp\/v2\/product_brand?post=30486"},{"taxonomy":"product_cat","embeddable":true,"href":"https:\/\/woolskins.eu\/pl\/wp-json\/wp\/v2\/product_cat?post=30486"},{"taxonomy":"product_tag","embeddable":true,"href":"https:\/\/woolskins.eu\/pl\/wp-json\/wp\/v2\/product_tag?post=30486"}],"curies":[{"name":"wp","href":"https:\/\/api.w.org\/{rel}","templated":true}]}}