{"id":30288,"date":"2026-04-17T15:17:27","date_gmt":"2026-04-17T15:17:27","guid":{"rendered":"https:\/\/woolskins.eu\/?post_type=product&#038;p=30288"},"modified":"2026-04-17T15:21:21","modified_gmt":"2026-04-17T15:21:21","slug":"wollen-voetenzak-bakigo-hazelnoot","status":"publish","type":"product","link":"https:\/\/woolskins.eu\/pl\/wollen-voetenzak-bakigo-hazelnoot\/","title":{"rendered":"Wollen Voetenzak Bakigo \u2013 Slaapzak voor Buggy en Kinderwagen | Felted Hazelnoot"},"content":{"rendered":"<h1>Een warme en comfortabele voetenzak voor kinderwagen en buggy<\/h1>\n<p data-start=\"1483\" data-end=\"1847\">Deze <strong data-start=\"1488\" data-end=\"1552\">wollen voetenzak voor kinderwagen en buggy in Dark Chocolate<\/strong> biedt je baby een zachte en warme plek tijdens elke wandeling. De voetenzak is gemaakt van <strong data-start=\"1644\" data-end=\"1662\">100% scheerwol<\/strong>, een natuurlijk materiaal dat bekend staat om zijn temperatuurregulerende eigenschappen. Hierdoor blijft je baby warm tijdens koude dagen en comfortabel wanneer de temperatuur wisselt.<\/p>\n<p data-start=\"1849\" data-end=\"2117\">Met een lengte van <strong data-start=\"1868\" data-end=\"1877\">90 cm<\/strong> is deze voetenzak bewust <strong data-start=\"1903\" data-end=\"1928\">5 cm langer ontworpen<\/strong>, zodat je kindje er langer gebruik van kan maken. De openingen voor een <strong data-start=\"2001\" data-end=\"2018\">5-puntsgordel<\/strong> zorgen ervoor dat de voetenzak veilig gebruikt kan worden in kinderwagens, buggy\u2019s en autostoelen.<\/p>\n<p data-start=\"1849\" data-end=\"2117\">\u2013 5cm langer, waardoor deze langer te gebruiken is.<br \/>\n\u2013 Bovenkant volledig afritsbaar<br \/>\n\u2013 100% scheerwolvezel.<br \/>\n\u2013 Do u\u017cytku w domu i w podr\u00f3\u017cy.<br \/>\n\u2013 Otwory na pasy bezpiecze\u0144stwa (5-punktowe).<br \/>\n\u2013 lengte 90cm x breedte 45 cm.<br \/>\n\u2013 mo\u017cna pra\u0107 w programie do prania we\u0142ny w 30\u00b0C.<\/p>\n<hr data-start=\"2119\" data-end=\"2122\" \/>\n<h2 data-section-id=\"ojc6y9\" data-start=\"2124\" data-end=\"2164\">De voordelen van een wollen voetenzak<\/h2>\n<p data-start=\"2166\" data-end=\"2311\">Wol is een van de meest comfortabele materialen voor babyproducten. De vezels ademen en reguleren temperatuur en vocht op een natuurlijke manier.<\/p>\n<p data-start=\"2313\" data-end=\"2343\">Belangrijke voordelen van wol:<\/p>\n<p data-start=\"2345\" data-end=\"2519\">\u2714 temperatuurregulerend<br data-start=\"2368\" data-end=\"2371\" \/>\u2714 ademend materiaal<br data-start=\"2390\" data-end=\"2393\" \/>\u2714 houdt warmte vast zonder oververhitting<br data-start=\"2434\" data-end=\"2437\" \/>\u2714 vochtabsorberend zonder klam te worden<br data-start=\"2477\" data-end=\"2480\" \/>\u2714 zacht en comfortabel voor de babyhuid<\/p>\n<p data-start=\"2521\" data-end=\"2639\">Dankzij deze eigenschappen blijft je baby warm en ontspannen tijdens wandelingen, autoritten of rustmomenten onderweg.<\/p>\n<hr data-start=\"2641\" data-end=\"2644\" \/>\n<h2 data-section-id=\"16tyk4w\" data-start=\"2646\" data-end=\"2681\">Ontworpen voor dagelijks gebruik<\/h2>\n<p data-start=\"2683\" data-end=\"2884\">De Woolskins voetenzak is praktisch ontworpen voor gebruik in het dagelijks leven. Dankzij de ruime opening en de gordelopeningen kan de voetenzak eenvoudig in de kinderwagen of buggy worden geplaatst.<\/p>\n<p data-start=\"2886\" data-end=\"3106\">De voetenzak is geschikt voor gebruik gedurende meerdere seizoenen en komt vooral goed van pas tijdens <strong data-start=\"2989\" data-end=\"3030\">herfst, winter en het vroege voorjaar<\/strong>. De natuurlijke wol zorgt ervoor dat je baby zich altijd comfortabel voelt.<\/p>\n<hr data-start=\"3108\" data-end=\"3111\" \/>\n<h2 data-section-id=\"qkpwv6\" data-start=\"3113\" data-end=\"3145\">Gemaakt van 100% Europese wol<\/h2>\n<p data-start=\"3147\" data-end=\"3377\">De Woolskins voetenzak is gemaakt van <strong data-start=\"3185\" data-end=\"3203\">100% scheerwol<\/strong> en draagt het <strong data-start=\"3218\" data-end=\"3239\">Znak rozpoznawczy we\u0142ny<\/strong>, wat staat voor hoge kwaliteit wol. De wolvezels zijn afkomstig van Europese schapen en worden verwerkt volgens strenge kwaliteitsnormen.<\/p>\n<p data-start=\"3379\" data-end=\"3500\">Wol is niet alleen comfortabel, maar ook een duurzaam materiaal. Het is biologisch afbreekbaar, ademend en gaat lang mee.<\/p>\n<hr data-start=\"3502\" data-end=\"3505\" \/>\n<h2 data-section-id=\"1mclkwk\" data-start=\"3507\" data-end=\"3525\">Woolskins label<\/h2>\n<p data-start=\"3527\" data-end=\"3812\">Na een jarenlange samenwerking met Alwero introduceert Woolskins haar collectie onder een <strong data-start=\"3617\" data-end=\"3642\">eigen Woolskins label<\/strong>. Hierdoor kunnen wij nog steeds dezelfde vertrouwde kwaliteit bieden, maar met unieke ontwerpen en een collectie die speciaal is samengesteld voor moderne babyuitzetten.<\/p>\n<p data-start=\"3814\" data-end=\"3977\">Onze producten worden gemaakt van <strong data-start=\"3848\" data-end=\"3869\">100% Europese wol<\/strong>, een natuurlijk materiaal dat geschikt is voor elk seizoen en bekend staat om zijn comfort en duurzaamheid.<\/p>\n<hr data-start=\"3979\" data-end=\"3982\" \/>\n<h1 data-section-id=\"1o9t7f4\" data-start=\"3984\" data-end=\"4010\">Product specificaties<\/h1>\n<p data-start=\"4012\" data-end=\"4203\">Merk: Woolskins<br data-start=\"4027\" data-end=\"4030\" \/>Materiaal: 100% scheerwol<br data-start=\"4055\" data-end=\"4058\" \/>Keurmerk: Woolmark<br data-start=\"4076\" data-end=\"4079\" \/>Afmeting: 90 \u00d7 45 cm<br data-start=\"4099\" data-end=\"4102\" \/>Gordelopeningen: 5-punts<br data-start=\"4126\" data-end=\"4129\" \/>Gebruik: kinderwagen, buggy, autostoel<br data-start=\"4167\" data-end=\"4170\" \/>Wasadvies: 30\u00b0C wolwasprogramma<\/p>","protected":false},"excerpt":{"rendered":"<p data-start=\"280\" data-end=\"585\">Ga comfortabel op pad met je baby met deze warme <strong data-start=\"329\" data-end=\"393\">wollen voetenzak voor kinderwagen en buggy in hazelnoot kleur<\/strong>\u00a0van Woolskins. De voetenzak is gemaakt van <strong data-start=\"437\" data-end=\"455\">100% scheerwolvezel<\/strong>, een natuurlijk materiaal dat temperatuurregulerend en ademend is. Hierdoor blijft je kindje heerlijk warm zonder te gaan zweten.<\/p>\n<p data-start=\"587\" data-end=\"928\">De voetenzak is <strong data-start=\"603\" data-end=\"628\">5 cm langer ontworpen<\/strong>, zodat hij langer gebruikt kan worden naarmate je baby groeit. Dankzij de openingen voor een <strong data-start=\"722\" data-end=\"739\">5-puntsgordel<\/strong> past hij in vrijwel elke kinderwagen, buggy of autostoel. De <strong data-start=\"801\" data-end=\"837\">bovenkant is volledig afritsbaar<\/strong>, waardoor je de voetenzak eenvoudig kunt openen of als zachte wollen inleg kunt gebruiken.<\/p>\n<p data-start=\"930\" data-end=\"1103\">De zachte wol zorgt voor een comfortabele en geborgen plek voor je baby tijdens elke wandeling. Een duurzame en praktische voetenzak die niet mag ontbreken in de babyuitzet.<\/p>\n<p><strong>Merk: Woolskins<\/strong><br \/>\n<strong>Productie: Polen<\/strong><\/p>","protected":false},"featured_media":30289,"comment_status":"closed","ping_status":"closed","template":"","meta":{"_acf_changed":false},"product_brand":[],"product_cat":[361,360,364,499,196,336,194],"product_tag":[],"class_list":{"0":"post-30288","1":"product","2":"type-product","3":"status-publish","4":"has-post-thumbnail","6":"product_cat-babyshower","7":"product_cat-cadeautips","8":"product_cat-cadeaus-vanaf-e50","9":"product_cat-new-arrivals","10":"product_cat-slaapkleding-baby","11":"product_cat-voetenzakken","12":"product_cat-wollen-babyproducten","14":"first","15":"instock","16":"taxable","17":"shipping-taxable","18":"purchasable","19":"product-type-simple"},"acf":[],"_links":{"self":[{"href":"https:\/\/woolskins.eu\/pl\/wp-json\/wp\/v2\/product\/30288","targetHints":{"allow":["GET"]}}],"collection":[{"href":"https:\/\/woolskins.eu\/pl\/wp-json\/wp\/v2\/product"}],"about":[{"href":"https:\/\/woolskins.eu\/pl\/wp-json\/wp\/v2\/types\/product"}],"replies":[{"embeddable":true,"href":"https:\/\/woolskins.eu\/pl\/wp-json\/wp\/v2\/comments?post=30288"}],"wp:featuredmedia":[{"embeddable":true,"href":"https:\/\/woolskins.eu\/pl\/wp-json\/wp\/v2\/media\/30289"}],"wp:attachment":[{"href":"https:\/\/woolskins.eu\/pl\/wp-json\/wp\/v2\/media?parent=30288"}],"wp:term":[{"taxonomy":"product_brand","embeddable":true,"href":"https:\/\/woolskins.eu\/pl\/wp-json\/wp\/v2\/product_brand?post=30288"},{"taxonomy":"product_cat","embeddable":true,"href":"https:\/\/woolskins.eu\/pl\/wp-json\/wp\/v2\/product_cat?post=30288"},{"taxonomy":"product_tag","embeddable":true,"href":"https:\/\/woolskins.eu\/pl\/wp-json\/wp\/v2\/product_tag?post=30288"}],"curies":[{"name":"wp","href":"https:\/\/api.w.org\/{rel}","templated":true}]}}