{"id":30151,"date":"2026-04-04T09:18:15","date_gmt":"2026-04-04T09:18:15","guid":{"rendered":"https:\/\/woolskins.eu\/?post_type=product&#038;p=30151"},"modified":"2026-04-04T10:09:24","modified_gmt":"2026-04-04T10:09:24","slug":"a-basic-brand-babymuts-rib-beanie-brown","status":"publish","type":"product","link":"https:\/\/woolskins.eu\/pl\/a-basic-brand-babymuts-rib-beanie-brown\/","title":{"rendered":"A Basic Brand &#8211; Babymuts Rib Beanie | Brown"},"content":{"rendered":"<p>Bawe\u0142niana czapka typu beanie. Swobodna czapka i doskona\u0142y dodatek do garderoby Twojego malucha. Dost\u0119pny w trzech rozmiarach - od noworodka do doros\u0142ego. Ta szeroka gama rozmiar\u00f3w sprawia, \u017ce produkt marki A BABY BRAND jest idealny do dopasowywania dziecka do rodzica.<\/p>\n<p>STANDARD 100 od OEKO-TEX\u00ae<\/p>\n<p>Rozmiary<\/p>\n<p>S\u20130\/6m<br \/>\nM\u20136m\/2r<br \/>\nL\u20132y +<\/p>\n<h5>A Baby Brand<\/h5>\n<p>Odkryj prawdziwie minimalistyczn\u0105 garderob\u0119 pe\u0142n\u0105 praktycznych rzeczy. Mieszaj i dopasowuj nasze modele i kolory unisex. Bez logo, bez nadruku, bez zamieszania.<\/p>\n<p>Nasz\u0105 misj\u0105 jest u\u0142atwianie Ci \u017cycia, dlatego jedn\u0105 z g\u0142\u00f3wnych idei naszej filozofii jest PRAKTYKA. Bardzo troszczymy si\u0119 r\u00f3wnie\u017c o nasz\u0105 planet\u0119 i chcieliby\u015bmy, aby wszyscy prowadzili bardziej minimalistyczne \u017cycie, a tym samym zu\u017cywali mniej odzie\u017cy (#CONSUMEWISELY).<\/p>\n<p>Dlatego jako\u015b\u0107 naszych produkt\u00f3w jest najwy\u017csza z mo\u017cliwych. Mo\u017cesz ich u\u017cywa\u0107 przez lata i przekazywa\u0107 dalej, kiedy sko\u0144czysz. U\u017cywamy tkanin wierzchnich z Certyfikatem Bawe\u0142ny Organicznej GOTS oraz STANDARD 100 by OEKO-TEX\u00ae. Wszystkie nasze produkty mo\u017cna pra\u0107 w pralce i suszy\u0107 w suszarce tak cz\u0119sto, jak chcesz. Przekonasz si\u0119, \u017ce naszego bawe\u0142nianego polaru nie trzeba nawet prasowa\u0107, aby dobrze wygl\u0105da\u0142.<\/p>","protected":false},"excerpt":{"rendered":"<p>Minimalistische katoenen ribbeanie voor baby\u2019s en kinderen, gemaakt van zacht en ademend katoen met stretch voor een perfecte pasvorm. Deze duurzame baby muts is comfortabel, tijdloos en ideaal voor dagelijks gebruik. Dankzij het unisex design en brede maatbereik is hij perfect om te matchen met ouders en kinderen.<\/p>\n<p>Gemaakt van 97% katoen en 3% elastaan, gecertificeerd met OEKO-TEX\u00ae STANDARD 100,\u00a0veilig voor de gevoelige babyhuid. Een praktische en stijlvolle essential binnen een minimalistische baby garderobe.<\/p>","protected":false},"featured_media":30155,"comment_status":"closed","ping_status":"closed","template":"","meta":{"_acf_changed":false},"product_brand":[],"product_cat":[335,361,360,362,529,535,499],"product_tag":[],"class_list":{"0":"post-30151","1":"product","2":"type-product","3":"status-publish","4":"has-post-thumbnail","6":"product_cat-a_baby_brand","7":"product_cat-babyshower","8":"product_cat-cadeautips","9":"product_cat-cadeaus-tot-e-25","10":"product_cat-katoenen-babykleertjes","11":"product_cat-katoenen-babymuts-babysjaaltjes","12":"product_cat-new-arrivals","13":"pa_maat-l","14":"pa_maat-m","15":"pa_maat-s","17":"first","18":"instock","19":"taxable","20":"shipping-taxable","21":"purchasable","22":"product-type-variable"},"acf":[],"_links":{"self":[{"href":"https:\/\/woolskins.eu\/pl\/wp-json\/wp\/v2\/product\/30151","targetHints":{"allow":["GET"]}}],"collection":[{"href":"https:\/\/woolskins.eu\/pl\/wp-json\/wp\/v2\/product"}],"about":[{"href":"https:\/\/woolskins.eu\/pl\/wp-json\/wp\/v2\/types\/product"}],"replies":[{"embeddable":true,"href":"https:\/\/woolskins.eu\/pl\/wp-json\/wp\/v2\/comments?post=30151"}],"wp:featuredmedia":[{"embeddable":true,"href":"https:\/\/woolskins.eu\/pl\/wp-json\/wp\/v2\/media\/30155"}],"wp:attachment":[{"href":"https:\/\/woolskins.eu\/pl\/wp-json\/wp\/v2\/media?parent=30151"}],"wp:term":[{"taxonomy":"product_brand","embeddable":true,"href":"https:\/\/woolskins.eu\/pl\/wp-json\/wp\/v2\/product_brand?post=30151"},{"taxonomy":"product_cat","embeddable":true,"href":"https:\/\/woolskins.eu\/pl\/wp-json\/wp\/v2\/product_cat?post=30151"},{"taxonomy":"product_tag","embeddable":true,"href":"https:\/\/woolskins.eu\/pl\/wp-json\/wp\/v2\/product_tag?post=30151"}],"curies":[{"name":"wp","href":"https:\/\/api.w.org\/{rel}","templated":true}]}}