{"id":30015,"date":"2026-03-19T14:25:44","date_gmt":"2026-03-19T14:25:44","guid":{"rendered":"https:\/\/woolskins.eu\/?post_type=product&#038;p=30015"},"modified":"2026-03-20T12:44:56","modified_gmt":"2026-03-20T12:44:56","slug":"wollen-baby-winterpak-teddy-amandel","status":"publish","type":"product","link":"https:\/\/woolskins.eu\/pl\/wollen-baby-winterpak-teddy-amandel\/","title":{"rendered":"Wollen Baby Winterpak | Teddy Amandel"},"content":{"rendered":"<p>Dit product heeft o.a. het Safe for Children en het Woolmark keurmerk. Dit winterpak wordt gedragen over de kleding, houdt daar rekening mee wat de juiste maat betreft.<\/p>\n<p>\u2013 100% elastisch scheerwol, Woolmark keur.<br \/>\n\u2013 Zintegrowane r\u0119kawiczki i stopki w r\u0119kawie i nogawce.<br \/>\n\u2013 Otwarcie trwa w rurze.<br \/>\n\u2013 Sp\u00f3jrz na \u201eRozmiary w centymetrach\u201d, aby znale\u017a\u0107 w\u0142a\u015bciwy rozmiar w cm.<\/p>\n<p>Onze Eco Wollen Winterpakken\u00a0 zijn zeer geschikt voor de allerkleinste dankzij de natuurlijke eigenschappen van wolvezels. Deze ademen en hebben de eigenschap op te treden als een natuurlijke thermostaat die de lichaamstemperatuur reguleert? Dit helpt je baby in het onderhouden van een stabiele temperatuur en houdt je baby droog en comfortabel.<\/p>\n<p data-start=\"63\" data-end=\"427\"><strong data-start=\"63\" data-end=\"83\">Wasvoorschriften<\/strong><\/p>\n<p data-start=\"63\" data-end=\"427\">Om deze wollen Teddy stof mooi en zacht te houden, adviseren we om met de hand te wassen op een maximale temperatuur van 30 \u00b0C. Ga hierbij voorzichtig te werk en gebruik een mild wolwasmiddel. Vermijd bleekmiddelen, strijken, de droger en centrifugeren. Laat de stof liggend drogen zodat de vorm behouden blijft. Chemisch reinigen is ook mogelijk.<\/p>\n<p data-start=\"429\" data-end=\"552\">\u2728 <strong data-start=\"431\" data-end=\"439\">Tip:<\/strong> Wol hoeft niet vaak gewassen te worden. Even buiten laten luchten is vaak al genoeg om de stof fris te houden.<\/p>\n<p data-start=\"554\" data-end=\"817\">\ud83c\udf3f <strong data-start=\"557\" data-end=\"588\">Waarom wol zo bijzonder is: <\/strong>Wol is van nature zelfreinigend en vuilafstotend. Geurtjes verdwijnen eenvoudig door de stof te luchten en vuil hecht zich minder snel dan bij andere materialen. Zo blijft jouw wollen stof langer fris, zonder veel onderhoud.<\/p>\n<h5 class=\"Text1893342656__root Text1893342656---typography-11-runningText Text1893342656---priority-7-primary s8gg2 _2UIKs InfoSectionTitle3095652555__root\" aria-hidden=\"false\" data-hook=\"info-section-title\">Rozmiary w centymetrach<\/h5>\n<div class=\"rah-static rah-static--height-auto\" aria-hidden=\"false\">\n<div>\n<div class=\"_1yvxJ fggS- cell\">\n<div class=\"WncCi\" data-hook=\"info-section-description\">\n<p>Rozmiar: 0-6 miesi\u0119cy D\u0142ugo\u015b\u0107: 60 cm (od ramienia do do\u0142u) Szeroko\u015b\u0107: 30 cm (pod pachami).<br \/>\nRozmiar: 6-18 miesi\u0119cy D\u0142ugo\u015b\u0107: 68 cm (od ramienia do do\u0142u) Szeroko\u015b\u0107: 33 cm (pod pachami).<\/p>\n<\/div>\n<\/div>\n<\/div>\n<\/div>","protected":false},"excerpt":{"rendered":"<p>Dit elastische wollen Winterpak zit zeer comfortabel en is lekker warm. Gemaakt van 100% wol voor een extra blije baby. Het zorgt ervoor dat je kindje er helemaal klaar voor is om naar buiten te gaan. De opening loopt ver genoeg door zodat je je kindje er makkelijk in en uit kunt halen. Dankzij de handige omslagjes aan handen en voeten zal je kindje het niet koud krijgen. Dit pak is geschikt voor het voorjaar, winter en najaar. Dankzij de absorberende eigenschapen van wol zal je kindje niet snel gaan zweten. (Sfeerfoto&#8217;s zijn van de beige variant).<\/p>\n<p><strong>Merk: Woolskins<\/strong><br \/>\n<strong>Productie: Polen<\/strong><\/p>","protected":false},"featured_media":30021,"comment_status":"closed","ping_status":"closed","template":"","meta":{"_acf_changed":false},"product_brand":[],"product_cat":[200,499,196,344,319,463,194],"product_tag":[],"class_list":{"0":"post-30015","1":"product","2":"type-product","3":"status-publish","4":"has-post-thumbnail","6":"product_cat-wollen-babykleding","7":"product_cat-new-arrivals","8":"product_cat-slaapkleding-baby","9":"product_cat-kleertjes","10":"product_cat-pakjes-en-jasjes","11":"product_cat-winterpak","12":"product_cat-wollen-babyproducten","13":"pa_maat-0-6-maanden","14":"pa_maat-6-18-maanden","16":"first","17":"instock","18":"taxable","19":"shipping-taxable","20":"purchasable","21":"product-type-variable"},"acf":[],"_links":{"self":[{"href":"https:\/\/woolskins.eu\/pl\/wp-json\/wp\/v2\/product\/30015","targetHints":{"allow":["GET"]}}],"collection":[{"href":"https:\/\/woolskins.eu\/pl\/wp-json\/wp\/v2\/product"}],"about":[{"href":"https:\/\/woolskins.eu\/pl\/wp-json\/wp\/v2\/types\/product"}],"replies":[{"embeddable":true,"href":"https:\/\/woolskins.eu\/pl\/wp-json\/wp\/v2\/comments?post=30015"}],"wp:featuredmedia":[{"embeddable":true,"href":"https:\/\/woolskins.eu\/pl\/wp-json\/wp\/v2\/media\/30021"}],"wp:attachment":[{"href":"https:\/\/woolskins.eu\/pl\/wp-json\/wp\/v2\/media?parent=30015"}],"wp:term":[{"taxonomy":"product_brand","embeddable":true,"href":"https:\/\/woolskins.eu\/pl\/wp-json\/wp\/v2\/product_brand?post=30015"},{"taxonomy":"product_cat","embeddable":true,"href":"https:\/\/woolskins.eu\/pl\/wp-json\/wp\/v2\/product_cat?post=30015"},{"taxonomy":"product_tag","embeddable":true,"href":"https:\/\/woolskins.eu\/pl\/wp-json\/wp\/v2\/product_tag?post=30015"}],"curies":[{"name":"wp","href":"https:\/\/api.w.org\/{rel}","templated":true}]}}