{"id":28893,"date":"2026-02-10T13:58:28","date_gmt":"2026-02-10T13:58:28","guid":{"rendered":"https:\/\/woolskins.eu\/?post_type=product&#038;p=28893"},"modified":"2026-04-10T19:10:05","modified_gmt":"2026-04-10T19:10:05","slug":"wollen-babyslofjes","status":"publish","type":"product","link":"https:\/\/woolskins.eu\/pl\/wollen-babyslofjes\/","title":{"rendered":"Wollen Babyslofjes | Dark Chocolat"},"content":{"rendered":"<p>De wollen slofjes van Woolskins zijn verkrijgbaar in verschillende kleuren en maten, zodat je altijd de beste pasvorm voor je kindje kunt vinden. Dit product heeft o.a. het Safe for Children en het Woolmark keurmerk.<\/p>\n<p>\u2013 We\u0142na dziewicza 100%, znak rozpoznawczy Woolmark.<br \/>\n\u2013 Bardzo ciep\u0142a w domu lub w podr\u00f3\u017cy.<br \/>\n\u2013 Leuk binnenstebuiten te dragen.<br \/>\n\u2013 handig knoopje om de slofjes dicht te doen.<br \/>\n\u2013 Maat 0-6 mnd. (8cm) en 6-12 mnd. (12cm).<br \/>\n\u2013 Dost\u0119pne r\u00f3\u017cne kolory.<\/p>\n<h5>Woolskins Label<\/h5>\n<p>Na jarenlange succesvolle samenwerking met Alwero kunnen wij met trots aankondigen dat wij nu onze producten onder eigen Woolskins label voeren.<\/p>\n<p>Op deze manier krijg je nog steeds de beste kwaliteit maar dan gecombineerd met de leukste en unieke producten en ontwerpen.<\/p>\n<p>De kwaliteit van de stoffen en kleuren blijven zoals het altijd is geweest, alleen is er nu een grotere keus waarvan Woolskins denkt zich mee te kunnen onderscheiden.<\/p>\n<p>Onze brede collectie is zo samegesteld dat ze een goede aanvulling zijn op iedere babyuitzet, gemaakt van 100% Europees wol dat ademt en geschikt is voor elk seizoen.<\/p>\n<p>\u0141\u0105czymy si\u0142y z wielkim entuzjazmem, aby stworzy\u0107 trwa\u0142y, naturalny i jak najbardziej komfortowy produkt dla Twojego dziecka.<\/p>","protected":false},"excerpt":{"rendered":"<p>Onze comfortabele Babyslofjes zijn een perfecte keuze om de allerkleinste voetjes heerlijk mee warm te houden. Ze hebben alle goede eigenschappen van 100% ecologisch wol en nemen direct de temperatuur van het kindje aan wanneer je ze aantrekt. Wollen babyslofjes zijn tevens een super leuk en praktisch cadeau voor elke gelegenheid. Deze slofjes zijn ook leuk binnenstebuiten te dragen. Je kindje zal dol zijn op deze wollen slofjes.<\/p>\n<p><strong>Merk: Woolskins<\/strong><br \/>\n<strong>Producte: Polen<\/strong><\/p>","protected":false},"featured_media":29662,"comment_status":"closed","ping_status":"closed","template":"","meta":{"_acf_changed":false},"product_brand":[],"product_cat":[345,361,360,363,200,499,323,194],"product_tag":[],"class_list":{"0":"post-28893","1":"product","2":"type-product","3":"status-publish","4":"has-post-thumbnail","6":"product_cat-accessoires","7":"product_cat-babyshower","8":"product_cat-cadeautips","9":"product_cat-cadeaus-e25-e50","10":"product_cat-wollen-babykleding","11":"product_cat-new-arrivals","12":"product_cat-slofjes","13":"product_cat-wollen-babyproducten","14":"pa_maat-0-6-maanden-9cm","15":"pa_maat-6-12-maanden11cm","17":"first","18":"instock","19":"taxable","20":"shipping-taxable","21":"purchasable","22":"product-type-variable"},"acf":[],"_links":{"self":[{"href":"https:\/\/woolskins.eu\/pl\/wp-json\/wp\/v2\/product\/28893","targetHints":{"allow":["GET"]}}],"collection":[{"href":"https:\/\/woolskins.eu\/pl\/wp-json\/wp\/v2\/product"}],"about":[{"href":"https:\/\/woolskins.eu\/pl\/wp-json\/wp\/v2\/types\/product"}],"replies":[{"embeddable":true,"href":"https:\/\/woolskins.eu\/pl\/wp-json\/wp\/v2\/comments?post=28893"}],"wp:featuredmedia":[{"embeddable":true,"href":"https:\/\/woolskins.eu\/pl\/wp-json\/wp\/v2\/media\/29662"}],"wp:attachment":[{"href":"https:\/\/woolskins.eu\/pl\/wp-json\/wp\/v2\/media?parent=28893"}],"wp:term":[{"taxonomy":"product_brand","embeddable":true,"href":"https:\/\/woolskins.eu\/pl\/wp-json\/wp\/v2\/product_brand?post=28893"},{"taxonomy":"product_cat","embeddable":true,"href":"https:\/\/woolskins.eu\/pl\/wp-json\/wp\/v2\/product_cat?post=28893"},{"taxonomy":"product_tag","embeddable":true,"href":"https:\/\/woolskins.eu\/pl\/wp-json\/wp\/v2\/product_tag?post=28893"}],"curies":[{"name":"wp","href":"https:\/\/api.w.org\/{rel}","templated":true}]}}