{"id":27939,"date":"2025-12-05T11:47:31","date_gmt":"2025-12-05T11:47:31","guid":{"rendered":"https:\/\/woolskins.eu\/?post_type=product&#038;p=27939"},"modified":"2026-03-13T13:55:59","modified_gmt":"2026-03-13T13:55:59","slug":"schapenvacht-voor-baby-natural-spotted-special-edition","status":"publish","type":"product","link":"https:\/\/woolskins.eu\/pl\/schapenvacht-voor-baby-natural-spotted-special-edition\/","title":{"rendered":"Schapenvacht voor baby &#8211; Natural Spotted Special Edition"},"content":{"rendered":"<p>Sk\u00f3ry owcze Woolskins Baby-Care maj\u0105 kr\u00f3tsz\u0105 sier\u015b\u0107, dzi\u0119ki czemu s\u0105 bezpieczne dla dzieci. S\u0105 odpowiednie od urodzenia, a poniewa\u017c s\u0105 przetwarzane z my\u015bl\u0105 o \u015brodowisku, chroni\u0105 zar\u00f3wno maluchy, jak i planet\u0119. W domu lub w podr\u00f3\u017cy tworzysz komfortowe \u015brodowisko, w kt\u00f3rym Twoje dziecko czuje si\u0119 szcz\u0119\u015bliwe i zrelaksowane. Czy wiesz, \u017ce sk\u00f3ra owcza jest zdrowa r\u00f3wnie\u017c dla Twojego dziecka?<\/p>\n<p>\u2013 D\u0142ugo\u015b\u0107 90-100cm \/ futro 3cm.<br \/>\n\u2013 Mi\u0119kka i zwarta sier\u015b\u0107.<br \/>\n&#8211; <span style=\"color: #000000;\"><strong>NIE<\/strong> <\/span>mo\u017cna pra\u0107 w pralce i suszy\u0107.<br \/>\n- \u0141atwe w utrzymaniu.<\/p>\n<p>Zam\u00f3w szczotk\u0119 do piel\u0119gnacji, aby zachowa\u0107 pi\u0119kno swojej sier\u015bci przez d\u0142ugi czas i\/lub spersonalizuj futerko danymi dotycz\u0105cymi urodzenia Twojego\/dziecka. Pi\u0119kny i wyj\u0105tkowy prezent, dost\u0119pny wy\u0142\u0105cznie w Woolskins. Standardowo \u201egotowy na prezent\u201d zapakowany z osobist\u0105 notatk\u0105.<\/p>\n<p><strong>Charakterystyka Komfortowa sk\u00f3ra owcza<\/strong><\/p>\n<p>Ta sk\u00f3ra owcza Baby-Care pochodzi od angielskiej owcy. Jest to bardzo mi\u0119kka i \u0142adnie zwarta sier\u015b\u0107. Ten komfortowy p\u0142aszcz to \u201eko\u017cuch\u201d, kt\u00f3ry znamy z przesz\u0142o\u015bci, golili\u015bmy go tylko do kr\u00f3tkiej d\u0142ugo\u015bci. Bardzo bezpieczny. Podobnie jak wszystkie inne nasze p\u0142aszcze, w\u0142\u00f3kna we\u0142niane oddychaj\u0105. Pomaga to dziecku utrzyma\u0107 stabiln\u0105 temperatur\u0119 i zapewnia sucho\u015b\u0107 i wygod\u0119. Ch\u0142odne latem i ciep\u0142e zim\u0105.<\/p>\n<p><strong>Przyjazny dla \u015brodowiska<\/strong><\/p>\n<p>Wszystkie \u015brodki stosowane w garbowaniu i wyka\u0144czaniu s\u0105 zgodne z podstawowymi dyrektywami UE dotycz\u0105cymi zachowania i ochrony \u015brodowiska.<\/p>\n<p>Nasze sk\u00f3ry s\u0105 garbowane zgodnie z przepisami REACH, kt\u00f3re zosta\u0142y przyj\u0119te w celu poprawy ochrony zdrowia ludzi i \u015brodowiska przed zagro\u017ceniami stwarzanymi przez chemikalia, przy jednoczesnym zwi\u0119kszeniu konkurencyjno\u015bci unijnego przemys\u0142u chemicznego. Do produkcji nie stosuje si\u0119 barwnik\u00f3w AZO.<\/p>\n<p>PRODUKTY EKOLOGICZNE \u2013 Sk\u00f3ry owcze s\u0105 przyjazne dla \u015brodowiska, ich przetwarzanie i obr\u00f3bka s\u0105 bezpieczne dla doros\u0142ych i dzieci. Sk\u00f3ry owcze s\u0105 biodegradowalne, organiczne.<\/p>\n<p>Woolskins nie sprzedaje sk\u00f3r owczych typu mules! Mulesingu nie stosuje si\u0119 u owiec europejskich, poniewa\u017c paso\u017cyt, kt\u00f3ry powoduje, \u017ce rolnicy stosuj\u0105 mulesing, nie wyst\u0119puje w Europie.<\/p>\n<p><strong>\u015api\u0105cy na brzuchu\u2026 uwa\u017caj!<\/strong><\/p>\n<p>Niemowl\u0119ta, kt\u00f3re \u015bpi\u0105 na brzuchu przez pierwsze 12 miesi\u0119cy, ze wzgl\u0119d\u00f3w bezpiecze\u0144stwa nie powinny spa\u0107 na niczym mi\u0119kkim, poniewa\u017c mo\u017ce to by\u0107 niebezpieczne. Dlatego radzimy m\u0105drze u\u017cywa\u0107 p\u0142aszcza Woolskins! Zawsze zwracaj uwag\u0119, kiedy Twoje dziecko le\u017cy na brzuchu lub \u015bpi i upewnij si\u0119, \u017ce jest ono zawsze nadzorowane.<\/p>","protected":false},"excerpt":{"rendered":"<p data-start=\"88\" data-end=\"161\"><strong data-start=\"88\" data-end=\"161\">Zacht, natuurlijk en exclusief schapenvachtje voor baby\u2019s \u2013 Woolskins<\/strong><\/p>\n<p data-start=\"163\" data-end=\"496\">Geef je kindje het allerbeste met dit hoogwaardige schapenvachtje van Woolskins. Deze <strong data-start=\"249\" data-end=\"277\">zeer gelimiteerde oplage<\/strong> bestaat uit <strong data-start=\"290\" data-end=\"329\">puur natuurlijke, gevlekte vachtjes<\/strong> \u2013 volledig <strong data-start=\"341\" data-end=\"354\">ongeverfd<\/strong>, in tegenstelling tot wat je vaak ziet bij collega-merken. Door het natuurlijke patroon is <strong data-start=\"446\" data-end=\"474\">ieder vachtje \u00e9cht uniek<\/strong> in kleur en tekening.\u00a0De vachten zijn afkomstig van <strong data-start=\"528\" data-end=\"548\">Europese schapen<\/strong> en worden ook <strong data-start=\"563\" data-end=\"584\">in Europa gelooid<\/strong> volgens hoge ecologische normen. Het vachtje is perfect te gebruiken als zacht, comfortabel oppervlak in de wieg, box of op de vloer.\u00a0De natuurlijke wol werkt temperatuurregulerend, ondersteunt een gezonde lichaamstemperatuur en is zacht voor de gevoelige babyhuid. Bovendien heeft het een rustgevend en omhullend effect, waardoor je kindje zich ontspannen voelt tijdens zowel spel- als rustmomenten.\u00a0Duurzaam, onderhoudsvriendelijk en extra bijzonder dankzij het unieke, natuurlijke karakter van elke vacht. Meer informatie lees je bij <em data-start=\"1124\" data-end=\"1143\">productinformatie<\/em> hieronder.<\/p>\n<p><strong>Merk: Woolskins<\/strong><br \/>\n<strong>Land: Polen<\/strong><\/p>","protected":false},"featured_media":29949,"comment_status":"closed","ping_status":"closed","template":"","meta":{"_acf_changed":false},"product_brand":[],"product_cat":[361,360,364,499,216,354],"product_tag":[],"class_list":{"0":"post-27939","1":"product","2":"type-product","3":"status-publish","4":"has-post-thumbnail","6":"product_cat-babyshower","7":"product_cat-cadeautips","8":"product_cat-cadeaus-vanaf-e50","9":"product_cat-new-arrivals","10":"product_cat-schapenvacht-voor-baby","11":"product_cat-woolskins","13":"first","14":"instock","15":"taxable","16":"shipping-taxable","17":"purchasable","18":"product-type-variable","19":"has-default-attributes"},"acf":[],"_links":{"self":[{"href":"https:\/\/woolskins.eu\/pl\/wp-json\/wp\/v2\/product\/27939","targetHints":{"allow":["GET"]}}],"collection":[{"href":"https:\/\/woolskins.eu\/pl\/wp-json\/wp\/v2\/product"}],"about":[{"href":"https:\/\/woolskins.eu\/pl\/wp-json\/wp\/v2\/types\/product"}],"replies":[{"embeddable":true,"href":"https:\/\/woolskins.eu\/pl\/wp-json\/wp\/v2\/comments?post=27939"}],"wp:featuredmedia":[{"embeddable":true,"href":"https:\/\/woolskins.eu\/pl\/wp-json\/wp\/v2\/media\/29949"}],"wp:attachment":[{"href":"https:\/\/woolskins.eu\/pl\/wp-json\/wp\/v2\/media?parent=27939"}],"wp:term":[{"taxonomy":"product_brand","embeddable":true,"href":"https:\/\/woolskins.eu\/pl\/wp-json\/wp\/v2\/product_brand?post=27939"},{"taxonomy":"product_cat","embeddable":true,"href":"https:\/\/woolskins.eu\/pl\/wp-json\/wp\/v2\/product_cat?post=27939"},{"taxonomy":"product_tag","embeddable":true,"href":"https:\/\/woolskins.eu\/pl\/wp-json\/wp\/v2\/product_tag?post=27939"}],"curies":[{"name":"wp","href":"https:\/\/api.w.org\/{rel}","templated":true}]}}