{"id":27924,"date":"2025-12-05T10:53:46","date_gmt":"2025-12-05T10:53:46","guid":{"rendered":"https:\/\/woolskins.eu\/?post_type=product&#038;p=27924"},"modified":"2026-03-13T12:49:14","modified_gmt":"2026-03-13T12:49:14","slug":"schapenvacht-voor-kinderwagen-natural-spotted-special-edition","status":"publish","type":"product","link":"https:\/\/woolskins.eu\/pl\/schapenvacht-voor-kinderwagen-natural-spotted-special-edition\/","title":{"rendered":"Schapenvacht voor Kinderwagen &#8211; Natural Spotted Special Edition"},"content":{"rendered":"<p>Sk\u00f3ra jagni\u0119ca Eco Baby-Care jest specjalnie przyci\u0119ta na wymiar do u\u017cytku w w\u00f3zku, \u0142\u00f3\u017ceczku, foteliku samochodowym lub koszu Moj\u017cesza. Bardzo wygodna w podr\u00f3\u017cy iw domu. Idealny na d\u0142ugie wakacyjne wyjazdy do ciep\u0142ych kraj\u00f3w. Jest niezwykle wygodna, poniewa\u017c oddycha i natychmiast wch\u0142ania pot, nie czuj\u0105c przy tym wilgoci\/wilgotno\u015bci dla Twojego dziecka.<\/p>\n<p>\u2013 Wymiary 75 x 45 cm, runo 3 cm.<br \/>\n\u2013 Naci\u0119cia na pasy bezpiecze\u0144stwa 3 i 5 pkt.<br \/>\n\u2013 Mi\u0119kka i zwarta we\u0142na.<br \/>\n\u2013 <strong>NIE<\/strong> \u2013 Mo\u017cna pra\u0107 w pralce i suszy\u0107.<br \/>\n- \u0141atwe w utrzymaniu.<\/p>\n<h5><b>Wygodna podr\u00f3\u017c<\/b><\/h5>\n<p>W\u0142\u00f3kna we\u0142niane oddychaj\u0105 i dzia\u0142aj\u0105 jak naturalny termostat reguluj\u0105cy temperatur\u0119 cia\u0142a? Pomaga to Twojemu dziecku utrzyma\u0107 stabiln\u0105 temperatur\u0119 oraz zapewnia sucho\u015b\u0107 i wygod\u0119. Robi to \u201edynamicznie\u201d, co oznacza, \u017ce dzieje si\u0119 to wtedy, gdy jest to potrzebne, a nie wtedy, gdy nie jest. Ciep\u0142o zim\u0105 i ch\u0142odne latem.<\/p>\n<p>P\u0142aszcze Woolskins Baby-Care maj\u0105 kr\u00f3tszy p\u0142aszcz, dzi\u0119ki czemu s\u0105 odporne na dziecko. S\u0105 odpowiednie od urodzenia, a poniewa\u017c s\u0105 przetwarzane z my\u015bl\u0105 o \u015brodowisku, chroni\u0105 zar\u00f3wno najm\u0142odszych, jak i planet\u0119. W domu lub w podr\u00f3\u017cy tworzysz komfortowe \u015brodowisko, w kt\u00f3rym Twoje dziecko czuje si\u0119 szcz\u0119\u015bliwe i zrelaksowane. Standardowy \u201egotowy na prezent\u201d zapakowany w osobist\u0105 notatk\u0119.<\/p>\n<h5><strong>Charakterystyka Komfortowa sk\u00f3ra owcza<\/strong><\/h5>\n<p>Ta ko\u017cuch Baby-Care pochodzi od angielskiej owcy. Jest to bardzo mi\u0119kka i przyjemna zwarta sk\u00f3ra owcza. Ten ko\u017cuszek Comfort to \u201etaka sk\u00f3ra, jak\u0105 znamy z przesz\u0142o\u015bci, mieli\u015bmy j\u0105 tylko ogolon\u0105 na kr\u00f3tk\u0105 d\u0142ugo\u015b\u0107. Tak bezpieczny. Podobnie jak wszystkie nasze sk\u00f3ry owcze, w\u0142\u00f3kna we\u0142ny oddychaj\u0105. Pomaga to Twojemu dziecku utrzyma\u0107 sta\u0142\u0105 temperatur\u0119 oraz zapewnia sucho\u015b\u0107 i wygod\u0119. Ch\u0142odno latem i ciep\u0142o zim\u0105.<\/p>\n<h5><b>Przyjazny dla \u015brodowiska<\/b><\/h5>\n<p>Wszystkie \u015brodki stosowane w garbowaniu i wyka\u0144czaniu s\u0105 zgodne z podstawowymi dyrektywami UE dotycz\u0105cymi zachowania i ochrony \u015brodowiska.<\/p>\n<p>Nasze sk\u00f3ry owcze s\u0105 garbowane zgodnie z przepisami REACH przyj\u0119tymi w celu poprawy ochrony zdrowia ludzkiego i \u015brodowiska przed zagro\u017ceniami, jakie mog\u0105 stwarza\u0107 chemikalia, przy jednoczesnym zwi\u0119kszeniu konkurencyjno\u015bci przemys\u0142u chemicznego UE. Do produkcji nie stosuje si\u0119 barwnik\u00f3w AZO.<\/p>\n<p>PRODUKTY EKOLOGICZNE \u2013 Sk\u00f3ry owcze s\u0105 przyjazne dla \u015brodowiska, ich przetwarzanie i obr\u00f3bka s\u0105 bezpieczne dla doros\u0142ych i dzieci. Sk\u00f3ry owcze s\u0105 biodegradowalne, organiczne.<\/p>\n<p>Woolskins nie sprzedaje sk\u00f3r owczych z owiec, w kt\u00f3rych stosuje si\u0119 Mulesing! U owiec europejskich (w przeciwie\u0144stwie np. do owiec australijskich) nie stosuje si\u0119 mulesingu, poniewa\u017c paso\u017cyt, kt\u00f3ry powoduje, \u017ce rolnicy u\u017cywaj\u0105 mulesingu, nie wyst\u0119puje w Europie.<\/p>\n<h5><b>\u015api\u0105cy na brzuchu\u2026 uwa\u017caj!<\/b><\/h5>\n<p>Niemowl\u0119ta, kt\u00f3re \u015bpi\u0105 na brzuchu przez pierwsze 12 miesi\u0119cy, ze wzgl\u0119d\u00f3w bezpiecze\u0144stwa nie powinny spa\u0107 na niczym mi\u0119kkim, poniewa\u017c mo\u017ce to by\u0107 niebezpieczne. Dlatego radzimy m\u0105drze u\u017cywa\u0107 p\u0142aszcza Woolskins! Zawsze zwracaj uwag\u0119, kiedy Twoje dziecko le\u017cy na brzuchu lub \u015bpi i upewnij si\u0119, \u017ce jest ono zawsze nadzorowane.<\/p>","protected":false},"excerpt":{"rendered":"<p data-start=\"91\" data-end=\"164\"><strong data-start=\"91\" data-end=\"164\">Zacht, natuurlijk en exclusief schapenvachtje voor baby\u2019s \u2013 Woolskins<\/strong><\/p>\n<p data-start=\"166\" data-end=\"501\">Geef je kindje het allerbeste met dit hoogwaardige schapenvachtje van Woolskins. Deze <strong data-start=\"252\" data-end=\"280\">zeer gelimiteerde oplage<\/strong> is gemaakt van <strong data-start=\"296\" data-end=\"335\">puur natuurlijke, gevlekte vachtjes<\/strong> \u2013 dus <strong data-start=\"342\" data-end=\"358\">niet geverfd<\/strong>, zoals je vaak ziet bij collega-merken. Doordat de vachtjes volledig naturel zijn, is <strong data-start=\"445\" data-end=\"479\">ieder exemplaar absoluut uniek<\/strong> in kleur en tekening.<\/p>\n<p data-start=\"503\" data-end=\"857\">Alle vachten zijn afkomstig van <strong data-start=\"535\" data-end=\"555\">Europese schapen<\/strong> en worden ook <strong data-start=\"570\" data-end=\"591\">in Europa gelooid<\/strong> volgens hoge ecologische standaarden. Het vachtje is veilig kort geschoren voor baby\u2019s en ideaal voor gebruik in de kinderwagen, Maxi-Cosi of Mosesmand. Dankzij de handige openingen voor de 5-puntsgordel zet je je kindje veilig vast zonder in te leveren op comfort.<\/p>\n<p data-start=\"859\" data-end=\"1109\">De natuurlijke wol werkt temperatuurregulerend en is hypoallergeen, waardoor het zacht en veilig is voor de gevoelige babyhuid. Daarnaast heeft het een rustgevend, omhullend effect, waardoor je kindje zich ontspannen voelt \u2013 zowel onderweg als thuis.<\/p>\n<p data-start=\"1111\" data-end=\"1267\">Duurzaam, onderhoudsvriendelijk en extra bijzonder doordat <strong data-start=\"1170\" data-end=\"1205\">geen enkel vachtje hetzelfde is<\/strong>. Meer informatie lees je onder <em data-start=\"1237\" data-end=\"1256\">productinformatie<\/em> hieronder.<\/p>\n<p><strong>Merk: Woolskins<\/strong><br \/>\n<strong>Land: Polen<\/strong><\/p>","protected":false},"featured_media":27933,"comment_status":"closed","ping_status":"closed","template":"","meta":{"_acf_changed":false},"product_brand":[],"product_cat":[499,222,354],"product_tag":[372],"class_list":{"0":"post-27924","1":"product","2":"type-product","3":"status-publish","4":"has-post-thumbnail","6":"product_cat-new-arrivals","7":"product_cat-buggy-schapenvachtjes","8":"product_cat-woolskins","9":"product_tag-populair","11":"first","12":"instock","13":"taxable","14":"shipping-taxable","15":"purchasable","16":"product-type-variable","17":"has-default-attributes"},"acf":[],"_links":{"self":[{"href":"https:\/\/woolskins.eu\/pl\/wp-json\/wp\/v2\/product\/27924","targetHints":{"allow":["GET"]}}],"collection":[{"href":"https:\/\/woolskins.eu\/pl\/wp-json\/wp\/v2\/product"}],"about":[{"href":"https:\/\/woolskins.eu\/pl\/wp-json\/wp\/v2\/types\/product"}],"replies":[{"embeddable":true,"href":"https:\/\/woolskins.eu\/pl\/wp-json\/wp\/v2\/comments?post=27924"}],"wp:featuredmedia":[{"embeddable":true,"href":"https:\/\/woolskins.eu\/pl\/wp-json\/wp\/v2\/media\/27933"}],"wp:attachment":[{"href":"https:\/\/woolskins.eu\/pl\/wp-json\/wp\/v2\/media?parent=27924"}],"wp:term":[{"taxonomy":"product_brand","embeddable":true,"href":"https:\/\/woolskins.eu\/pl\/wp-json\/wp\/v2\/product_brand?post=27924"},{"taxonomy":"product_cat","embeddable":true,"href":"https:\/\/woolskins.eu\/pl\/wp-json\/wp\/v2\/product_cat?post=27924"},{"taxonomy":"product_tag","embeddable":true,"href":"https:\/\/woolskins.eu\/pl\/wp-json\/wp\/v2\/product_tag?post=27924"}],"curies":[{"name":"wp","href":"https:\/\/api.w.org\/{rel}","templated":true}]}}