{"id":25319,"date":"2025-06-17T12:58:53","date_gmt":"2025-06-17T12:58:53","guid":{"rendered":"https:\/\/woolskins.eu\/?post_type=product&#038;p=25319"},"modified":"2025-12-17T11:40:25","modified_gmt":"2025-12-17T11:40:25","slug":"zaffiro-multifunctionele-wollen-wikkeldeken-felted-lichtgrijs","status":"publish","type":"product","link":"https:\/\/woolskins.eu\/pl\/zaffiro-multifunctionele-wollen-wikkeldeken-felted-lichtgrijs\/","title":{"rendered":"Zaffiro | Multifunctionele Wollen Wikkeldeken | Felted Lichtgrijs"},"content":{"rendered":"<p data-start=\"265\" data-end=\"343\"><strong>Wollen Wikkeldeken voor Baby\u2019s \u2013 Natuurlijk Warm en Veilig met Zaffiro<\/strong><\/p>\n<p data-start=\"345\" data-end=\"628\">De wollen wikkeldeken voor baby\u2019s van Zaffiro is de ideale keuze voor ouders die op zoek zijn naar een natuurlijke en ademende babydeken. Deze veelzijdige baby wrapper is geschikt voor gebruik in de autostoel, kinderwagen, Moses mand of gewoon lekker thuis.\u00a0Gemaakt van 100% natuurlijke schapenwol, biedt deze wikkeldeken uitstekende temperatuurregulatie. Wolvezels werken als een natuurlijke thermostaat: ze houden je baby warm in de kou en zorgen ervoor dat je kindje niet oververhit raakt. Zo blijft je baby altijd droog, comfortabel en op de juiste temperatuur, ongeacht het seizoen.\u00a0De wol is van nature hypoallergeen, antibacterieel en zelfreinigend. Dit betekent dat de deken geuren neutraliseert, vuil afstoot en hygi\u00ebnisch blijft, zonder dat je hem vaak hoeft te wassen.\u00a0Dankzij de slimme gordelopeningen is de wikkeldeken geschikt voor alle soorten veiligheidsriemen in autostoelen en kinderwagens \u2013 eenvoudig en veilig in gebruik.<\/p>\n<p>\u2013 100% premium scheerwol, Felted Dubbellaags.<br \/>\n\u2013 Geschikt voor 0-12 maanden.<br \/>\n\u2013 Trekkoord in de kraag om het hoofdje van het kind te beschermen.<br \/>\n\u2013 Handige openingen voor de veiligheidsriempjes (3- &amp; 5-punts).<br \/>\n\u2013 lengte 112<span style=\"color: #000000;\"> cm x breedte 112 cm.<\/span><br \/>\n\u2013 mo\u017cna pra\u0107 w programie do prania we\u0142ny w 30\u00b0C.<\/p>\n<p data-start=\"218\" data-end=\"276\"><strong>Over Zaffiro \u2013 Vakmanschap &amp; Verbinding sinds 1989<\/strong><\/p>\n<p data-start=\"278\" data-end=\"558\">Zaffiro is een Pools familiebedrijf dat zich sinds 1989 toelegt op de productie van hoogwaardige baby- en kinderproducten. Met export naar meer dan 40 landen wereldwijd, staat Zaffiro bekend om producten die ouder-kindbinding, comfort en veiligheid centraal stellen.\u00a0Het merk is ontstaan vanuit de overtuiging dat de eerste momenten met je baby essentieel zijn voor een hechte band. Daarom ontwikkelt Zaffiro producten die ouders ondersteunen in deze bijzondere periode \u2013 van ergonomische draagdoeken tot natuurlijke wollen dekens.\u00a0We combineren eeuwenoude tradities, zoals het \u2018hart-op-hart\u2019 dragen van baby\u2019s, met inzichten uit modern psychologisch onderzoek. Zo cre\u00ebren we praktische, liefdevolle en veilige oplossingen voor een warme start in het leven.<\/p>","protected":false},"excerpt":{"rendered":"<p data-start=\"250\" data-end=\"343\"><strong data-start=\"254\" data-end=\"343\">Wollen omslagdoek voor baby\u2019s \u2013 geschikt voor thuis, Maxi-Cosi, autostoel en kinderwagen (0\u201312 maanden)<\/strong><\/p>\n<p data-start=\"345\" data-end=\"573\">Deze hoogwaardige multifunctionele wollen omslagdoek voor baby\u2019s is perfect om je pasgeboren kindje of baby tot 12 maanden veilig en warm in te wikkelen, of je nu op pad bent met de Maxi-Cosi, kinderwagen, draagmand of gewoon thuis. Gemaakt van 100% natuurlijke gevilte schapenwol, staat deze omslagdoek bekend om zijn ademende, temperatuurregulerende en hypoallergene eigenschappen. Wol houdt de warmte uitstekend vast zonder dat je baby oververhit raakt, het neemt makkelijk zweet op waardoor je baby zich uiterst comfortabel zal voelen. Dankzij de handige openingen voor 3- en 5-puntsgordels is de doek eenvoudig te bevestigen in vrijwel alle autostoelen en kinderwagens. Zo combineer je comfort met veiligheid, waar je ook bent.<\/p>\n<p data-start=\"1058\" data-end=\"1268\">De wollen omslagdoek is ideaal voor gebruik in het voorjaar, najaar en de winter. Ook heel geschikt als kraamcadeau of voor ouders die waarde hechten aan natuurlijke materialen en comfort voor hun baby.<\/p>\n<div class=\"woocommerce-product-details__short-description\">\n<p><strong>Merk: Zaffiro<\/strong><br \/>\n<strong>Productie: Polen<br \/>\nKeur: Oeko-Tex Standard<\/strong><\/p>\n<p><img loading=\"lazy\" decoding=\"async\" class=\"alignnone wp-image-28173 entered lazyloaded\" src=\"https:\/\/woolskins.eu\/wp-content\/uploads\/2024\/05\/csm_OEKO-TEX_Logo_2022_rgb_c1aaeb5ceb-300x300.jpg\" alt=\"\" width=\"89\" height=\"89\" data-lazy-src=\"https:\/\/woolskins.eu\/wp-content\/uploads\/2024\/05\/csm_OEKO-TEX_Logo_2022_rgb_c1aaeb5ceb-300x300.jpg\" data-ll-status=\"loaded\" srcset=\"https:\/\/woolskins.eu\/wp-content\/uploads\/2024\/05\/csm_OEKO-TEX_Logo_2022_rgb_c1aaeb5ceb-300x300.jpg 300w, https:\/\/woolskins.eu\/wp-content\/uploads\/2024\/05\/csm_OEKO-TEX_Logo_2022_rgb_c1aaeb5ceb-150x150.jpg 150w, https:\/\/woolskins.eu\/wp-content\/uploads\/2024\/05\/csm_OEKO-TEX_Logo_2022_rgb_c1aaeb5ceb-768x769.jpg 768w, https:\/\/woolskins.eu\/wp-content\/uploads\/2024\/05\/csm_OEKO-TEX_Logo_2022_rgb_c1aaeb5ceb-12x12.jpg 12w, https:\/\/woolskins.eu\/wp-content\/uploads\/2024\/05\/csm_OEKO-TEX_Logo_2022_rgb_c1aaeb5ceb-600x601.jpg 600w, https:\/\/woolskins.eu\/wp-content\/uploads\/2024\/05\/csm_OEKO-TEX_Logo_2022_rgb_c1aaeb5ceb-100x100.jpg 100w, https:\/\/woolskins.eu\/wp-content\/uploads\/2024\/05\/csm_OEKO-TEX_Logo_2022_rgb_c1aaeb5ceb-64x64.jpg 64w, https:\/\/woolskins.eu\/wp-content\/uploads\/2024\/05\/csm_OEKO-TEX_Logo_2022_rgb_c1aaeb5ceb.jpg 885w\" sizes=\"auto, (max-width: 89px) 100vw, 89px\" \/><\/p>\n<\/div>","protected":false},"featured_media":25335,"comment_status":"open","ping_status":"closed","template":"","meta":{"_acf_changed":false},"product_brand":[],"product_cat":[502,499,370,336,321],"product_tag":[],"class_list":{"0":"post-25319","1":"product","2":"type-product","3":"status-publish","4":"has-post-thumbnail","6":"product_cat-zaffiro","7":"product_cat-new-arrivals","8":"product_cat-slaapzakken","9":"product_cat-voetenzakken","10":"product_cat-wikkeldekens","12":"first","13":"instock","14":"taxable","15":"shipping-taxable","16":"purchasable","17":"product-type-simple"},"acf":[],"_links":{"self":[{"href":"https:\/\/woolskins.eu\/pl\/wp-json\/wp\/v2\/product\/25319","targetHints":{"allow":["GET"]}}],"collection":[{"href":"https:\/\/woolskins.eu\/pl\/wp-json\/wp\/v2\/product"}],"about":[{"href":"https:\/\/woolskins.eu\/pl\/wp-json\/wp\/v2\/types\/product"}],"replies":[{"embeddable":true,"href":"https:\/\/woolskins.eu\/pl\/wp-json\/wp\/v2\/comments?post=25319"}],"wp:featuredmedia":[{"embeddable":true,"href":"https:\/\/woolskins.eu\/pl\/wp-json\/wp\/v2\/media\/25335"}],"wp:attachment":[{"href":"https:\/\/woolskins.eu\/pl\/wp-json\/wp\/v2\/media?parent=25319"}],"wp:term":[{"taxonomy":"product_brand","embeddable":true,"href":"https:\/\/woolskins.eu\/pl\/wp-json\/wp\/v2\/product_brand?post=25319"},{"taxonomy":"product_cat","embeddable":true,"href":"https:\/\/woolskins.eu\/pl\/wp-json\/wp\/v2\/product_cat?post=25319"},{"taxonomy":"product_tag","embeddable":true,"href":"https:\/\/woolskins.eu\/pl\/wp-json\/wp\/v2\/product_tag?post=25319"}],"curies":[{"name":"wp","href":"https:\/\/api.w.org\/{rel}","templated":true}]}}