{"id":21955,"date":"2024-10-18T09:57:29","date_gmt":"2024-10-18T09:57:29","guid":{"rendered":"https:\/\/woolskins.eu\/?post_type=product&#038;p=21955"},"modified":"2025-10-14T18:39:50","modified_gmt":"2025-10-14T18:39:50","slug":"a-basic-brand-wollen-kinder-bodywarmer-zwart","status":"publish","type":"product","link":"https:\/\/woolskins.eu\/pl\/a-basic-brand-wollen-kinder-bodywarmer-zwart\/","title":{"rendered":"A Basic Brand &#8211; Wollen Kinder Bodywarmer | zwart"},"content":{"rendered":"<h6><strong>A Baby Brand<\/strong><\/h6>\n<p>Ocieplacz we\u0142na 100%. Cudownie ciep\u0142e i wygodne, ca\u0142kowicie naturalne, oddychaj\u0105ce i super biodrowe. Kardigan ma ma\u0142e kieszonki i jest zapinany na suwak. No\u015b j\u0105 na bluzie w wietrzny dzie\u0144 lub pod kurtk\u0105 w naprawd\u0119 ch\u0142odne dni. Ten kardigan jest r\u00f3wnie\u017c dost\u0119pny dla mam.<\/p>\n<p>Mieszanina<br \/>\nWe\u0142na 100%.<\/p>\n<p>Rozmiary:<\/p>\n<p>6m \u2013 70cm<br \/>\n1 rok \u2013 86 cm<br \/>\n2 lata \u2013 92 cm<br \/>\n4 lata \u2013 104 cm<br \/>\n6 lat \u2013 116 cm<\/p>\n<p>Instrukcja prania:<\/p>\n<p>Zalecamy r\u0119czne mycie naszych produkt\u00f3w w ciep\u0142ej wodzie z u\u017cyciem p\u0142ynu do mycia naczy\u0144 z lanolin\u0105.<\/p>","protected":false},"excerpt":{"rendered":"<h6><strong>A Baby Brand<\/strong><\/h6>\n<p>Cudownie ciep\u0142y i wygodny we\u0142niany bezr\u0119kawnik. Ten kardigan ma zamek b\u0142yskawiczny i kieszenie i mo\u017cna go dobrze \u0142\u0105czy\u0107 ze wszystkimi innymi naszymi produktami. Dost\u0119pne r\u00f3wnie\u017c w wi\u0119kszych rozmiarach dla mam z we\u0142ny 100%.<\/p>","protected":false},"featured_media":21969,"comment_status":"open","ping_status":"closed","template":"","meta":{"_acf_changed":false},"product_brand":[],"product_cat":[335,360,363,200,337,413,344],"product_tag":[423,424,420,421,422,425],"class_list":{"0":"post-21955","1":"product","2":"type-product","3":"status-publish","4":"has-post-thumbnail","6":"product_cat-a_baby_brand","7":"product_cat-cadeautips","8":"product_cat-cadeaus-e25-e50","9":"product_cat-wollen-babykleding","10":"product_cat-vestjes","11":"product_cat-alwero-bodywarmer","12":"product_cat-kleertjes","13":"product_tag-a-baby-brand","14":"product_tag-alwero-bodywarmer","15":"product_tag-bodywarmer-wol","16":"product_tag-wollen-bodywarmer","17":"product_tag-wool-vest","18":"product_tag-woolskins","19":"pa_maat-1-jaar","20":"pa_maat-2-jaar","21":"pa_maat-4-jaar","22":"pa_maat-6-jaar","23":"pa_maat-6-maanden","24":"pa_maat-8-jaar","26":"first","27":"instock","28":"taxable","29":"shipping-taxable","30":"purchasable","31":"product-type-variable"},"acf":[],"_links":{"self":[{"href":"https:\/\/woolskins.eu\/pl\/wp-json\/wp\/v2\/product\/21955","targetHints":{"allow":["GET"]}}],"collection":[{"href":"https:\/\/woolskins.eu\/pl\/wp-json\/wp\/v2\/product"}],"about":[{"href":"https:\/\/woolskins.eu\/pl\/wp-json\/wp\/v2\/types\/product"}],"replies":[{"embeddable":true,"href":"https:\/\/woolskins.eu\/pl\/wp-json\/wp\/v2\/comments?post=21955"}],"wp:featuredmedia":[{"embeddable":true,"href":"https:\/\/woolskins.eu\/pl\/wp-json\/wp\/v2\/media\/21969"}],"wp:attachment":[{"href":"https:\/\/woolskins.eu\/pl\/wp-json\/wp\/v2\/media?parent=21955"}],"wp:term":[{"taxonomy":"product_brand","embeddable":true,"href":"https:\/\/woolskins.eu\/pl\/wp-json\/wp\/v2\/product_brand?post=21955"},{"taxonomy":"product_cat","embeddable":true,"href":"https:\/\/woolskins.eu\/pl\/wp-json\/wp\/v2\/product_cat?post=21955"},{"taxonomy":"product_tag","embeddable":true,"href":"https:\/\/woolskins.eu\/pl\/wp-json\/wp\/v2\/product_tag?post=21955"}],"curies":[{"name":"wp","href":"https:\/\/api.w.org\/{rel}","templated":true}]}}