{"id":20458,"date":"2024-06-27T12:31:12","date_gmt":"2024-06-27T12:31:12","guid":{"rendered":"https:\/\/woolskins.eu\/?post_type=product&#038;p=20458"},"modified":"2025-04-19T08:29:47","modified_gmt":"2025-04-19T08:29:47","slug":"houten-stapelblokken-balansspel-walvis","status":"publish","type":"product","link":"https:\/\/woolskins.eu\/pl\/houten-stapelblokken-balansspel-walvis\/","title":{"rendered":"Houten Stapelblokken &#8211; Balansspel | Walvis"},"content":{"rendered":"<p data-sourcepos=\"5:1-5:42\"><strong>Waarom kies je voor de houten stapelblokken?<\/strong><\/p>\n<ul data-sourcepos=\"7:1-7:44\">\n<li data-sourcepos=\"7:1-7:44\"><strong>Stimuleert de motorische ontwikkeling:<\/strong> Door de blokken te stapelen, oefent je kindje zijn fijne motoriek en co\u00f6rdinatie.<\/li>\n<li data-sourcepos=\"8:1-8:13\"><b>Hand- oogco\u00f6rdinatie: <\/b>helpt het vermogen om acties uit te voeren die het gelijktijdige gebruik van onze ogen en handen vereisen.<\/li>\n<li data-sourcepos=\"9:1-9:129\"><b>Cognitieve vaardigheden:\u00a0<\/b>bevorderd de intelegentie en concentratie.<\/li>\n<li data-sourcepos=\"10:1-10:134\"><strong>Gemaakt van duurzame materialen:<\/strong> Het balansspel is gemaakt van hoogwaardig FSC\u00ae hout, waardoor hij lang meegaat en tegen een stootje kan.<\/li>\n<li data-sourcepos=\"11:1-11:112\"><strong>Veilig voor kinderen:<\/strong>\u00a0De duwstok is afgewerkt met een veilige, niet-giftige verf en is glad afgewerkt, vrij van scherpe randen, waardoor hij veilig is voor kinderen om mee te spelen.<\/li>\n<\/ul>\n<p data-sourcepos=\"13:1-13:40\"><strong>Dit balansspel is perfect voor:<\/strong><\/p>\n<ul data-sourcepos=\"15:1-18:0\">\n<li data-sourcepos=\"15:1-15:25\">Peuters die net leren te spelen.<\/li>\n<li data-sourcepos=\"16:1-16:44\">Kinderen die hun fantasie willen gebruiken<\/li>\n<li data-sourcepos=\"17:1-18:0\">Ouders die op zoek zijn naar duurzaam en educatief speelgoed<\/li>\n<\/ul>\n<p data-sourcepos=\"19:1-19:18\"><strong>Specificaties:<\/strong><\/p>\n<ul data-sourcepos=\"21:1-24:0\">\n<li data-sourcepos=\"21:1-21:17\">Materiaal: Hout met FSC\u00ae keur<\/li>\n<li data-sourcepos=\"22:1-22:35\">Afmetingen: 16 x 37 x 3 cm<\/li>\n<li data-sourcepos=\"23:1-24:0\">Leeftijd: Peuter<\/li>\n<\/ul>\n<p data-sourcepos=\"25:1-25:118\"><strong>Maak van speeltijd leertijd met dit houten balans spel! Bestel hem vandaag nog en laat je kindje het plezier beleven!<\/strong><\/p>\n<p data-sourcepos=\"32:1-32:9\"><strong>Tips:<\/strong><\/p>\n<ul data-sourcepos=\"34:1-37:0\">\n<li data-sourcepos=\"34:1-34:65\">Speel het spel eerst door gewoon de blokjes om de beurt te stapelen.<\/li>\n<li data-sourcepos=\"35:1-35:70\">Speel samen met je kindje terwijl je de dobbelsteen laat bepalen welk blokje je moet stapelen.<\/li>\n<\/ul>\n<p data-sourcepos=\"38:1-38:17\"><strong>Met dit stapelspel van Tarnawa heb je gegarandeerd speelplezier voor jou en je kindje.<\/strong><\/p>\n<p data-sourcepos=\"38:1-38:17\"><strong>Over Tarnawa<\/strong><\/p>\n<p><strong>Vertrouw op familietraditie!<\/strong><\/p>\n<p>Wij weten hoe we ieder kind vanaf jonge leeftijd blij kunnen maken. We weten dat de ontwikkeling en veiligheid ervan net zo belangrijk zijn als plezier. Meer dan 80 jaar werk in het maken van speelgoed en artikelen uit hout heeft ons dit geleerd. Wij bieden onze klanten hoogwaardig houten speelgoed voor kinderen dat niet alleen stevig, maar ook veilig is. Kennis, ervaring, passie en betrokkenheid geven wij in ons huis door van generatie op generatie. Tarnawa is niet alleen een bedrijf, het is een familie!<\/p>\n<p><img loading=\"lazy\" decoding=\"async\" class=\"alignnone size-medium wp-image-20439 entered lazyloaded\" src=\"https:\/\/i0.wp.com\/woolskins.eu\/wp-content\/uploads\/2024\/06\/IMG_1333-scaled-Klein.jpg?resize=225%2C300&amp;ssl=1\" sizes=\"auto, (max-width: 225px) 100vw, 225px\" srcset=\"https:\/\/i0.wp.com\/woolskins.eu\/wp-content\/uploads\/2024\/06\/IMG_1333-scaled-Klein.jpg?resize=225%2C300&amp;ssl=1 225w, https:\/\/i0.wp.com\/woolskins.eu\/wp-content\/uploads\/2024\/06\/IMG_1333-scaled-Klein.jpg?resize=9%2C12&amp;ssl=1 9w, https:\/\/i0.wp.com\/woolskins.eu\/wp-content\/uploads\/2024\/06\/IMG_1333-scaled-Klein.jpg?resize=64%2C85&amp;ssl=1 64w, https:\/\/i0.wp.com\/woolskins.eu\/wp-content\/uploads\/2024\/06\/IMG_1333-scaled-Klein.jpg?w=480&amp;ssl=1 480w\" alt=\"Houten Loop eend Duwstok Houten speelgoed Woolskins Tarnawa\" width=\"225\" height=\"300\" data-lazy-srcset=\"https:\/\/i0.wp.com\/woolskins.eu\/wp-content\/uploads\/2024\/06\/IMG_1333-scaled-Klein.jpg?resize=225%2C300&amp;ssl=1 225w, https:\/\/i0.wp.com\/woolskins.eu\/wp-content\/uploads\/2024\/06\/IMG_1333-scaled-Klein.jpg?resize=9%2C12&amp;ssl=1 9w, https:\/\/i0.wp.com\/woolskins.eu\/wp-content\/uploads\/2024\/06\/IMG_1333-scaled-Klein.jpg?resize=64%2C85&amp;ssl=1 64w, https:\/\/i0.wp.com\/woolskins.eu\/wp-content\/uploads\/2024\/06\/IMG_1333-scaled-Klein.jpg?w=480&amp;ssl=1 480w\" data-lazy-sizes=\"(max-width: 225px) 100vw, 225px\" data-recalc-dims=\"1\" data-lazy-src=\"https:\/\/i0.wp.com\/woolskins.eu\/wp-content\/uploads\/2024\/06\/IMG_1333-scaled-Klein.jpg?resize=225%2C300&amp;ssl=1\" data-ll-status=\"loaded\" \/><\/p>\n<p><strong>Hoogwaardig speelgoed voor uw en onze kinderen!<br \/>\n<\/strong><br \/>\nWij geloven dat je als ouder wilt dat het speelgoed dat je je kind geeft mooi, zorgvuldig gemaakt, duurzaam en veilig is. Wij zorgen ervoor dat onze houten producten, dankzij hun functionaliteit, maar ook esthetiek en precisie van afwerking, uw kind zo lang en zo goed mogelijk van dienst zijn. Wij maken ze met de hand, met aandacht voor de kleinste details. Het houten speelgoed van Tarnawa is geen massaproductie, het zijn kleine kunstwerken.<\/p>\n<p><strong>Wij cre\u00ebren met de tijd mee!<br \/>\n<\/strong><br \/>\nDe wereld evolueert voortdurend, net als jouw kind en jij. Ontwikkeling is de basis van het bestaan. Jarenlange ervaring heeft ons geleerd dat we niet stil moeten staan \u200b\u200ben daarom proberen we voortdurend iets nieuws te doen. Als fabrikant van houten speelgoed combineren wij een passie voor traditionele speelgoedmaaktechnieken met een moderne uitstraling. Wij bereiken u, beste ouder, dankzij moderne media, waardoor het voor u en uw kind gemakkelijker wordt om toegang te krijgen tot onze natuurlijke producten.<\/p>\n<p>&nbsp;<\/p>\n<p><img loading=\"lazy\" decoding=\"async\" class=\"size-full wp-image-20440 aligncenter entered lazyloaded\" src=\"https:\/\/i0.wp.com\/woolskins.eu\/wp-content\/uploads\/2024\/06\/Logo.black_-300x263-1.png?resize=300%2C263&amp;ssl=1\" sizes=\"auto, (max-width: 300px) 100vw, 300px\" srcset=\"https:\/\/i0.wp.com\/woolskins.eu\/wp-content\/uploads\/2024\/06\/Logo.black_-300x263-1.png?w=300&amp;ssl=1 300w, https:\/\/i0.wp.com\/woolskins.eu\/wp-content\/uploads\/2024\/06\/Logo.black_-300x263-1.png?resize=14%2C12&amp;ssl=1 14w, https:\/\/i0.wp.com\/woolskins.eu\/wp-content\/uploads\/2024\/06\/Logo.black_-300x263-1.png?resize=64%2C56&amp;ssl=1 64w\" alt=\"Houten Loop eend Duwstok Houten speelgoed Woolskins Tarnawa\" width=\"300\" height=\"263\" data-lazy-srcset=\"https:\/\/i0.wp.com\/woolskins.eu\/wp-content\/uploads\/2024\/06\/Logo.black_-300x263-1.png?w=300&amp;ssl=1 300w, https:\/\/i0.wp.com\/woolskins.eu\/wp-content\/uploads\/2024\/06\/Logo.black_-300x263-1.png?resize=14%2C12&amp;ssl=1 14w, https:\/\/i0.wp.com\/woolskins.eu\/wp-content\/uploads\/2024\/06\/Logo.black_-300x263-1.png?resize=64%2C56&amp;ssl=1 64w\" data-lazy-sizes=\"(max-width: 300px) 100vw, 300px\" data-recalc-dims=\"1\" data-lazy-src=\"https:\/\/i0.wp.com\/woolskins.eu\/wp-content\/uploads\/2024\/06\/Logo.black_-300x263-1.png?resize=300%2C263&amp;ssl=1\" data-ll-status=\"loaded\" \/><\/p>","protected":false},"excerpt":{"rendered":"<p>Beleef een leuke tijd met je kindje wanneer je dit balansspel van Tarnawa speelt! Dit Houten balansspelletje helpt je kindje om logisch na te denken en daarnaast zijn of haar cognitieve vaardigheden en de hand-oog co\u00f6rdinatie te ontwikkelen. Je plaats \u00e9\u00e9n voor \u00e9\u00e9n de blokjes op de wiebelige basis, maar let goed op! Zorg ervoor dat ze niet omvallen. De basis en blokjes zijn glad afgewerkt, vrij van scherpe randen en is afgwerkt met een niet gifte lak, waardoor hij veilig is voor kinderen om mee te spelen.<\/p>\n<p><strong>Merk: Tarnawa<\/strong><br \/>\n<strong>Productie: Polen<\/strong><\/p>","protected":false},"featured_media":20480,"comment_status":"open","ping_status":"closed","template":"","meta":{"_acf_changed":false},"product_brand":[],"product_cat":[504,499,505],"product_tag":[],"class_list":{"0":"post-20458","1":"product","2":"type-product","3":"status-publish","4":"has-post-thumbnail","6":"product_cat-houten-speelgoed","7":"product_cat-new-arrivals","8":"product_cat-tarnawa","10":"first","11":"outofstock","12":"taxable","13":"shipping-taxable","14":"purchasable","15":"product-type-simple"},"acf":[],"_links":{"self":[{"href":"https:\/\/woolskins.eu\/pl\/wp-json\/wp\/v2\/product\/20458","targetHints":{"allow":["GET"]}}],"collection":[{"href":"https:\/\/woolskins.eu\/pl\/wp-json\/wp\/v2\/product"}],"about":[{"href":"https:\/\/woolskins.eu\/pl\/wp-json\/wp\/v2\/types\/product"}],"replies":[{"embeddable":true,"href":"https:\/\/woolskins.eu\/pl\/wp-json\/wp\/v2\/comments?post=20458"}],"wp:featuredmedia":[{"embeddable":true,"href":"https:\/\/woolskins.eu\/pl\/wp-json\/wp\/v2\/media\/20480"}],"wp:attachment":[{"href":"https:\/\/woolskins.eu\/pl\/wp-json\/wp\/v2\/media?parent=20458"}],"wp:term":[{"taxonomy":"product_brand","embeddable":true,"href":"https:\/\/woolskins.eu\/pl\/wp-json\/wp\/v2\/product_brand?post=20458"},{"taxonomy":"product_cat","embeddable":true,"href":"https:\/\/woolskins.eu\/pl\/wp-json\/wp\/v2\/product_cat?post=20458"},{"taxonomy":"product_tag","embeddable":true,"href":"https:\/\/woolskins.eu\/pl\/wp-json\/wp\/v2\/product_tag?post=20458"}],"curies":[{"name":"wp","href":"https:\/\/api.w.org\/{rel}","templated":true}]}}