{"id":20224,"date":"2024-06-03T12:21:25","date_gmt":"2024-06-03T12:21:25","guid":{"rendered":"https:\/\/woolskins.eu\/?post_type=product&#038;p=20224"},"modified":"2026-03-31T12:38:04","modified_gmt":"2026-03-31T12:38:04","slug":"a-basic-brand-babypakje-nude","status":"publish","type":"product","link":"https:\/\/woolskins.eu\/pl\/a-basic-brand-babypakje-nude\/","title":{"rendered":"A Basic Brand &#8211; Babypak zonder voetjes | Nude"},"content":{"rendered":"<h6>A Baby Brand<\/h6>\n<p>Kombinezon wykonany z super lekkiej bawe\u0142ny organicznej. Najcie\u0144sza i najdelikatniejsza jako\u015b\u0107, jak\u0105 mo\u017cesz sobie wyobrazi\u0107. Kombinezon \u0142adnie uk\u0142ada si\u0119 na udach dzi\u0119ki mi\u0119kkim elastycznym otworom.<\/p>\n<p>100% Bawe\u0142na organiczna z certyfikatem GOTS.<\/p>\n<p>Rozmiary:<\/p>\n<p>d\u0142ugo\u015b\u0107 cm \/ d\u0142ugo\u015b\u0107 r\u0119kawa cm \/ szeroko\u015b\u0107 cm<\/p>\n<p>0m \u2013 32.09.21<br \/>\n3m \u2013 35 \/ 9 \/ 22<br \/>\n6m \u2013 38 \/ 10 \/ 25<br \/>\n1 rok \u2013 42.10.27<\/p>\n<h5>A Baby Brand<\/h5>\n<p>Odkryj prawdziwie minimalistyczn\u0105 garderob\u0119 pe\u0142n\u0105 praktycznych rzeczy. Mieszaj i dopasowuj nasze modele i kolory unisex. Bez logo, bez nadruku, bez zamieszania.<\/p>\n<p>Nasz\u0105 misj\u0105 jest u\u0142atwianie Ci \u017cycia, dlatego jedn\u0105 z g\u0142\u00f3wnych idei naszej filozofii jest PRAKTYKA. Bardzo troszczymy si\u0119 r\u00f3wnie\u017c o nasz\u0105 planet\u0119 i chcieliby\u015bmy, aby wszyscy prowadzili bardziej minimalistyczne \u017cycie, a tym samym zu\u017cywali mniej odzie\u017cy (#CONSUMEWISELY).<\/p>\n<p>Dlatego jako\u015b\u0107 naszych produkt\u00f3w jest najwy\u017csza z mo\u017cliwych. Mo\u017cesz ich u\u017cywa\u0107 przez lata i przekazywa\u0107 dalej, kiedy sko\u0144czysz. U\u017cywamy tkanin wierzchnich z Certyfikatem Bawe\u0142ny Organicznej GOTS oraz STANDARD 100 by OEKO-TEX\u00ae. Wszystkie nasze produkty mo\u017cna pra\u0107 w pralce i suszy\u0107 w suszarce tak cz\u0119sto, jak chcesz. Przekonasz si\u0119, \u017ce naszego bawe\u0142nianego polaru nie trzeba nawet prasowa\u0107, aby dobrze wygl\u0105da\u0142.<\/p>","protected":false},"excerpt":{"rendered":"<h6>A Baby Brand<\/h6>\n<p>Kombinezon wykonany z super lekkiej bawe\u0142ny organicznej. Najcie\u0144sza i najdelikatniejsza jako\u015b\u0107, jak\u0105 mo\u017cesz sobie wyobrazi\u0107. Kombinezon \u0142adnie uk\u0142ada si\u0119 na udach dzi\u0119ki mi\u0119kkim elastycznym otworom.<\/p>","protected":false},"featured_media":20229,"comment_status":"closed","ping_status":"closed","template":"","meta":{"_acf_changed":false},"product_brand":[],"product_cat":[335,361,360,363,529,534],"product_tag":[],"class_list":{"0":"post-20224","1":"product","2":"type-product","3":"status-publish","4":"has-post-thumbnail","6":"product_cat-a_baby_brand","7":"product_cat-babyshower","8":"product_cat-cadeautips","9":"product_cat-cadeaus-e25-e50","10":"product_cat-katoenen-babykleertjes","11":"product_cat-katoenen-babypak","12":"pa_maat-0-maanden","13":"pa_maat-1-jaar","14":"pa_maat-3-maanden","15":"pa_maat-6-maanden","17":"first","18":"instock","19":"sale","20":"taxable","21":"shipping-taxable","22":"purchasable","23":"product-type-variable"},"acf":[],"_links":{"self":[{"href":"https:\/\/woolskins.eu\/pl\/wp-json\/wp\/v2\/product\/20224","targetHints":{"allow":["GET"]}}],"collection":[{"href":"https:\/\/woolskins.eu\/pl\/wp-json\/wp\/v2\/product"}],"about":[{"href":"https:\/\/woolskins.eu\/pl\/wp-json\/wp\/v2\/types\/product"}],"replies":[{"embeddable":true,"href":"https:\/\/woolskins.eu\/pl\/wp-json\/wp\/v2\/comments?post=20224"}],"wp:featuredmedia":[{"embeddable":true,"href":"https:\/\/woolskins.eu\/pl\/wp-json\/wp\/v2\/media\/20229"}],"wp:attachment":[{"href":"https:\/\/woolskins.eu\/pl\/wp-json\/wp\/v2\/media?parent=20224"}],"wp:term":[{"taxonomy":"product_brand","embeddable":true,"href":"https:\/\/woolskins.eu\/pl\/wp-json\/wp\/v2\/product_brand?post=20224"},{"taxonomy":"product_cat","embeddable":true,"href":"https:\/\/woolskins.eu\/pl\/wp-json\/wp\/v2\/product_cat?post=20224"},{"taxonomy":"product_tag","embeddable":true,"href":"https:\/\/woolskins.eu\/pl\/wp-json\/wp\/v2\/product_tag?post=20224"}],"curies":[{"name":"wp","href":"https:\/\/api.w.org\/{rel}","templated":true}]}}