{"id":19410,"date":"2024-02-29T13:30:42","date_gmt":"2024-02-29T13:30:42","guid":{"rendered":"https:\/\/woolskins.eu\/?post_type=product&#038;p=19410"},"modified":"2026-05-12T11:28:12","modified_gmt":"2026-05-12T11:28:12","slug":"schapenvacht-matrasje-voor-reiswieg-en-co-sleeper","status":"publish","type":"product","link":"https:\/\/woolskins.eu\/pl\/schapenvacht-matrasje-voor-reiswieg-en-co-sleeper\/","title":{"rendered":"Schapenvacht Matrasje voor Reiswieg en Co Sleeper"},"content":{"rendered":"<p>Woolskins Baby-Care schapenvacht matras hebben een kortere vacht waardoor ze babyproof zijn. Ze zijn geschikt vanaf de geboorte en omdat bij hun verwerking rekening wordt gehouden met het milieu beschermen ze zowel de kleintjes als de planeet. Thuis of onderweg cre\u00eber je een comfortabele omgeving waarin je kindje zich blij en ontspannen voelt. Wist je een schapenvachtje ook gezond is voor je kindje?<\/p>\n<p>\u2013 Lengte 40-90 cm of 50&#215;90 cm \/ vacht 3cm.<br \/>\n\u2013 Opalony leczniczo.<br \/>\n\u2013 Handige elastieken die om het matrasje kunnen.<br \/>\n\u2013 Mi\u0119kka i zwarta we\u0142na.<br \/>\n- Mo\u017cna pra\u0107 w pralce i suszy\u0107.<br \/>\n- \u0141atwe w utrzymaniu.<\/p>\n<p>Zam\u00f3w szczotk\u0119 do piel\u0119gnacji, aby zachowa\u0107 pi\u0119kno swojej sier\u015bci przez d\u0142ugi czas i\/lub spersonalizuj futerko danymi dotycz\u0105cymi urodzenia Twojego\/dziecka. Pi\u0119kny i wyj\u0105tkowy prezent, dost\u0119pny wy\u0142\u0105cznie w Woolskins.<\/p>\n<h5 class=\"_2tV5m fggS- cell\">Zawiera p\u0142aszcz Essential<\/h5>\n<div class=\"rah-static rah-static--height-auto\" aria-hidden=\"false\">\n<div>\n<div class=\"_1yvxJ fggS- cell\">\n<div class=\"WncCi NTPd3\" data-hook=\"info-section-description\">\n<p>Ta sk\u00f3ra owcza Baby-Care pochodzi od angielskiej owcy. Jest to bardzo mi\u0119kka i zwarta sier\u015b\u0107 i nasza WSKAZ\u00d3WKA! Podobnie jak wszystkie inne nasze p\u0142aszcze, w\u0142\u00f3kna we\u0142niane oddychaj\u0105. Pomaga to dziecku utrzyma\u0107 stabiln\u0105 temperatur\u0119 i zapewnia sucho\u015b\u0107 i wygod\u0119. Ch\u0142odne latem i ciep\u0142e zim\u0105.<\/p>\n<\/div>\n<\/div>\n<\/div>\n<\/div>\n<h5 class=\"Text4179662635__root Text4179662635---typography-11-runningText Text4179662635---priority-7-primary s8gg2 _2UIKs InfoSectionTitle3095652555__root\" aria-hidden=\"false\" data-hook=\"info-section-title\">Przyjazny dla \u015brodowiska<\/h5>\n<div class=\"rah-static rah-static--height-auto\" aria-hidden=\"false\">\n<div class=\"_1yvxJ fggS- cell\">\n<div class=\"WncCi NTPd3\" data-hook=\"info-section-description\">\n<p>Wszystkie \u015brodki stosowane w garbowaniu i wyka\u0144czaniu s\u0105 zgodne z podstawowymi dyrektywami UE dotycz\u0105cymi zachowania i ochrony \u015brodowiska.<\/p>\n<p>Nasze sk\u00f3ry s\u0105 garbowane zgodnie z przepisami REACH, kt\u00f3re zosta\u0142y przyj\u0119te w celu poprawy ochrony zdrowia ludzi i \u015brodowiska przed zagro\u017ceniami stwarzanymi przez chemikalia, przy jednoczesnym zwi\u0119kszeniu konkurencyjno\u015bci unijnego przemys\u0142u chemicznego. Do produkcji nie stosuje si\u0119 barwnik\u00f3w AZO.<\/p>\n<p>PRODUKTY EKOLOGICZNE \u2013 Sk\u00f3ry owcze s\u0105 przyjazne dla \u015brodowiska, ich przetwarzanie i obr\u00f3bka s\u0105 bezpieczne dla doros\u0142ych i dzieci. Sk\u00f3ry owcze s\u0105 biodegradowalne, organiczne.<\/p>\n<p>Woolskins nie sprzedaje sk\u00f3r owczych typu mules! Mulesingu nie stosuje si\u0119 u owiec europejskich, poniewa\u017c paso\u017cyt, kt\u00f3ry powoduje, \u017ce rolnicy stosuj\u0105 mulesing, nie wyst\u0119puje w Europie.<\/p>\n<h5 class=\"Text4179662635__root Text4179662635---typography-11-runningText Text4179662635---priority-7-primary s8gg2 _2UIKs InfoSectionTitle3095652555__root\" aria-hidden=\"false\" data-hook=\"info-section-title\">\u015api\u0105cy na brzuchu\u2026 uwa\u017caj!<\/h5>\n<div class=\"rah-static rah-static--height-auto\" aria-hidden=\"false\">\n<div class=\"_1yvxJ fggS- cell\">\n<div class=\"WncCi NTPd3\" data-hook=\"info-section-description\">\n<p>Niemowl\u0119ta, kt\u00f3re \u015bpi\u0105 na brzuchu przez pierwsze 12 miesi\u0119cy, ze wzgl\u0119d\u00f3w bezpiecze\u0144stwa nie powinny spa\u0107 na niczym mi\u0119kkim, poniewa\u017c mo\u017ce to by\u0107 niebezpieczne. Dlatego radzimy m\u0105drze u\u017cywa\u0107 p\u0142aszcza Woolskins! Zawsze zwracaj uwag\u0119, kiedy Twoje dziecko le\u017cy na brzuchu lub \u015bpi i upewnij si\u0119, \u017ce jest ono zawsze nadzorowane.<\/p>\n<\/div>\n<\/div>\n<\/div>\n<\/div>\n<\/div>\n<\/div>","protected":false},"excerpt":{"rendered":"<p>Dit Woolskins schapenvachtje kan in elk seizoen van het jaar worden gebruikt worden. Het vachtje is gemaakt van zacht medicinaal gelooid lamswol met een wolhoogte van 3 cm. Slapen op een schapenvacht is zeer rustgevend en dankzij de holle vezel van wol zal je kind niet snel zweten en zich daardoor uiterst comfortabel voelen. Dit Matrasje kan het hele jaar gebruikt worden en helpt je baby in het onderhouden van een stabiele temperatuur. Het doet dit \u2018dynamisch\u2019, wat betekent dat het gebeurt als het nodig is, en niet als het niet nodig is. Warm in de winter en koel in de zomer. Dankzij de twee elastieken blijft het matrasje goed op zijn plek zitten.<\/p>","protected":false},"featured_media":19417,"comment_status":"open","ping_status":"closed","template":"","meta":{"_acf_changed":false},"product_brand":[],"product_cat":[354,216,222],"product_tag":[],"class_list":{"0":"post-19410","1":"product","2":"type-product","3":"status-publish","4":"has-post-thumbnail","6":"product_cat-woolskins","7":"product_cat-schapenvacht-voor-baby","8":"product_cat-buggy-schapenvachtjes","10":"first","11":"instock","12":"taxable","13":"shipping-taxable","14":"purchasable","15":"product-type-variable"},"acf":[],"_links":{"self":[{"href":"https:\/\/woolskins.eu\/pl\/wp-json\/wp\/v2\/product\/19410","targetHints":{"allow":["GET"]}}],"collection":[{"href":"https:\/\/woolskins.eu\/pl\/wp-json\/wp\/v2\/product"}],"about":[{"href":"https:\/\/woolskins.eu\/pl\/wp-json\/wp\/v2\/types\/product"}],"replies":[{"embeddable":true,"href":"https:\/\/woolskins.eu\/pl\/wp-json\/wp\/v2\/comments?post=19410"}],"wp:featuredmedia":[{"embeddable":true,"href":"https:\/\/woolskins.eu\/pl\/wp-json\/wp\/v2\/media\/19417"}],"wp:attachment":[{"href":"https:\/\/woolskins.eu\/pl\/wp-json\/wp\/v2\/media?parent=19410"}],"wp:term":[{"taxonomy":"product_brand","embeddable":true,"href":"https:\/\/woolskins.eu\/pl\/wp-json\/wp\/v2\/product_brand?post=19410"},{"taxonomy":"product_cat","embeddable":true,"href":"https:\/\/woolskins.eu\/pl\/wp-json\/wp\/v2\/product_cat?post=19410"},{"taxonomy":"product_tag","embeddable":true,"href":"https:\/\/woolskins.eu\/pl\/wp-json\/wp\/v2\/product_tag?post=19410"}],"curies":[{"name":"wp","href":"https:\/\/api.w.org\/{rel}","templated":true}]}}