{"id":18837,"date":"2024-01-12T13:28:18","date_gmt":"2024-01-12T13:28:18","guid":{"rendered":"https:\/\/woolskins.eu\/?post_type=product&#038;p=18837"},"modified":"2026-02-07T13:37:22","modified_gmt":"2026-02-07T13:37:22","slug":"a-basic-brand-wollen-bodywarmer-adult-beige","status":"publish","type":"product","link":"https:\/\/woolskins.eu\/pl\/a-basic-brand-wollen-bodywarmer-adult-beige\/","title":{"rendered":"A Basic Brand &#8211; Wollen Bodywarmer Adult | beige"},"content":{"rendered":"<h6><strong>A Baby Brand<\/strong><\/h6>\n<p>Ocieplacz we\u0142na 100%. Cudownie ciep\u0142e i wygodne, ca\u0142kowicie naturalne, oddychaj\u0105ce i super biodrowe. Kardigan ma ma\u0142e kieszonki i jest zapinany na suwak. No\u015b j\u0105 na bluzie w wietrzny dzie\u0144 lub pod kurtk\u0105 w naprawd\u0119 ch\u0142odne dni. Ten kardigan jest r\u00f3wnie\u017c dost\u0119pny dla mam.<\/p>\n<p>Mieszanina<br \/>\nWe\u0142na 100%.<\/p>\n<p>Rozmiary:<\/p>\n<div class=\"item-bottom__text _active\">\n<p>lengte cm \/ breedte cm \/ omtrek cm<\/p>\n<p>S: 60 \/ 50 \/ 100<\/p>\n<p>M: 60 \/ 55 \/ 110<\/p>\n<p>L : 60 \/ 60 \/ 120<\/p>\n<\/div>\n<p>Instrukcja prania:<\/p>\n<p>Zalecamy r\u0119czne mycie naszych produkt\u00f3w w ciep\u0142ej wodzie z u\u017cyciem p\u0142ynu do mycia naczy\u0144 z lanolin\u0105.<\/p>","protected":false},"excerpt":{"rendered":"<h6><strong>A Baby Brand<\/strong><\/h6>\n<p>Super warm en comfortabel, maar ook volledig natuurlijk en ademend. Het vest heeft goede zakken en sluit met een ritssluiting. Wij raden aan om onze producten met de hand te wassen in warm water en een lanolinewasmiddel te gebruiken. Het model op de foto draagt maat M.<\/p>\n<p><strong>Merk: A Basic Brand<\/strong><br \/>\n<strong>Productie: Polen<\/strong><\/p>","protected":false},"featured_media":18847,"comment_status":"open","ping_status":"closed","template":"","meta":{"_acf_changed":false},"product_brand":[],"product_cat":[335,360,364,350,31],"product_tag":[423,424,420,421,422,425],"class_list":{"0":"post-18837","1":"product","2":"type-product","3":"status-publish","4":"has-post-thumbnail","6":"product_cat-a_baby_brand","7":"product_cat-cadeautips","8":"product_cat-cadeaus-vanaf-e50","9":"product_cat-fashion","10":"product_cat-yogamat-wol","11":"product_tag-a-baby-brand","12":"product_tag-alwero-bodywarmer","13":"product_tag-bodywarmer-wol","14":"product_tag-wollen-bodywarmer","15":"product_tag-wool-vest","16":"product_tag-woolskins","17":"pa_maat-adult-size-l","18":"pa_maat-adult-size-m","19":"pa_maat-adult-size-s","21":"first","22":"instock","23":"taxable","24":"shipping-taxable","25":"purchasable","26":"product-type-variable"},"acf":[],"_links":{"self":[{"href":"https:\/\/woolskins.eu\/pl\/wp-json\/wp\/v2\/product\/18837","targetHints":{"allow":["GET"]}}],"collection":[{"href":"https:\/\/woolskins.eu\/pl\/wp-json\/wp\/v2\/product"}],"about":[{"href":"https:\/\/woolskins.eu\/pl\/wp-json\/wp\/v2\/types\/product"}],"replies":[{"embeddable":true,"href":"https:\/\/woolskins.eu\/pl\/wp-json\/wp\/v2\/comments?post=18837"}],"wp:featuredmedia":[{"embeddable":true,"href":"https:\/\/woolskins.eu\/pl\/wp-json\/wp\/v2\/media\/18847"}],"wp:attachment":[{"href":"https:\/\/woolskins.eu\/pl\/wp-json\/wp\/v2\/media?parent=18837"}],"wp:term":[{"taxonomy":"product_brand","embeddable":true,"href":"https:\/\/woolskins.eu\/pl\/wp-json\/wp\/v2\/product_brand?post=18837"},{"taxonomy":"product_cat","embeddable":true,"href":"https:\/\/woolskins.eu\/pl\/wp-json\/wp\/v2\/product_cat?post=18837"},{"taxonomy":"product_tag","embeddable":true,"href":"https:\/\/woolskins.eu\/pl\/wp-json\/wp\/v2\/product_tag?post=18837"}],"curies":[{"name":"wp","href":"https:\/\/api.w.org\/{rel}","templated":true}]}}