{"id":18793,"date":"2024-01-12T11:41:48","date_gmt":"2024-01-12T11:41:48","guid":{"rendered":"https:\/\/woolskins.eu\/?post_type=product&#038;p=18793"},"modified":"2026-01-10T10:38:33","modified_gmt":"2026-01-10T10:38:33","slug":"wollen-wiegdeken-babydeken-felted-chocolate","status":"publish","type":"product","link":"https:\/\/woolskins.eu\/pl\/wollen-wiegdeken-babydeken-felted-chocolate\/","title":{"rendered":"Wollen Wiegdeken \/ Babydeken &#8211; Felted  | Camel"},"content":{"rendered":"<p>Twoje dziecko b\u0119dzie wspaniale spa\u0107 i marzy\u0107 w tym wygodnym we\u0142nianym kocyku wykonanym z filcowanej we\u0142ny 100%. Koc opada g\u0142adko i jest bardzo mi\u0119kki. Maj\u0105 pi\u0119kny i luksusowy wygl\u0105d oraz s\u0105 niezwykle wygodne. We\u0142niane kocyki oddychaj\u0105 i natychmiast mierz\u0105 temperatur\u0119 Twojego dziecka. Maj\u0105 idealny rozmiar i wag\u0119 do spania lub zabawy. U\u017cywaj go w domu lub w podr\u00f3\u017cy, aby zapewni\u0107 dziecku ciep\u0142o.<\/p>\n<p>\u2013 100% dziewicza we\u0142na Filcowana z oznaczeniem Woolmark.<br \/>\n\u2013 Gladde, zachte en compacte structuur<br \/>\n\u2013 Goede thermische eigenschappen<br \/>\n\u2013 Do u\u017cytku w domu i w podr\u00f3\u017cy.<br \/>\n\u2013 Wymiary: 65x90 cm, 90x130 cm i 150x200 cm.<br \/>\n\u2013 Produkcja europejska.<br \/>\n\u2013 mo\u017cna pra\u0107 w programie do prania we\u0142ny w 30\u00b0C.<\/p>\n<p>Nasze koce do \u0142\u00f3\u017ceczka z ekologicznej we\u0142ny s\u0105 bardzo odpowiednie dla najm\u0142odszych dzi\u0119ki naturalnym w\u0142a\u015bciwo\u015bciom w\u0142\u00f3kien we\u0142nianych. Te oddychaj\u0105 i maj\u0105 w\u0142a\u015bciwo\u015b\u0107 dzia\u0142ania jak naturalny termostat reguluj\u0105cy temperatur\u0119 cia\u0142a? Pomaga to dziecku utrzyma\u0107 stabiln\u0105 temperatur\u0119 i zapewnia sucho\u015b\u0107 i wygod\u0119. Robi to \u201edynamicznie\u201d, co oznacza, \u017ce dzieje si\u0119 to wtedy, gdy jest potrzebne, a nie wtedy, gdy nie jest potrzebne.<\/p>\n<p>Produkt ten posiada mi\u0119dzy innymi Znak Bezpieczny dla Dziecka oraz znak jako\u015bci Woolmark.<\/p>\n<h5>Woolskins Label<\/h5>\n<p>Na jarenlange succesvolle samenwerking met Alwero kunnen wij met trots aankondigen dat wij nu onze producten onder eigen Woolskins label voeren.<\/p>\n<p>Op deze manier krijg je nog steeds de beste kwaliteit maar dan gecombineerd met de leukste en unieke producten en ontwerpen.<\/p>\n<p>De kwaliteit van de stoffen en kleuren blijven zoals het altijd is geweest, alleen is er nu een grotere keus waarvan Woolskins denkt zich mee te kunnen onderscheiden.<\/p>\n<p>Onze brede collectie is zo samegesteld dat ze een goede aanvulling zijn op iedere babyuitzet, gemaakt van 100% Europees wol dat ademt en geschikt is voor elk seizoen.<\/p>\n<p>We bundelen met veel enthousiasme onze krachten samen voor een duurzaam, natuurlijk en een zo comfortabel mogelijk product voor je kind<\/p>","protected":false},"excerpt":{"rendered":"<p>Je kindje zal heerlijk slapen en wegdromen onder deze comfortabele wollen wiegdeken van 100% wol. De wollen wiegdeken valt soepel en is zeer zacht en is afgwerkt met een dekensteek. Ze hebben een mooie en luxe uitstraling en horen thuis in iedere babyuitzet. De wollen dekens ademen en nemen direct de temperatuur van je kindje aan. Ze hebben het ideale formaat en gewicht om lekker onder te slapen of om op te spelen. Gebruik het thuis of mee onderweg om je kindje goed op temperatuur te houden. De deken is geschikt voor elk seizoen en een perfect cadeau voor een babyshower of kraambezoek.<\/p>\n<p><strong>Merk: Woolskins<\/strong><br \/>\n<strong>Productie: Polen<\/strong><\/p>","protected":false},"featured_media":18801,"comment_status":"closed","ping_status":"closed","template":"","meta":{"_acf_changed":false},"product_brand":[],"product_cat":[361,360,363,196,318,194],"product_tag":[],"class_list":{"0":"post-18793","1":"product","2":"type-product","3":"status-publish","4":"has-post-thumbnail","6":"product_cat-babyshower","7":"product_cat-cadeautips","8":"product_cat-cadeaus-e25-e50","9":"product_cat-slaapkleding-baby","10":"product_cat-wollen-wiegdeken-ledikantdeken","11":"product_cat-wollen-babyproducten","12":"pa_maat-150-x-200-cm","13":"pa_maat-65-x-90-cm","14":"pa_maat-90-x-130-cm","16":"first","17":"instock","18":"taxable","19":"shipping-taxable","20":"purchasable","21":"product-type-variable"},"acf":[],"_links":{"self":[{"href":"https:\/\/woolskins.eu\/pl\/wp-json\/wp\/v2\/product\/18793","targetHints":{"allow":["GET"]}}],"collection":[{"href":"https:\/\/woolskins.eu\/pl\/wp-json\/wp\/v2\/product"}],"about":[{"href":"https:\/\/woolskins.eu\/pl\/wp-json\/wp\/v2\/types\/product"}],"replies":[{"embeddable":true,"href":"https:\/\/woolskins.eu\/pl\/wp-json\/wp\/v2\/comments?post=18793"}],"wp:featuredmedia":[{"embeddable":true,"href":"https:\/\/woolskins.eu\/pl\/wp-json\/wp\/v2\/media\/18801"}],"wp:attachment":[{"href":"https:\/\/woolskins.eu\/pl\/wp-json\/wp\/v2\/media?parent=18793"}],"wp:term":[{"taxonomy":"product_brand","embeddable":true,"href":"https:\/\/woolskins.eu\/pl\/wp-json\/wp\/v2\/product_brand?post=18793"},{"taxonomy":"product_cat","embeddable":true,"href":"https:\/\/woolskins.eu\/pl\/wp-json\/wp\/v2\/product_cat?post=18793"},{"taxonomy":"product_tag","embeddable":true,"href":"https:\/\/woolskins.eu\/pl\/wp-json\/wp\/v2\/product_tag?post=18793"}],"curies":[{"name":"wp","href":"https:\/\/api.w.org\/{rel}","templated":true}]}}