{"id":18773,"date":"2024-01-12T10:31:36","date_gmt":"2024-01-12T10:31:36","guid":{"rendered":"https:\/\/woolskins.eu\/?post_type=product&#038;p=18773"},"modified":"2026-01-08T20:36:18","modified_gmt":"2026-01-08T20:36:18","slug":"a-baby-brand-bodywarmer-wol-zwart","status":"publish","type":"product","link":"https:\/\/woolskins.eu\/pl\/a-baby-brand-bodywarmer-wol-zwart\/","title":{"rendered":"A Basic Brand &#8211; Wollen Bodywarmer Adult | Zwart"},"content":{"rendered":"<h6><strong>A Baby Brand<\/strong><\/h6>\n<p>Bodywarmer 100% wol. Heerlijk warm en comfortabel, volledig natuurlijk, ademend en super hip. Het vestje heeft kleine zakjes en sluit met een rits. Draag het op een sweatshirt op een winderige dag of onder een jas tijdens echt koud weer. Dit vestje is er ook voor mama\u2019s.<\/p>\n<p>Mieszanina<br \/>\nWe\u0142na 100%.<\/p>\n<p>Rozmiary:<\/p>\n<div class=\"item-bottom__text _active\">\n<p>lengte cm \/ breedte cm \/ omtrek cm<\/p>\n<p>S: 60 \/ 50 \/ 100<\/p>\n<p>M: 60 \/ 55 \/ 110<\/p>\n<p>L : 60 \/ 60 \/ 120<\/p>\n<\/div>\n<p>Instrukcja prania:<\/p>\n<p>Zalecamy r\u0119czne mycie naszych produkt\u00f3w w ciep\u0142ej wodzie z u\u017cyciem p\u0142ynu do mycia naczy\u0144 z lanolin\u0105.<\/p>","protected":false},"excerpt":{"rendered":"<h6><strong>A Baby Brand<\/strong><\/h6>\n<p>Super warm en comfortabel, maar ook volledig natuurlijk en ademend. Het vest heeft goede zakken en sluit met een ritssluiting. Wij raden aan om onze producten met de hand te wassen in warm water en een lanolinewasmiddel te gebruiken. Het model op de foto draagt maat M.<\/p>\n<p><strong>Merk: A Basic Brand<\/strong><br \/>\n<strong>Productie: Polen<\/strong><\/p>","protected":false},"featured_media":18782,"comment_status":"open","ping_status":"closed","template":"","meta":{"_acf_changed":false},"product_brand":[],"product_cat":[335,360,364,350,31],"product_tag":[423,424,420,421,422,425],"class_list":{"0":"post-18773","1":"product","2":"type-product","3":"status-publish","4":"has-post-thumbnail","6":"product_cat-a_baby_brand","7":"product_cat-cadeautips","8":"product_cat-cadeaus-vanaf-e50","9":"product_cat-fashion","10":"product_cat-yogamat-wol","11":"product_tag-a-baby-brand","12":"product_tag-alwero-bodywarmer","13":"product_tag-bodywarmer-wol","14":"product_tag-wollen-bodywarmer","15":"product_tag-wool-vest","16":"product_tag-woolskins","17":"pa_maat-adult-size-l","18":"pa_maat-adult-size-m","19":"pa_maat-adult-size-s","21":"first","22":"outofstock","23":"taxable","24":"shipping-taxable","25":"purchasable","26":"product-type-variable"},"acf":[],"_links":{"self":[{"href":"https:\/\/woolskins.eu\/pl\/wp-json\/wp\/v2\/product\/18773","targetHints":{"allow":["GET"]}}],"collection":[{"href":"https:\/\/woolskins.eu\/pl\/wp-json\/wp\/v2\/product"}],"about":[{"href":"https:\/\/woolskins.eu\/pl\/wp-json\/wp\/v2\/types\/product"}],"replies":[{"embeddable":true,"href":"https:\/\/woolskins.eu\/pl\/wp-json\/wp\/v2\/comments?post=18773"}],"wp:featuredmedia":[{"embeddable":true,"href":"https:\/\/woolskins.eu\/pl\/wp-json\/wp\/v2\/media\/18782"}],"wp:attachment":[{"href":"https:\/\/woolskins.eu\/pl\/wp-json\/wp\/v2\/media?parent=18773"}],"wp:term":[{"taxonomy":"product_brand","embeddable":true,"href":"https:\/\/woolskins.eu\/pl\/wp-json\/wp\/v2\/product_brand?post=18773"},{"taxonomy":"product_cat","embeddable":true,"href":"https:\/\/woolskins.eu\/pl\/wp-json\/wp\/v2\/product_cat?post=18773"},{"taxonomy":"product_tag","embeddable":true,"href":"https:\/\/woolskins.eu\/pl\/wp-json\/wp\/v2\/product_tag?post=18773"}],"curies":[{"name":"wp","href":"https:\/\/api.w.org\/{rel}","templated":true}]}}