{"id":18127,"date":"2023-11-30T14:50:08","date_gmt":"2023-11-30T14:50:08","guid":{"rendered":"https:\/\/woolskins.eu\/?post_type=product&#038;p=18127"},"modified":"2026-03-10T10:57:42","modified_gmt":"2026-03-10T10:57:42","slug":"schapenvacht-inlegkussen-voor-maxi-cosi-autostoel-icelandic","status":"publish","type":"product","link":"https:\/\/woolskins.eu\/pl\/schapenvacht-inlegkussen-voor-maxi-cosi-autostoel-icelandic\/","title":{"rendered":"Schapenvacht inlegkussen voor Maxi Cosi &#038; Autostoel &#8211; Icelandic"},"content":{"rendered":"<p>Zeer comfortabel voor onderweg en thuis. Ideaal voor lange vakantie ritten naar koude en warme landen. Het is uiterst comfortabel omdat het ademt en direct het zweet opneemt zonder dat het nat\/klam aanvoelt voor je kindje.<\/p>\n<p>&#8211; Afmeting 70 x 33-22-29 cm (lengte x boven-midden-onderkant), vacht 3 cm.<br \/>\n\u2013 Wyci\u0119cia na pasy bezpiecze\u0144stwa 3 i 5 punktowe.<br \/>\n\u2013 Opalony leczniczo.<br \/>\n\u2013 Mi\u0119kka i zwarta sier\u015b\u0107.<br \/>\n- Mo\u017cna pra\u0107 w pralce i suszy\u0107.<br \/>\n- \u0141atwe w utrzymaniu.<\/p>\n<h5 class=\"Text1234883549__root Text1234883549---typography-11-runningText Text1234883549---priority-7-primary s8gg2 _2UIKs InfoSectionTitle3095652555__root\" aria-hidden=\"false\" data-hook=\"info-section-title\">Wygodna podr\u00f3\u017c<\/h5>\n<div class=\"rah-static rah-static--height-auto\" aria-hidden=\"false\">\n<div>\n<div class=\"_1yvxJ fggS- cell\">\n<div class=\"WncCi NTPd3\" data-hook=\"info-section-description\">\n<p>W\u0142\u00f3kna we\u0142ny oddychaj\u0105 i maj\u0105 w\u0142a\u015bciwo\u015b\u0107 dzia\u0142ania jak naturalny termostat reguluj\u0105cy temperatur\u0119 cia\u0142a? Pomaga to dziecku utrzyma\u0107 stabiln\u0105 temperatur\u0119 i zapewnia sucho\u015b\u0107 i wygod\u0119. Robi to \u201edynamicznie\u201d, co oznacza, \u017ce dzieje si\u0119 to wtedy, gdy jest potrzebne, a nie wtedy, gdy nie jest potrzebne. Ciep\u0142e zim\u0105 i ch\u0142odne latem.<\/p>\n<\/div>\n<\/div>\n<\/div>\n<\/div>\n<p>P\u0142aszcze Woolskins Baby-Care maj\u0105 kr\u00f3tsz\u0105 sier\u015b\u0107, dzi\u0119ki czemu s\u0105 bezpieczne dla dzieci. S\u0105 odpowiednie od urodzenia, a poniewa\u017c s\u0105 przetwarzane z my\u015bl\u0105 o \u015brodowisku, chroni\u0105 zar\u00f3wno maluchy, jak i planet\u0119. W domu lub w podr\u00f3\u017cy tworzysz komfortowe \u015brodowisko, w kt\u00f3rym Twoje dziecko czuje si\u0119 szcz\u0119\u015bliwe i zrelaksowane. Standardowo \u201egotowe na prezent\u201d zapakowane z osobist\u0105 notatk\u0105.<\/p>\n<h5><strong>W\u0142a\u015bciwo\u015bci islandzkiej sk\u00f3ry owczej<\/strong><\/h5>\n<p>Islandzkie owce s\u0105 najbardziej znane z d\u0142ugow\u0142osej sier\u015bci. Zgolili\u015bmy je na kr\u00f3tko, specjalnie dla niemowl\u0105t, tak aby izoluj\u0105ca warstwa we\u0142ny \u201epod spodem\u201d by\u0142a wysuni\u0119ta do przodu. Ten p\u0142aszcz charakteryzuje si\u0119 w szczeg\u00f3lno\u015bci gi\u0119tko\u015bci\u0105 sk\u00f3rzanej strony i uk\u0142ada si\u0119 jak koc. Podobnie jak wszystkie inne nasze p\u0142aszcze, w\u0142\u00f3kna we\u0142niane oddychaj\u0105. Pomaga to dziecku utrzyma\u0107 stabiln\u0105 temperatur\u0119 i zapewnia sucho\u015b\u0107 i wygod\u0119. Ch\u0142odne latem i ciep\u0142e zim\u0105.<\/p>\n<h5><b>Przyjazny dla \u015brodowiska<\/b><\/h5>\n<p><span style=\"font-weight: 400;\">Wszystkie \u015brodki stosowane w garbowaniu i wyka\u0144czaniu s\u0105 zgodne z podstawowymi dyrektywami UE dotycz\u0105cymi zachowania i ochrony \u015brodowiska.<\/span><\/p>\n<p><span style=\"font-weight: 400;\">Nasze sk\u00f3ry owcze s\u0105 garbowane zgodnie z przepisami REACH przyj\u0119tymi w celu poprawy ochrony zdrowia ludzkiego i \u015brodowiska przed zagro\u017ceniami, jakie mog\u0105 stwarza\u0107 chemikalia, przy jednoczesnym zwi\u0119kszeniu konkurencyjno\u015bci przemys\u0142u chemicznego UE. Do produkcji nie stosuje si\u0119 barwnik\u00f3w AZO.<\/span><\/p>\n<p><span style=\"font-weight: 400;\">PRODUKTY EKOLOGICZNE \u2013 Sk\u00f3ry owcze s\u0105 przyjazne dla \u015brodowiska, ich przetwarzanie i obr\u00f3bka s\u0105 bezpieczne dla doros\u0142ych i dzieci. Sk\u00f3ry owcze s\u0105 biodegradowalne, organiczne.<\/span><\/p>\n<p><span style=\"font-weight: 400;\">Woolskins nie sprzedaje sk\u00f3r owczych z owiec, w kt\u00f3rych stosuje si\u0119 Mulesing! U owiec europejskich (w przeciwie\u0144stwie np. do owiec australijskich) nie stosuje si\u0119 mulesingu, poniewa\u017c paso\u017cyt, kt\u00f3ry powoduje, \u017ce rolnicy u\u017cywaj\u0105 mulesingu, nie wyst\u0119puje w Europie.<\/span><\/p>\n<h5><b>\u015api\u0105cy na brzuchu\u2026 uwa\u017caj!<\/b><\/h5>\n<p><span style=\"font-weight: 400;\">Niemowl\u0119ta, kt\u00f3re \u015bpi\u0105 na brzuchu przez pierwsze 12 miesi\u0119cy, ze wzgl\u0119d\u00f3w bezpiecze\u0144stwa nie powinny spa\u0107 na niczym mi\u0119kkim, poniewa\u017c mo\u017ce to by\u0107 niebezpieczne. Dlatego radzimy m\u0105drze u\u017cywa\u0107 p\u0142aszcza Woolskins! Zawsze zwracaj uwag\u0119, kiedy Twoje dziecko le\u017cy na brzuchu lub \u015bpi i upewnij si\u0119, \u017ce jest ono zawsze nadzorowane.<\/span><\/p>\n<p>&nbsp;<\/p>","protected":false},"excerpt":{"rendered":"<p>Deze heerlijke inlegkussen voor de maxi cosi van schapenvacht is een comfortabel en natuurlijk product dat je baby warm en knus houdt onderweg en tijdens lange reizen. Een schapenvacht inleg kussen heeft verschillende voordelen, zoals:<\/p>\n<ul>\n<li>Het is gemaakt van 100% echte schapenvacht, die zacht, ademend en vochtregulerend is. Schapenvacht is ook hypoallergeen en antibacterieel, waardoor het geschikt is voor baby\u2019s met een gevoelige huid of allergie\u00ebn.<\/li>\n<li>Het past in de meeste maxi cosi modellen, dankzij de ronde vorm en de riemsleuven. Je kunt het kussen eenvoudig bevestigen en verwijderen, deze inleg is niet wasbaar zoals de Medicinale inleg van ons.<\/li>\n<li>Het zorgt voor een optimale temperatuur voor je baby, zowel in de zomer als in de winter. In de zomer voelt het kussen koel aan en neemt het zweet op, terwijl het in de winter warm en behaaglijk is. Het kussen helpt ook om de doorbloeding en de spierspanning van je baby te verbeteren.<\/li>\n<\/ul>\n<p>Een schapenvacht inleg kussen voor de maxi cosi is dus een ideaal product voor ouders die hun baby het beste willen geven. Het is een duurzaam en milieuvriendelijk product, dat gemaakt is van natuurlijke materialen en vrij is van schadelijke stoffen. Met een schapenvacht inleg kussen voor de maxi cosi maak je elke reis met je baby comfortabel en gezellig.<\/p>","protected":false},"featured_media":18130,"comment_status":"closed","ping_status":"closed","template":"","meta":{"_acf_changed":false},"product_brand":[],"product_cat":[364,498,216,354],"product_tag":[],"class_list":{"0":"post-18127","1":"product","2":"type-product","3":"status-publish","4":"has-post-thumbnail","6":"product_cat-cadeaus-vanaf-e50","7":"product_cat-inlegkussenmaxicosi","8":"product_cat-schapenvacht-voor-baby","9":"product_cat-woolskins","11":"first","12":"instock","13":"taxable","14":"shipping-taxable","15":"purchasable","16":"product-type-variable","17":"has-default-attributes"},"acf":[],"_links":{"self":[{"href":"https:\/\/woolskins.eu\/pl\/wp-json\/wp\/v2\/product\/18127","targetHints":{"allow":["GET"]}}],"collection":[{"href":"https:\/\/woolskins.eu\/pl\/wp-json\/wp\/v2\/product"}],"about":[{"href":"https:\/\/woolskins.eu\/pl\/wp-json\/wp\/v2\/types\/product"}],"replies":[{"embeddable":true,"href":"https:\/\/woolskins.eu\/pl\/wp-json\/wp\/v2\/comments?post=18127"}],"wp:featuredmedia":[{"embeddable":true,"href":"https:\/\/woolskins.eu\/pl\/wp-json\/wp\/v2\/media\/18130"}],"wp:attachment":[{"href":"https:\/\/woolskins.eu\/pl\/wp-json\/wp\/v2\/media?parent=18127"}],"wp:term":[{"taxonomy":"product_brand","embeddable":true,"href":"https:\/\/woolskins.eu\/pl\/wp-json\/wp\/v2\/product_brand?post=18127"},{"taxonomy":"product_cat","embeddable":true,"href":"https:\/\/woolskins.eu\/pl\/wp-json\/wp\/v2\/product_cat?post=18127"},{"taxonomy":"product_tag","embeddable":true,"href":"https:\/\/woolskins.eu\/pl\/wp-json\/wp\/v2\/product_tag?post=18127"}],"curies":[{"name":"wp","href":"https:\/\/api.w.org\/{rel}","templated":true}]}}