{"id":17301,"date":"2023-10-29T14:57:25","date_gmt":"2023-10-29T14:57:25","guid":{"rendered":"https:\/\/woolskins.eu\/?post_type=product&#038;p=17301"},"modified":"2025-12-11T12:44:29","modified_gmt":"2025-12-11T12:44:29","slug":"wollen-babyjas-a-basic-brand-lichtgrijs","status":"publish","type":"product","link":"https:\/\/woolskins.eu\/pl\/wollen-babyjas-a-basic-brand-lichtgrijs\/","title":{"rendered":"A Basic Brand &#8211; Wollen babyjas | lichtgrijs"},"content":{"rendered":"<p>Het wollen jasje van\u00a0<strong>A Basic Brand<\/strong> is verkrijgbaar bij Woolskins in verschillende kleuren en zijn perfect te combineren met alle andere wolproducten uit onze collectie<\/p>\n<p>Samenstelling:<br \/>\nWe\u0142na 100%.<\/p>\n<p>Maattabel:<\/p>\n<p>Totale lengte cm \/ totale breedte cm \/ mouwlengte cm<br \/>\n6 maanden \u2013 30cm \/ 30cm \/ 25cm<br \/>\n1 jaar \u2013 34cm \/ 32cm \/<\/p>\n<h5 class=\"seo_titel_cat\">A Baby Brand<\/h5>\n<p>Ontdek een echt minimalistische garderobe van A Basic Brand vol praktische essentials. Mix en match onze unisex modellen en kleuren.\u00a0 Geen logo, geen print, geen poespas.<\/p>\n<p>Hun missie is om uw leven gemakkelijker te maken, dus een van de belangrijkste idee\u00ebn achter onze filosofie is PRAKTIJK. We geven ook veel om onze planeet en wensen dat iedereen een minimalistischer leven zou leiden en daarom minder kleding (#CONSUMEWISELY) zou gebruiken.<\/p>\n<p>Daarom is de kwaliteit van deze producten de hoogst mogelijke. Je kunt ze jarenlang gebruiken en doorgeven als je klaar bent. We gebruiken topstoffen met zowel GOTS Organic Cotton Certificate &amp; STANDARD 100 by OEKO-TEX\u00ae. Alle producten kun je zo vaak als je wilt in de machine wassen en in de droogtrommel worden gedroogd. Je zult ontdekken dat onze katoenfleece niet eens gestreken hoeft te worden om er goed uit te zien.<\/p>\n<h5>Instrukcja prania:<\/h5>\n<p>Zalecamy r\u0119czne mycie naszych produkt\u00f3w w ciep\u0142ej wodzie z u\u017cyciem p\u0142ynu do mycia naczy\u0144 z lanolin\u0105.<\/p>","protected":false},"excerpt":{"rendered":"<p>Natuurlijke en zachte materialen zijn essentieel voor de gevoelige huid van baby\u2019s &amp; kindjes. Dit wollen babyjasje van <strong>A Basic Brand<\/strong> is een perfecte keuze voor ouders die op zoek zijn naar een warme en comfortabele jas voor hun baby. Dit jasje is gemaakt van 100% natuurlijke wol, die bekend staat om zijn isolerende eigenschappen en vochtregulerende vermogen. Het jasje is ideaal voor het voor- en najaar, of als warm vest in de winter.<\/p>\n<p>Het jasje heeft een tijdloos ontwerp en is verkrijgbaar in verschillende kleuren. De mouwomslag sluit het jasje goed aan en zorgt ervoor dat het qua maat lang door te dragen is. Het jasje is geschikt voor zowel jongens als meisjes.<\/p>\n<p>Wol is hypoallergeen en vrij van schadelijke stoffen, waardoor het zeer geschikt is voor baby\u2019s met allergie\u00ebn of een gevoelige huid. Bovendien is wol duurzaam en kan het tegen een stootje, waardoor het jasje lang meegaat.<\/p>\n<p><strong>Merk: A Basic Brand<\/strong><br \/>\n<strong>Productie: Polen<\/strong><\/p>","protected":false},"featured_media":17283,"comment_status":"open","ping_status":"closed","template":"","meta":{"_acf_changed":false},"product_brand":[],"product_cat":[360,335,364,200,337,413],"product_tag":[],"class_list":{"0":"post-17301","1":"product","2":"type-product","3":"status-publish","4":"has-post-thumbnail","6":"product_cat-cadeautips","7":"product_cat-a_baby_brand","8":"product_cat-cadeaus-vanaf-e50","9":"product_cat-wollen-babykleding","10":"product_cat-vestjes","11":"product_cat-alwero-bodywarmer","13":"first","14":"instock","15":"taxable","16":"shipping-taxable","17":"purchasable","18":"product-type-variable"},"acf":[],"_links":{"self":[{"href":"https:\/\/woolskins.eu\/pl\/wp-json\/wp\/v2\/product\/17301","targetHints":{"allow":["GET"]}}],"collection":[{"href":"https:\/\/woolskins.eu\/pl\/wp-json\/wp\/v2\/product"}],"about":[{"href":"https:\/\/woolskins.eu\/pl\/wp-json\/wp\/v2\/types\/product"}],"replies":[{"embeddable":true,"href":"https:\/\/woolskins.eu\/pl\/wp-json\/wp\/v2\/comments?post=17301"}],"wp:featuredmedia":[{"embeddable":true,"href":"https:\/\/woolskins.eu\/pl\/wp-json\/wp\/v2\/media\/17283"}],"wp:attachment":[{"href":"https:\/\/woolskins.eu\/pl\/wp-json\/wp\/v2\/media?parent=17301"}],"wp:term":[{"taxonomy":"product_brand","embeddable":true,"href":"https:\/\/woolskins.eu\/pl\/wp-json\/wp\/v2\/product_brand?post=17301"},{"taxonomy":"product_cat","embeddable":true,"href":"https:\/\/woolskins.eu\/pl\/wp-json\/wp\/v2\/product_cat?post=17301"},{"taxonomy":"product_tag","embeddable":true,"href":"https:\/\/woolskins.eu\/pl\/wp-json\/wp\/v2\/product_tag?post=17301"}],"curies":[{"name":"wp","href":"https:\/\/api.w.org\/{rel}","templated":true}]}}