{"id":16391,"date":"2023-09-19T08:54:43","date_gmt":"2023-09-19T08:54:43","guid":{"rendered":"https:\/\/woolskins.eu\/?post_type=product&#038;p=16391"},"modified":"2026-03-23T15:59:23","modified_gmt":"2026-03-23T15:59:23","slug":"wollen-wikkeldeken-newborn-beige","status":"publish","type":"product","link":"https:\/\/woolskins.eu\/pl\/wollen-wikkeldeken-newborn-beige\/","title":{"rendered":"Wollen Wikkeldeken \/ Capuchondeken Newborn | Beige"},"content":{"rendered":"<p>Je kindje zal heerlijk slapen en wegdromen in deze comfortabele wollen wikkeldeken uit onze \u2018Newborn\u2019 collectie. Deze wikkel\/capuchondeken valt soepel en luchtig en is ideaal voor wat warmer weer. Ze hebben een mooie en luxe uitstraling en zijn uiterst comfortabel. De binnenzijde van de wollen wikkeldeken is volledig van wol. Je kunt je kindje hier ook goed mee inbakeren of comfortabel in voeden. Je neemt het makkelijk mee onderweg om je kindje goed op temperatuur te houden.<\/p>\n<p>\u2013 Dost\u0119pna wy\u0142\u0105cznie w Woolskins, wyprodukowana przez Alwero<br \/>\n\u2013 Dwustronny, z czego jedna strona (wewn\u0105trz) jest w ca\u0142o\u015bci we\u0142niana.<br \/>\n\u2013 Woolblend 56% czysta dziewicza we\u0142na (etykieta Woolmark) 44% w\u0142\u00f3kno syntetyczne.<br \/>\n\u2013 Do u\u017cytku w domu i w podr\u00f3\u017cy.<br \/>\n\u2013 Rozmiar: 80x80 cm.<br \/>\n\u2013 Produkcja europejska.<br \/>\n\u2013 mo\u017cna pra\u0107 w programie do prania we\u0142ny w 30\u00b0C.<\/p>\n<p>W\u0142\u00f3kna we\u0142ny oddychaj\u0105 i maj\u0105 w\u0142a\u015bciwo\u015b\u0107 dzia\u0142ania jak naturalny termostat reguluj\u0105cy temperatur\u0119 cia\u0142a? Pomaga to dziecku utrzyma\u0107 stabiln\u0105 temperatur\u0119 i zapewnia sucho\u015b\u0107 i wygod\u0119. Robi to \u201edynamicznie\u201d, co oznacza, \u017ce dzieje si\u0119 to wtedy, gdy jest potrzebne, a nie wtedy, gdy nie jest potrzebne. Ciep\u0142e zim\u0105 i ch\u0142odne latem.<\/p>\n<p>Deze wollen wikkeldeken heeft o.a. het Safe for Children en het Woolmark keurmerk.<\/p>\n<h5>Woolskins Label<\/h5>\n<p>Na jarenlange succesvolle samenwerking met Alwero kunnen wij met trots aankondigen dat wij nu onze producten onder eigen Woolskins label voeren.<\/p>\n<p>Op deze manier krijg je nog steeds de beste kwaliteit maar dan gecombineerd met de leukste en unieke producten en ontwerpen.<\/p>\n<p>De kwaliteit van de stoffen en kleuren blijven zoals het altijd is geweest, alleen is er nu een grotere keus waarvan Woolskins denkt zich mee te kunnen onderscheiden.<\/p>\n<p>Onze brede collectie is zo samegesteld dat ze een goede aanvulling zijn op iedere babyuitzet, gemaakt van 100% Europees wol dat ademt en geschikt is voor elk seizoen.<\/p>\n<p>\u0141\u0105czymy si\u0142y z wielkim entuzjazmem, aby stworzy\u0107 trwa\u0142y, naturalny i jak najbardziej komfortowy produkt dla Twojego dziecka.<\/p>","protected":false},"excerpt":{"rendered":"<p>Je kindje zal heerlijk slapen en wegdromen in deze comfortabele wollen wikkeldeken uit onze \u2018Newborn\u2019 collectie. Deze wikkel\/capuchondeken valt soepel en luchtig en is ideaal voor wat warmer weer. Ze hebben een mooie en luxe uitstraling en zijn uiterst comfortabel. De binnenzijde van de wikkeldeken is volledig van wol. Je kunt je kindje hier ook goed mee inbakeren of comfortabel in voeden. Je neemt het makkelijk mee onderweg om je kindje goed op temperatuur te houden.<\/p>\n<p><strong>Merk: Woolskins<\/strong><br \/>\n<strong>Producent: Woolskins Private Lable wordt geproduceerd door Alwero<\/strong><\/p>","protected":false},"featured_media":16392,"comment_status":"open","ping_status":"closed","template":"","meta":{"_acf_changed":false},"product_brand":[],"product_cat":[360,363,196,321,194],"product_tag":[],"class_list":{"0":"post-16391","1":"product","2":"type-product","3":"status-publish","4":"has-post-thumbnail","6":"product_cat-cadeautips","7":"product_cat-cadeaus-e25-e50","8":"product_cat-slaapkleding-baby","9":"product_cat-wikkeldekens","10":"product_cat-wollen-babyproducten","12":"first","13":"outofstock","14":"taxable","15":"shipping-taxable","16":"purchasable","17":"product-type-simple"},"acf":[],"_links":{"self":[{"href":"https:\/\/woolskins.eu\/pl\/wp-json\/wp\/v2\/product\/16391","targetHints":{"allow":["GET"]}}],"collection":[{"href":"https:\/\/woolskins.eu\/pl\/wp-json\/wp\/v2\/product"}],"about":[{"href":"https:\/\/woolskins.eu\/pl\/wp-json\/wp\/v2\/types\/product"}],"replies":[{"embeddable":true,"href":"https:\/\/woolskins.eu\/pl\/wp-json\/wp\/v2\/comments?post=16391"}],"wp:featuredmedia":[{"embeddable":true,"href":"https:\/\/woolskins.eu\/pl\/wp-json\/wp\/v2\/media\/16392"}],"wp:attachment":[{"href":"https:\/\/woolskins.eu\/pl\/wp-json\/wp\/v2\/media?parent=16391"}],"wp:term":[{"taxonomy":"product_brand","embeddable":true,"href":"https:\/\/woolskins.eu\/pl\/wp-json\/wp\/v2\/product_brand?post=16391"},{"taxonomy":"product_cat","embeddable":true,"href":"https:\/\/woolskins.eu\/pl\/wp-json\/wp\/v2\/product_cat?post=16391"},{"taxonomy":"product_tag","embeddable":true,"href":"https:\/\/woolskins.eu\/pl\/wp-json\/wp\/v2\/product_tag?post=16391"}],"curies":[{"name":"wp","href":"https:\/\/api.w.org\/{rel}","templated":true}]}}