{"id":14398,"date":"2023-02-22T09:24:44","date_gmt":"2023-02-22T09:24:44","guid":{"rendered":"https:\/\/woolskins.eu\/?post_type=product&#038;p=14398"},"modified":"2025-07-15T07:35:51","modified_gmt":"2025-07-15T07:35:51","slug":"zwangerschapsjas-ochtendjas-newborn-natural","status":"publish","type":"product","link":"https:\/\/woolskins.eu\/pl\/zwangerschapsjas-ochtendjas-newborn-natural\/","title":{"rendered":"Zwangerschapsjas &#8211; Ochtendjas Woolblend Newborn | Natural"},"content":{"rendered":"<p>Ten wspania\u0142y we\u0142niany p\u0142aszcz ci\u0105\u017cowy jest idealny, gdy jeste\u015b w ci\u0105\u017cy lub planujesz por\u00f3d. Niezale\u017cnie od tego, czy rodzisz w domu, czy w szpitalu, w tej wygodnej kurtce ci\u0105\u017cowej b\u0119dziesz wygl\u0105da\u0107 \u015bwietnie, gdy przyjd\u0105 go\u015bcie. Szeroka lam\u00f3wka nadaje ca\u0142o\u015bci luksusowego wygl\u0105du. Ten szlafrok ci\u0105\u017cowy jest przyjemny do noszenia po prysznicu lub gdy chcesz sp\u0119dzi\u0107 mi\u0142y dzie\u0144 na kanapie. We\u0142na oddycha, jest niezwykle mi\u0119kka i wygodna.<\/p>\n<p>\u2013 Dost\u0119pna wy\u0142\u0105cznie w Woolskins, wyprodukowana przez Alwero<br \/>\n\u2013 Woolblend 56% czysta dziewicza we\u0142na (etykieta Woolmark) 44% w\u0142\u00f3kno syntetyczne.<br \/>\n\u2013 Do u\u017cytku w domu i w podr\u00f3\u017cy.<br \/>\n\u2013 Produkcja europejska.<br \/>\n\u2013 mo\u017cna pra\u0107 w programie do prania we\u0142ny w 30\u00b0C.<\/p>\n<h5>W\u0142asna marka Woolskins firmy Alwero<\/h5>\n<p>Po latach udanej wsp\u00f3\u0142pracy z Alwero mo\u017cemy z dum\u0105 og\u0142osi\u0107, \u017ce mo\u017cemy sprzedawa\u0107 Alwero pod w\u0142asn\u0105 mark\u0105 Woolskins.<\/p>\n<p>W ten spos\u00f3b nadal otrzymujesz najlepsz\u0105 jako\u015b\u0107 Alwero po\u0142\u0105czon\u0105 z naj\u0142adniejszymi i niepowtarzalnymi produktami\/wzorami Woolskins.<\/p>\n<p>Co si\u0119 wtedy zmienia? Nie tak bardzo! Jako\u015b\u0107, tkaniny i kolory pozostaj\u0105 takie same, tylko jest wi\u0119kszy wyb\u00f3r unikalnych produkt\u00f3w, kt\u00f3re zdaniem Woolskins mog\u0105 pom\u00f3c si\u0119 wyr\u00f3\u017cni\u0107 i kt\u00f3re s\u0105 dobrym dodatkiem do wyprawki.<\/p>\n<p>Nasze produkty mo\u017cna rozpozna\u0107 po etykiecie Woolskins, a etykieta prania wskazuje, \u017ce zosta\u0142y wyprodukowane przez firm\u0119 Alwero.<\/p>\n<p>\u0141\u0105czymy si\u0142y z wielkim entuzjazmem, aby stworzy\u0107 trwa\u0142y, naturalny i jak najbardziej komfortowy produkt dla Twojego dziecka.<\/p>\n<h5>Alwero<\/h5>\n<p>Rodzinna firma Alwero powsta\u0142a pod koniec lat 90-tych z potrzeby stworzenia czego\u015b. W \u015brodku natury, gdzie owce pas\u0105 si\u0119 w g\u00f3rach, Alwerode znajduje wyj\u0105tkowy surowiec, o kt\u00f3ry chodzi: surow\u0105 we\u0142n\u0119.<\/p>\n<p>\u0141\u0105cz\u0105c stare tradycje i innowacje techniczne, Alwero tworzy \u015bwiat komfortu. Wiedza, kunszt i mi\u0142o\u015b\u0107 do we\u0142ny sprawi\u0142y, \u017ce produkty Alwero ciesz\u0105 si\u0119 uznaniem na ca\u0142ym \u015bwiecie.<\/p>","protected":false},"excerpt":{"rendered":"<p>Ten wspania\u0142y we\u0142niany p\u0142aszcz ci\u0105\u017cowy jest idealny, gdy jeste\u015b w ci\u0105\u017cy lub planujesz por\u00f3d. Niezale\u017cnie od tego, czy rodzisz w domu, czy w szpitalu, w tej wygodnej kurtce ci\u0105\u017cowej b\u0119dziesz wygl\u0105da\u0107 \u015bwietnie, gdy przyjd\u0105 go\u015bcie. Szeroka lam\u00f3wka nadaje ca\u0142o\u015bci luksusowego wygl\u0105du. Ten szlafrok ci\u0105\u017cowy jest przyjemny do noszenia po prysznicu lub gdy chcesz sp\u0119dzi\u0107 mi\u0142y dzie\u0144 na kanapie. We\u0142na oddycha, jest niezwykle mi\u0119kka i wygodna.<\/p>\n<p><strong>Merk: Woolskins<\/strong><br \/>\n<strong>Producent: Woolskins Private Lable wordt geproduceerd door Alwero<\/strong><\/p>","protected":false},"featured_media":14400,"comment_status":"open","ping_status":"closed","template":"","meta":{"_acf_changed":false},"product_brand":[],"product_cat":[360,349,364,350,31,194],"product_tag":[],"class_list":{"0":"post-14398","1":"product","2":"type-product","3":"status-publish","4":"has-post-thumbnail","6":"product_cat-cadeautips","7":"product_cat-borstvoedingenvoedingskussens","8":"product_cat-cadeaus-vanaf-e50","9":"product_cat-fashion","10":"product_cat-yogamat-wol","11":"product_cat-wollen-babyproducten","12":"pa_maat-s-m","13":"pa_maat-xxs-xs","15":"first","16":"instock","17":"taxable","18":"shipping-taxable","19":"purchasable","20":"product-type-variable"},"acf":[],"_links":{"self":[{"href":"https:\/\/woolskins.eu\/pl\/wp-json\/wp\/v2\/product\/14398","targetHints":{"allow":["GET"]}}],"collection":[{"href":"https:\/\/woolskins.eu\/pl\/wp-json\/wp\/v2\/product"}],"about":[{"href":"https:\/\/woolskins.eu\/pl\/wp-json\/wp\/v2\/types\/product"}],"replies":[{"embeddable":true,"href":"https:\/\/woolskins.eu\/pl\/wp-json\/wp\/v2\/comments?post=14398"}],"wp:featuredmedia":[{"embeddable":true,"href":"https:\/\/woolskins.eu\/pl\/wp-json\/wp\/v2\/media\/14400"}],"wp:attachment":[{"href":"https:\/\/woolskins.eu\/pl\/wp-json\/wp\/v2\/media?parent=14398"}],"wp:term":[{"taxonomy":"product_brand","embeddable":true,"href":"https:\/\/woolskins.eu\/pl\/wp-json\/wp\/v2\/product_brand?post=14398"},{"taxonomy":"product_cat","embeddable":true,"href":"https:\/\/woolskins.eu\/pl\/wp-json\/wp\/v2\/product_cat?post=14398"},{"taxonomy":"product_tag","embeddable":true,"href":"https:\/\/woolskins.eu\/pl\/wp-json\/wp\/v2\/product_tag?post=14398"}],"curies":[{"name":"wp","href":"https:\/\/api.w.org\/{rel}","templated":true}]}}