{"id":14062,"date":"2023-01-18T09:31:25","date_gmt":"2023-01-18T09:31:25","guid":{"rendered":"https:\/\/woolskins.eu\/?post_type=product&#038;p=14062"},"modified":"2026-04-08T13:07:01","modified_gmt":"2026-04-08T13:07:01","slug":"alwero-voedingskussen-lammy-s-beige","status":"publish","type":"product","link":"https:\/\/woolskins.eu\/pl\/alwero-voedingskussen-lammy-s-beige\/","title":{"rendered":"Wollen Voedingskussen Thumbled-S | Beige"},"content":{"rendered":"<p>Doordat de kussen \u00e9n de vulling van wol zijn ademd de kussen, maakt het geen geluid, is het licht en neemt direct de lichaamstemperatuur aan.<\/p>\n<p>\u2013 De hoes is 100% scheerwol \u2018Thumbled\u2019 en heeft het Woolmark keur.<br \/>\n\u2013 Wype\u0142nienie k\u0142\u0119b\u00f3w we\u0142nianych (we\u0142na ekologiczna 100%).<br \/>\n\u2013 Poduszka wewn\u0119trzna (eko bawe\u0142na) zapinana na suwak.<br \/>\n\u2013 Ciche naturalne wype\u0142nienie!<br \/>\n\u2013 Lekki (900 gram\u00f3w).<br \/>\n\u2013 Voedingskussen &amp; het helpt je kindje bij het rechtop zitten en \u2018Tummy time\u2019.<br \/>\n\u2013 Wymiary 55 x 50 cm (obw\u00f3d w \u015brodku 60 cm).<br \/>\n\u2013 Poszewk\u0119 i poduszk\u0119 wewn\u0119trzn\u0105 mo\u017cna pra\u0107 w programie prania we\u0142ny w 30\u00b0C.<\/p>\n<h5>Woolskins Label<\/h5>\n<p>Na jarenlange succesvolle samenwerking met Alwero kunnen wij met trots aankondigen dat wij nu onze producten onder eigen Woolskins label voeren.<\/p>\n<p>Op deze manier krijg je nog steeds de beste kwaliteit maar dan gecombineerd met de leukste en unieke producten en ontwerpen.<\/p>\n<p>De kwaliteit van de stoffen en kleuren blijven zoals het altijd is geweest, alleen is er nu een grotere keus waarvan Woolskins denkt zich mee te kunnen onderscheiden.<\/p>\n<p>Onze brede collectie is zo samegesteld dat ze een goede aanvulling zijn op iedere babyuitzet, gemaakt van 100% Europees wol dat ademt en geschikt is voor elk seizoen.<\/p>\n<p>\u0141\u0105czymy si\u0142y z wielkim entuzjazmem, aby stworzy\u0107 trwa\u0142y, naturalny i jak najbardziej komfortowy produkt dla Twojego dziecka.<\/p>","protected":false},"excerpt":{"rendered":"<p>Dit wollen voedingskussen is uiterst comfortabel en rustgevend voor je kindje tijdens het voeden omdat het fluisterstil is en direct de lichaamstemperatuur van je kindje aanneemt. Ook helpt het je kindje bij het rechtop zitten of gebruik het tijdens \u2018Tummy time\u2019.<\/p>\n<p>Doordat de kussen en de vulling van wol zijn ademd de kussen en is het hypoallergeen. Wolvezels hebben de eigenschap op te treden als een natuurlijke thermostaat die de lichaamstemperatuur reguleert? Dit zorgt voor een stabiele temperatuur en houdt jou en je baby droog en comfortabel.<\/p>\n<p>De unieke ecologische wolbolletjes vulling is goed ondersteunend voor je lichaam en dat van je kindje en omdat de vulling geen geluid maakt (in tegenstelling tot bv. pittenvulling) kan je je kindje ongestoord voeden en zo eindeloos van elkaar genieten. De wol is gereinigd en gewassen met biologisch afbreekbare wasmiddelen en door de van nature aanwezige lanoline is de wol stofvrij en dus anti-allergeen.<\/p>\n<p><strong>Merk: Woolskins<\/strong><br \/>\n<strong>Productie: Polen<\/strong><\/p>","protected":false},"featured_media":14065,"comment_status":"open","ping_status":"closed","template":"","meta":{"_acf_changed":false},"product_brand":[],"product_cat":[360,349,364,210],"product_tag":[],"class_list":{"0":"post-14062","1":"product","2":"type-product","3":"status-publish","4":"has-post-thumbnail","6":"product_cat-cadeautips","7":"product_cat-borstvoedingenvoedingskussens","8":"product_cat-cadeaus-vanaf-e50","9":"product_cat-wollen-voedingskussen","11":"first","12":"instock","13":"taxable","14":"shipping-taxable","15":"purchasable","16":"product-type-variable","17":"has-default-attributes"},"acf":[],"_links":{"self":[{"href":"https:\/\/woolskins.eu\/pl\/wp-json\/wp\/v2\/product\/14062","targetHints":{"allow":["GET"]}}],"collection":[{"href":"https:\/\/woolskins.eu\/pl\/wp-json\/wp\/v2\/product"}],"about":[{"href":"https:\/\/woolskins.eu\/pl\/wp-json\/wp\/v2\/types\/product"}],"replies":[{"embeddable":true,"href":"https:\/\/woolskins.eu\/pl\/wp-json\/wp\/v2\/comments?post=14062"}],"wp:featuredmedia":[{"embeddable":true,"href":"https:\/\/woolskins.eu\/pl\/wp-json\/wp\/v2\/media\/14065"}],"wp:attachment":[{"href":"https:\/\/woolskins.eu\/pl\/wp-json\/wp\/v2\/media?parent=14062"}],"wp:term":[{"taxonomy":"product_brand","embeddable":true,"href":"https:\/\/woolskins.eu\/pl\/wp-json\/wp\/v2\/product_brand?post=14062"},{"taxonomy":"product_cat","embeddable":true,"href":"https:\/\/woolskins.eu\/pl\/wp-json\/wp\/v2\/product_cat?post=14062"},{"taxonomy":"product_tag","embeddable":true,"href":"https:\/\/woolskins.eu\/pl\/wp-json\/wp\/v2\/product_tag?post=14062"}],"curies":[{"name":"wp","href":"https:\/\/api.w.org\/{rel}","templated":true}]}}