{"id":13998,"date":"2023-01-16T10:55:26","date_gmt":"2023-01-16T10:55:26","guid":{"rendered":"https:\/\/woolskins.eu\/?post_type=product&#038;p=13998"},"modified":"2025-09-03T16:40:26","modified_gmt":"2025-09-03T16:40:26","slug":"alwero-wiegdeken-newborn-natural","status":"publish","type":"product","link":"https:\/\/woolskins.eu\/pl\/alwero-wiegdeken-newborn-natural\/","title":{"rendered":"Wollen Wiegdeken \/ Babydeken Newborn | Natural"},"content":{"rendered":"<p>Twoje dziecko b\u0119dzie wspaniale spa\u0107 i marzy\u0107 w tym wygodnym we\u0142nianym kocyku z naszej kolekcji &#039;Noworodek&#039;. Ten koc opada g\u0142adko i przewiewnie i jest idealny na cieplejsze dni. Maj\u0105 pi\u0119kny i luksusowy wygl\u0105d oraz s\u0105 niezwykle wygodne. Wn\u0119trze koca jest w ca\u0142o\u015bci wykonane z we\u0142ny. Mo\u017cesz \u0142atwo zabra\u0107 go ze sob\u0105 w podr\u00f3\u017c, aby zapewni\u0107 dziecku ciep\u0142o.<\/p>\n<p>\u2013 Exclusief verkrijgbaar bij Woolskins<br \/>\n\u2013 Dwustronny, z czego jedna strona (wewn\u0105trz) jest w ca\u0142o\u015bci we\u0142niana.<br \/>\n\u2013 Woolblend 56% czysta dziewicza we\u0142na (etykieta Woolmark) 44% w\u0142\u00f3kno syntetyczne.<br \/>\n\u2013 Do u\u017cytku w domu i w podr\u00f3\u017cy.<br \/>\n\u2013 Wymiary: 65x90cm i 90x130cm<br \/>\n\u2013 Produkcja europejska.<br \/>\n\u2013 mo\u017cna pra\u0107 w programie do prania we\u0142ny w 30\u00b0C.<\/p>\n<p>Nasze koce Eco Woolblend s\u0105 bardzo odpowiednie dla najmniejszych dzi\u0119ki naturalnym w\u0142a\u015bciwo\u015bciom w\u0142\u00f3kien we\u0142nianych. Te oddychaj\u0105 i maj\u0105 w\u0142a\u015bciwo\u015b\u0107 dzia\u0142ania jak naturalny termostat reguluj\u0105cy temperatur\u0119 cia\u0142a? Pomaga to dziecku utrzyma\u0107 stabiln\u0105 temperatur\u0119 i zapewnia sucho\u015b\u0107 i wygod\u0119.<\/p>\n<p>Produkt ten posiada mi\u0119dzy innymi Znak Bezpieczny dla Dziecka oraz znak jako\u015bci Woolmark.<\/p>\n<h5>Woolskins Label<\/h5>\n<p>Na jarenlange succesvolle samenwerking met Alwero kunnen wij met trots aankondigen dat wij nu onze producten onder eigen Woolskins label voeren.<\/p>\n<p>Op deze manier krijg je nog steeds de beste kwaliteit maar dan gecombineerd met de leukste en unieke producten en ontwerpen.<\/p>\n<p>De kwaliteit van de stoffen en kleuren blijven zoals het altijd is geweest, alleen is er nu een grotere keus waarvan Woolskins denkt zich mee te kunnen onderscheiden.<\/p>\n<p>Onze brede collectie is zo samegesteld dat ze een goede aanvulling zijn op iedere babyuitzet, gemaakt van 100% Europees wol dat ademt en geschikt is voor elk seizoen.<\/p>\n<p>\u0141\u0105czymy si\u0142y z wielkim entuzjazmem, aby stworzy\u0107 trwa\u0142y, naturalny i jak najbardziej komfortowy produkt dla Twojego dziecka.<\/p>","protected":false},"excerpt":{"rendered":"<p>Je kindje zal heerlijk slapen en wegdromen onder deze comfortabele wollen wiegdeken. De wollen wiegdeken valt soepel en is zeer zacht en is afgwerkt met een biesje. Ze hebben een mooie en luxe uitstraling en horen thuis in iedere babyuitzet. De wollen dekens ademen en nemen direct de temperatuur van je kindje aan. Ze hebben het ideale formaat en gewicht om lekker onder te slapen of om op te spelen. Gebruik het thuis of mee onderweg om je kindje goed op temperatuur te houden. De deken is geschikt voor elk seizoen en een perfect cadeau voor een babyshower of kraambezoek.<\/p>\n<p><strong>Merk: Woolskins<\/strong><br \/>\n<strong>Productie: Polen<\/strong><\/p>","protected":false},"featured_media":14009,"comment_status":"open","ping_status":"closed","template":"","meta":{"_acf_changed":false},"product_brand":[],"product_cat":[360,363,196,318,194],"product_tag":[],"class_list":{"0":"post-13998","1":"product","2":"type-product","3":"status-publish","4":"has-post-thumbnail","6":"product_cat-cadeautips","7":"product_cat-cadeaus-e25-e50","8":"product_cat-slaapkleding-baby","9":"product_cat-wollen-wiegdeken-ledikantdeken","10":"product_cat-wollen-babyproducten","11":"pa_maat-65-x-90-cm","12":"pa_maat-90-x-130-cm","14":"first","15":"instock","16":"taxable","17":"shipping-taxable","18":"purchasable","19":"product-type-variable"},"acf":[],"_links":{"self":[{"href":"https:\/\/woolskins.eu\/pl\/wp-json\/wp\/v2\/product\/13998","targetHints":{"allow":["GET"]}}],"collection":[{"href":"https:\/\/woolskins.eu\/pl\/wp-json\/wp\/v2\/product"}],"about":[{"href":"https:\/\/woolskins.eu\/pl\/wp-json\/wp\/v2\/types\/product"}],"replies":[{"embeddable":true,"href":"https:\/\/woolskins.eu\/pl\/wp-json\/wp\/v2\/comments?post=13998"}],"wp:featuredmedia":[{"embeddable":true,"href":"https:\/\/woolskins.eu\/pl\/wp-json\/wp\/v2\/media\/14009"}],"wp:attachment":[{"href":"https:\/\/woolskins.eu\/pl\/wp-json\/wp\/v2\/media?parent=13998"}],"wp:term":[{"taxonomy":"product_brand","embeddable":true,"href":"https:\/\/woolskins.eu\/pl\/wp-json\/wp\/v2\/product_brand?post=13998"},{"taxonomy":"product_cat","embeddable":true,"href":"https:\/\/woolskins.eu\/pl\/wp-json\/wp\/v2\/product_cat?post=13998"},{"taxonomy":"product_tag","embeddable":true,"href":"https:\/\/woolskins.eu\/pl\/wp-json\/wp\/v2\/product_tag?post=13998"}],"curies":[{"name":"wp","href":"https:\/\/api.w.org\/{rel}","templated":true}]}}