{"id":13565,"date":"2022-12-13T13:33:33","date_gmt":"2022-12-13T13:33:33","guid":{"rendered":"https:\/\/woolskins.eu\/?post_type=product&#038;p=13565"},"modified":"2023-11-08T11:37:46","modified_gmt":"2023-11-08T11:37:46","slug":"moms-bag-lammy-beige","status":"publish","type":"product","link":"https:\/\/woolskins.eu\/pl\/moms-bag-lammy-beige\/","title":{"rendered":"Mom Bag Wol &#8211; Thumbled | Beige"},"content":{"rendered":"<p>De tas is gevoerd met een waterdichte stof en beschikt over genoeg opbergruimte. Te verkrijgen in een aantal stijlvolle kleuren en is goed te combineren met alle andere producten van onze Thumbled serie.<\/p>\n<p>\u2013 Afmetingen: 58 x 42 cm<br \/>\n\u2013 Handige hengsels<br \/>\n\u2013 100% wol (binnenvoering waterdicht)<\/p>\n<h5>Woolskins Label<\/h5>\n<p>Na jarenlange succesvolle samenwerking met Alwero kunnen wij met trots aankondigen dat wij nu onze producten onder eigen Woolskins label voeren.<\/p>\n<p>Op deze manier krijg je nog steeds de beste kwaliteit maar dan gecombineerd met de leukste en unieke producten en ontwerpen.<\/p>\n<p>De kwaliteit van de stoffen en kleuren blijven zoals het altijd is geweest, alleen is er nu een grotere keus waarvan Woolskins denkt zich mee te kunnen onderscheiden.<\/p>\n<p>Onze brede collectie is zo samegesteld dat ze een goede aanvulling zijn op iedere babyuitzet, gemaakt van 100% Europees wol dat ademt en geschikt is voor elk seizoen.<\/p>\n<p>\u0141\u0105czymy si\u0142y z wielkim entuzjazmem, aby stworzy\u0107 trwa\u0142y, naturalny i jak najbardziej komfortowy produkt dla Twojego dziecka.<\/p>","protected":false},"excerpt":{"rendered":"<p>Deze handige wollen Mom Bag van Woolskins\u00a0 is ideaal voor aan je kinderwagen of als shopper. Een echte \u2018must have\u2019 voor als je veel onderweg bent. De tas is gevoerd met een waterdichte stof waardoor je de tas ook binnenstebuiten kunt gebruiken wanneer het regend. Onze mom Bag is een veelzijdig en praktisch accessoire dat het leven van elke moeder gemakkelijker maakt. In de Mom Bag kunnen alle benodigdheden voor je kindje worden opgeborgen, zoals luiers, poetsdoekjes, flessen, speelgoed en kleding, maar ook voor jou persoonlijke spullen zoals telefoon, sleutels en cosmetica is genoeg plek. Onze Mom Bag is te verkrijgen in een aantal stijlvolle kleuren en is goed te combineren met alle andere producten van onze Thumbled serie.<\/p>\n<p><strong>Merk: Woolskins<\/strong><br \/>\n<strong>Productie: Polen<\/strong><\/p>","protected":false},"featured_media":13571,"comment_status":"closed","ping_status":"closed","template":"","meta":{"_acf_changed":false},"product_brand":[],"product_cat":[351,364,350,31,196,194],"product_tag":[],"class_list":{"0":"post-13565","1":"product","2":"type-product","3":"status-publish","4":"has-post-thumbnail","6":"product_cat-accessoiresvoormama","7":"product_cat-cadeaus-vanaf-e50","8":"product_cat-fashion","9":"product_cat-yogamat-wol","10":"product_cat-slaapkleding-baby","11":"product_cat-wollen-babyproducten","13":"first","14":"outofstock","15":"taxable","16":"shipping-taxable","17":"purchasable","18":"product-type-simple"},"acf":[],"_links":{"self":[{"href":"https:\/\/woolskins.eu\/pl\/wp-json\/wp\/v2\/product\/13565","targetHints":{"allow":["GET"]}}],"collection":[{"href":"https:\/\/woolskins.eu\/pl\/wp-json\/wp\/v2\/product"}],"about":[{"href":"https:\/\/woolskins.eu\/pl\/wp-json\/wp\/v2\/types\/product"}],"replies":[{"embeddable":true,"href":"https:\/\/woolskins.eu\/pl\/wp-json\/wp\/v2\/comments?post=13565"}],"wp:featuredmedia":[{"embeddable":true,"href":"https:\/\/woolskins.eu\/pl\/wp-json\/wp\/v2\/media\/13571"}],"wp:attachment":[{"href":"https:\/\/woolskins.eu\/pl\/wp-json\/wp\/v2\/media?parent=13565"}],"wp:term":[{"taxonomy":"product_brand","embeddable":true,"href":"https:\/\/woolskins.eu\/pl\/wp-json\/wp\/v2\/product_brand?post=13565"},{"taxonomy":"product_cat","embeddable":true,"href":"https:\/\/woolskins.eu\/pl\/wp-json\/wp\/v2\/product_cat?post=13565"},{"taxonomy":"product_tag","embeddable":true,"href":"https:\/\/woolskins.eu\/pl\/wp-json\/wp\/v2\/product_tag?post=13565"}],"curies":[{"name":"wp","href":"https:\/\/api.w.org\/{rel}","templated":true}]}}