{"id":13414,"date":"2022-12-06T15:56:51","date_gmt":"2022-12-06T15:56:51","guid":{"rendered":"https:\/\/woolskins.eu\/?post_type=product&#038;p=13414"},"modified":"2025-11-21T09:49:46","modified_gmt":"2025-11-21T09:49:46","slug":"baby-jasje-bomber-essential-beige","status":"publish","type":"product","link":"https:\/\/woolskins.eu\/pl\/baby-jasje-bomber-essential-beige\/","title":{"rendered":"Wollen Baby Jasje Bomber Felted | Lichtgrijs"},"content":{"rendered":"<p>Produkt ten posiada mi\u0119dzy innymi Znak Bezpieczny dla Dziecka oraz znak jako\u015bci Woolmark. Ten kardigan jest cz\u0119sto noszony jako odzie\u017c wierzchnia, miej to na uwadze, je\u015bli chodzi o odpowiedni rozmiar.<\/p>\n<p>\u2013 We\u0142na dziewicza 100%, znak rozpoznawczy Woolmark.<br \/>\n\u2013 Bardzo ciep\u0142a w domu lub w podr\u00f3\u017cy.<br \/>\n\u2013 Dost\u0119pne r\u00f3\u017cne kolory.<br \/>\n\u2013 Handige drukknoopjes, gaat makkelijk dicht.<br \/>\n\u2013 Boorden sluiten goed aan op het lijfje waardoor de kou buiten blijft.<\/p>\n<h5>Woolskins Label<\/h5>\n<p>Na jarenlange succesvolle samenwerking met Alwero kunnen wij met trots aankondigen dat wij nu onze producten onder eigen Woolskins label voeren.<\/p>\n<p>Op deze manier krijg je nog steeds de beste kwaliteit maar dan gecombineerd met de leukste en unieke producten en ontwerpen.<\/p>\n<p>De kwaliteit van de stoffen en kleuren blijven zoals het altijd is geweest, alleen is er nu een grotere keus waarvan Woolskins denkt zich mee te kunnen onderscheiden.<\/p>\n<p>Onze brede collectie is zo samegesteld dat ze een goede aanvulling zijn op iedere babyuitzet, gemaakt van 100% Europees wol dat ademt en geschikt is voor elk seizoen.<\/p>\n<p>\u0141\u0105czymy si\u0142y z wielkim entuzjazmem, aby stworzy\u0107 trwa\u0142y, naturalny i jak najbardziej komfortowy produkt dla Twojego dziecka.<\/p>","protected":false},"excerpt":{"rendered":"<p>Dit jasje is een echte \u2018Must Have\u2019 voor elke babyuitzet. Het zit uiterst comfortabel en is gemaakt van 100% wol. Het zorgt ervoor dat je kindje er helemaal klaar voor is om naar buiten te gaan. De goed aansluitende mouwomslag zorgt ervoor dat de wind niet naar binnen kan waaien.\u00a0 Het jasje heeft drukknoopjes en is op de achterkant voorzien van borduurletters \u2018A True Lovestory Never Ends\u2019. Liever geen tekst op de rug bestel dan gewoon zonder. Gemaakt van 100% felted (vervilt) wol dus heerlijk warm. Dit jasje is geschikt voor het voorjaar, winter en najaar.<\/p>\n<p><strong>Merk: Woolskins<\/strong><br \/>\n<strong>Productie: Polen<\/strong><\/p>","protected":false},"featured_media":13431,"comment_status":"open","ping_status":"closed","template":"","meta":{"_acf_changed":false},"product_brand":[],"product_cat":[360,364,200,196,337,344,194],"product_tag":[],"class_list":{"0":"post-13414","1":"product","2":"type-product","3":"status-publish","4":"has-post-thumbnail","6":"product_cat-cadeautips","7":"product_cat-cadeaus-vanaf-e50","8":"product_cat-wollen-babykleding","9":"product_cat-slaapkleding-baby","10":"product_cat-vestjes","11":"product_cat-kleertjes","12":"product_cat-wollen-babyproducten","13":"pa_maat-3-6-maanden","14":"pa_maat-6-12-maanden","16":"first","17":"instock","18":"taxable","19":"shipping-taxable","20":"purchasable","21":"product-type-variable","22":"has-default-attributes"},"acf":[],"_links":{"self":[{"href":"https:\/\/woolskins.eu\/pl\/wp-json\/wp\/v2\/product\/13414","targetHints":{"allow":["GET"]}}],"collection":[{"href":"https:\/\/woolskins.eu\/pl\/wp-json\/wp\/v2\/product"}],"about":[{"href":"https:\/\/woolskins.eu\/pl\/wp-json\/wp\/v2\/types\/product"}],"replies":[{"embeddable":true,"href":"https:\/\/woolskins.eu\/pl\/wp-json\/wp\/v2\/comments?post=13414"}],"wp:featuredmedia":[{"embeddable":true,"href":"https:\/\/woolskins.eu\/pl\/wp-json\/wp\/v2\/media\/13431"}],"wp:attachment":[{"href":"https:\/\/woolskins.eu\/pl\/wp-json\/wp\/v2\/media?parent=13414"}],"wp:term":[{"taxonomy":"product_brand","embeddable":true,"href":"https:\/\/woolskins.eu\/pl\/wp-json\/wp\/v2\/product_brand?post=13414"},{"taxonomy":"product_cat","embeddable":true,"href":"https:\/\/woolskins.eu\/pl\/wp-json\/wp\/v2\/product_cat?post=13414"},{"taxonomy":"product_tag","embeddable":true,"href":"https:\/\/woolskins.eu\/pl\/wp-json\/wp\/v2\/product_tag?post=13414"}],"curies":[{"name":"wp","href":"https:\/\/api.w.org\/{rel}","templated":true}]}}