{"id":12858,"date":"2022-11-08T11:18:43","date_gmt":"2022-11-08T11:18:43","guid":{"rendered":"https:\/\/woolskins.eu\/?post_type=product&#038;p=12858"},"modified":"2025-11-25T11:34:40","modified_gmt":"2025-11-25T11:34:40","slug":"alwero-handwarmers-wanten-ecru","status":"publish","type":"product","link":"https:\/\/woolskins.eu\/pl\/alwero-handwarmers-wanten-ecru\/","title":{"rendered":"Wollen Dames Wanten &#8211; Thumbled | ecru"},"content":{"rendered":"<p>\u2013 We\u0142na dziewicza 100%, znak rozpoznawczy Woolmark.<br \/>\n\u2013 Z wygodnym przej\u015bciem w r\u0119kawiczk\u0119 bez palc\u00f3w.<br \/>\n\u2013 Dost\u0119pne r\u00f3\u017cne kolory.<\/p>\n<p>Maten in centimeters:<\/p>\n<p>Maat S: 10 cm Breedte t.h.v. pols x 24 cm lengte<br \/>\nMaat M: 11 cm Breedte t.h.v. pols x 25 cm lengte<br \/>\nMaat L: 12 cm Breedte t.h.v. pols x 26 cm lengte<\/p>\n<h5>Woolskins Label<\/h5>\n<p>Na jarenlange succesvolle samenwerking met Alwero kunnen wij met trots aankondigen dat wij nu onze producten onder eigen Woolskins label voeren.<\/p>\n<p>Op deze manier krijg je nog steeds de beste kwaliteit maar dan gecombineerd met de leukste en unieke producten en ontwerpen.<\/p>\n<p>De kwaliteit van de stoffen en kleuren blijven zoals het altijd is geweest, alleen is er nu een grotere keus waarvan Woolskins denkt zich mee te kunnen onderscheiden.<\/p>\n<p>Onze brede collectie is zo samegesteld dat ze een goede aanvulling zijn op iedere babyuitzet, gemaakt van 100% Europees wol dat ademt en geschikt is voor elk seizoen.<\/p>\n<p>\u0141\u0105czymy si\u0142y z wielkim entuzjazmem, aby stworzy\u0107 trwa\u0142y, naturalny i jak najbardziej komfortowy produkt dla Twojego dziecka.<\/p>","protected":false},"excerpt":{"rendered":"<p>Als je op zoek bent naar een paar wollen wanten om jezelf of een geliefde te verwennen, dan kunnen we je deze wanten van Woolskins van harte aanbevelen. Dankzij de handige openingen heb je in een handomdraai vingerloze wanten waardoor je bijvoorbeeld makkelijk\u00a0 je kindje in- en uit de wagen kunt halen of even de fles kunt geven. Onze wollen wanten zijn een geweldige manier om je handen warm en comfortabel te houden in de koude wintermaanden. Ze zijn zacht en ademend, waardoor ze geschikt zijn voor mensen met een gevoelige huid. Onze wollen wanten zijn verkrijgbaar in verschillende kleuren en maten.<\/p>\n<p><strong>Merk: Woolskins<\/strong><br \/>\n<strong>Productie: Polen<\/strong><\/p>","protected":false},"featured_media":12860,"comment_status":"open","ping_status":"closed","template":"","meta":{"_acf_changed":false},"product_brand":[],"product_cat":[360,351,362,350,31,194],"product_tag":[],"class_list":{"0":"post-12858","1":"product","2":"type-product","3":"status-publish","4":"has-post-thumbnail","6":"product_cat-cadeautips","7":"product_cat-accessoiresvoormama","8":"product_cat-cadeaus-tot-e-25","9":"product_cat-fashion","10":"product_cat-yogamat-wol","11":"product_cat-wollen-babyproducten","12":"pa_maat-l","13":"pa_maat-m","14":"pa_maat-s","16":"first","17":"outofstock","18":"taxable","19":"shipping-taxable","20":"purchasable","21":"product-type-variable"},"acf":[],"_links":{"self":[{"href":"https:\/\/woolskins.eu\/pl\/wp-json\/wp\/v2\/product\/12858","targetHints":{"allow":["GET"]}}],"collection":[{"href":"https:\/\/woolskins.eu\/pl\/wp-json\/wp\/v2\/product"}],"about":[{"href":"https:\/\/woolskins.eu\/pl\/wp-json\/wp\/v2\/types\/product"}],"replies":[{"embeddable":true,"href":"https:\/\/woolskins.eu\/pl\/wp-json\/wp\/v2\/comments?post=12858"}],"wp:featuredmedia":[{"embeddable":true,"href":"https:\/\/woolskins.eu\/pl\/wp-json\/wp\/v2\/media\/12860"}],"wp:attachment":[{"href":"https:\/\/woolskins.eu\/pl\/wp-json\/wp\/v2\/media?parent=12858"}],"wp:term":[{"taxonomy":"product_brand","embeddable":true,"href":"https:\/\/woolskins.eu\/pl\/wp-json\/wp\/v2\/product_brand?post=12858"},{"taxonomy":"product_cat","embeddable":true,"href":"https:\/\/woolskins.eu\/pl\/wp-json\/wp\/v2\/product_cat?post=12858"},{"taxonomy":"product_tag","embeddable":true,"href":"https:\/\/woolskins.eu\/pl\/wp-json\/wp\/v2\/product_tag?post=12858"}],"curies":[{"name":"wp","href":"https:\/\/api.w.org\/{rel}","templated":true}]}}