{"id":12021,"date":"2022-09-15T12:35:04","date_gmt":"2022-09-15T12:35:04","guid":{"rendered":"https:\/\/woolskins.eu\/?post_type=product&#038;p=12021"},"modified":"2026-03-03T13:14:01","modified_gmt":"2026-03-03T13:14:01","slug":"alwero-verschoningsmat-grijs","status":"publish","type":"product","link":"https:\/\/woolskins.eu\/pl\/alwero-verschoningsmat-grijs\/","title":{"rendered":"Wollen Verschoningsmat Baby &#8211; Felted | Lichtgrijs"},"content":{"rendered":"<p>We\u0142niana mata do przewijania, dobrze przemy\u015blana i bardzo przydatna w podr\u00f3\u017cy lub w domu, je\u015bli chcesz przewin\u0105\u0107 swoje dziecko. Nasza mata do przewijania jest wykonana z we\u0142ny 100% i ma wodoodporn\u0105 flanelow\u0105 wk\u0142adk\u0119 na drobne wypadki. Oznacza to, \u017ce nie musisz za ka\u017cdym razem pra\u0107 ca\u0142ej maty do przewijania. Mata do przewijania jest \u0142atwa do z\u0142o\u017cenia i posiada dwie boczne kieszenie na pieluchy i chusteczki do przewijania. Mata do przewijania sprawdzi si\u0119 r\u00f3wnie\u017c w domu na przewijaku.<\/p>\n<p>Sznurek nie tylko utrzymuje z\u0142o\u017con\u0105 mat\u0119, ale tak\u017ce s\u0142u\u017cy jako ma\u0142a atrakcja dla dziecka z koralikami, dzi\u0119ki czemu mo\u017cna j\u0105 spokojnie zmienia\u0107.<\/p>\n<p>Wymiary: 50 x 70 cm, z\u0142o\u017cony 24 x 22 cm.<\/p>\n<p>Een verschoonkleedje van wol is:<\/p>\n<p>\u2013 100% dziewicza we\u0142na Filcowana z oznaczeniem Woolmark.<br \/>\n\u2013 Gladde, zachte en compacte structuur<br \/>\n\u2013 Goede thermische eigenschappen<br \/>\n\u2013 Do u\u017cytku w domu i w podr\u00f3\u017cy.<br \/>\n\u2013 Waterafstotend, comfortabel &amp; hygi\u00ebnisch<br \/>\n\u2013 Produkcja europejska.<br \/>\n\u2013 mo\u017cna pra\u0107 w programie do prania we\u0142ny w 30\u00b0C.<\/p>\n<p>Produkt ten posiada mi\u0119dzy innymi Znak Bezpieczny dla Dziecka oraz znak jako\u015bci Woolmark.<\/p>","protected":false},"excerpt":{"rendered":"<p>Dit wollen verschoningskleedje is een zacht en warm product dat ideaal is voor het verschonen van je baby. Deze verschoningsmat is goed doordacht en heel erg handig voor onderweg of thuis als je je kindje even wilt verschonen. Onze verschoningsmat is gemaakt van 100% wol en heeft een waterdicht molton inlegkleedje voor de kleine ongelukjes, hierdoor hoef je niet steeds je hele verschoningsmat te wassen. Het verschoningsmatje is gemakkelijk op te vouwen en heeft twee vakken aan de zijkant waar luiers en verschoningsdoekjes in meegenoemen kunnen worden. Tevens is het verschoningsmatje goed thuis te gebruiken op het aankleedkussen. Het is een must-have voor elke ouder die zijn of haar baby comfortabel en hygi\u00ebnisch wil verzorgen.<\/p>\n<p><strong>Merk: Woolskins<\/strong><br \/>\n<strong>Productie: Polen<\/strong><\/p>","protected":false},"featured_media":12011,"comment_status":"open","ping_status":"closed","template":"","meta":{"_acf_changed":false},"product_brand":[],"product_cat":[360,363,196,318,194],"product_tag":[],"class_list":{"0":"post-12021","1":"product","2":"type-product","3":"status-publish","4":"has-post-thumbnail","6":"product_cat-cadeautips","7":"product_cat-cadeaus-e25-e50","8":"product_cat-slaapkleding-baby","9":"product_cat-wollen-wiegdeken-ledikantdeken","10":"product_cat-wollen-babyproducten","12":"first","13":"instock","14":"taxable","15":"shipping-taxable","16":"purchasable","17":"product-type-simple"},"acf":[],"_links":{"self":[{"href":"https:\/\/woolskins.eu\/pl\/wp-json\/wp\/v2\/product\/12021","targetHints":{"allow":["GET"]}}],"collection":[{"href":"https:\/\/woolskins.eu\/pl\/wp-json\/wp\/v2\/product"}],"about":[{"href":"https:\/\/woolskins.eu\/pl\/wp-json\/wp\/v2\/types\/product"}],"replies":[{"embeddable":true,"href":"https:\/\/woolskins.eu\/pl\/wp-json\/wp\/v2\/comments?post=12021"}],"wp:featuredmedia":[{"embeddable":true,"href":"https:\/\/woolskins.eu\/pl\/wp-json\/wp\/v2\/media\/12011"}],"wp:attachment":[{"href":"https:\/\/woolskins.eu\/pl\/wp-json\/wp\/v2\/media?parent=12021"}],"wp:term":[{"taxonomy":"product_brand","embeddable":true,"href":"https:\/\/woolskins.eu\/pl\/wp-json\/wp\/v2\/product_brand?post=12021"},{"taxonomy":"product_cat","embeddable":true,"href":"https:\/\/woolskins.eu\/pl\/wp-json\/wp\/v2\/product_cat?post=12021"},{"taxonomy":"product_tag","embeddable":true,"href":"https:\/\/woolskins.eu\/pl\/wp-json\/wp\/v2\/product_tag?post=12021"}],"curies":[{"name":"wp","href":"https:\/\/api.w.org\/{rel}","templated":true}]}}