{"id":11302,"date":"2022-06-21T13:59:46","date_gmt":"2022-06-21T13:59:46","guid":{"rendered":"https:\/\/woolskins.eu\/?post_type=product&#038;p=11302"},"modified":"2026-04-12T07:00:46","modified_gmt":"2026-04-12T07:00:46","slug":"rib-romper-natural-white","status":"publish","type":"product","link":"https:\/\/woolskins.eu\/pl\/rib-romper-natural-white\/","title":{"rendered":"A Basic Brand &#8211; Babypak Rib | Natural white"},"content":{"rendered":"<h6>A Baby Brand<\/h6>\n<p>Najlepszy romper na ca\u0142y dzie\u0144 i na ca\u0142\u0105 noc. Body bez st\u00f3p unisex wykonane z naszej ulubionej pr\u0105\u017ckowanej bawe\u0142ny, z figlarnymi surowymi wyko\u0144czeniami. Otwiera si\u0119 za pomoc\u0105 ma\u0142ych zatrzask\u00f3w z przodu dla szybkiego i \u0142atwego dost\u0119pu. Najprostszy projekt w podstawowych kolorach.<\/p>\n<p>97% bawe\u0142na 3% elastan. STANDARD 100 od OEKO-TEX\u00ae<\/p>\n<p>Rozmiary:<\/p>\n<p>nogawka cm \/ d\u0142ugo\u015b\u0107 ca\u0142kowita cm \/ d\u0142ugo\u015b\u0107 r\u0119kawa cm<\/p>\n<p>0m \u2013 13\/41\/18<br \/>\n3m \u2013 16\/51\/20<br \/>\n6m \u2013 19 \/ 58 \/ 24<\/p>\n<h5>A Baby Brand<\/h5>\n<p>Odkryj prawdziwie minimalistyczn\u0105 garderob\u0119 pe\u0142n\u0105 praktycznych rzeczy. Mieszaj i dopasowuj nasze modele i kolory unisex. Bez logo, bez nadruku, bez zamieszania.<\/p>\n<p>Nasz\u0105 misj\u0105 jest u\u0142atwianie Ci \u017cycia, dlatego jedn\u0105 z g\u0142\u00f3wnych idei naszej filozofii jest PRAKTYKA. Bardzo troszczymy si\u0119 r\u00f3wnie\u017c o nasz\u0105 planet\u0119 i chcieliby\u015bmy, aby wszyscy prowadzili bardziej minimalistyczne \u017cycie, a tym samym zu\u017cywali mniej odzie\u017cy (#CONSUMEWISELY).<\/p>\n<p>Dlatego jako\u015b\u0107 naszych produkt\u00f3w jest najwy\u017csza z mo\u017cliwych. Mo\u017cesz ich u\u017cywa\u0107 przez lata i przekazywa\u0107 dalej, kiedy sko\u0144czysz. U\u017cywamy tkanin wierzchnich z Certyfikatem Bawe\u0142ny Organicznej GOTS oraz STANDARD 100 by OEKO-TEX\u00ae. Wszystkie nasze produkty mo\u017cna pra\u0107 w pralce i suszy\u0107 w suszarce tak cz\u0119sto, jak chcesz. Przekonasz si\u0119, \u017ce naszego bawe\u0142nianego polaru nie trzeba nawet prasowa\u0107, aby dobrze wygl\u0105da\u0142.<\/p>","protected":false},"excerpt":{"rendered":"<h6>A Baby Brand<\/h6>\n<p>Najlepszy romper na ca\u0142y dzie\u0144 i na ca\u0142\u0105 noc. Body bez st\u00f3p unisex wykonane z naszej ulubionej pr\u0105\u017ckowanej bawe\u0142ny, z doskona\u0142ymi surowymi wyko\u0144czeniami. Otwiera si\u0119 za pomoc\u0105 ma\u0142ych zatrzask\u00f3w z przodu dla szybkiego i \u0142atwego dost\u0119pu. Najprostszy projekt w podstawowych kolorach.<\/p>","protected":false},"featured_media":11310,"comment_status":"closed","ping_status":"closed","template":"","meta":{"_acf_changed":false},"product_brand":[],"product_cat":[335,361,360,363,529,534],"product_tag":[],"class_list":{"0":"post-11302","1":"product","2":"type-product","3":"status-publish","4":"has-post-thumbnail","6":"product_cat-a_baby_brand","7":"product_cat-babyshower","8":"product_cat-cadeautips","9":"product_cat-cadeaus-e25-e50","10":"product_cat-katoenen-babykleertjes","11":"product_cat-katoenen-babypak","12":"pa_maat-0-maanden","13":"pa_maat-3-maanden","14":"pa_maat-6-maanden","16":"first","17":"instock","18":"taxable","19":"shipping-taxable","20":"purchasable","21":"product-type-variable"},"acf":[],"_links":{"self":[{"href":"https:\/\/woolskins.eu\/pl\/wp-json\/wp\/v2\/product\/11302","targetHints":{"allow":["GET"]}}],"collection":[{"href":"https:\/\/woolskins.eu\/pl\/wp-json\/wp\/v2\/product"}],"about":[{"href":"https:\/\/woolskins.eu\/pl\/wp-json\/wp\/v2\/types\/product"}],"replies":[{"embeddable":true,"href":"https:\/\/woolskins.eu\/pl\/wp-json\/wp\/v2\/comments?post=11302"}],"wp:featuredmedia":[{"embeddable":true,"href":"https:\/\/woolskins.eu\/pl\/wp-json\/wp\/v2\/media\/11310"}],"wp:attachment":[{"href":"https:\/\/woolskins.eu\/pl\/wp-json\/wp\/v2\/media?parent=11302"}],"wp:term":[{"taxonomy":"product_brand","embeddable":true,"href":"https:\/\/woolskins.eu\/pl\/wp-json\/wp\/v2\/product_brand?post=11302"},{"taxonomy":"product_cat","embeddable":true,"href":"https:\/\/woolskins.eu\/pl\/wp-json\/wp\/v2\/product_cat?post=11302"},{"taxonomy":"product_tag","embeddable":true,"href":"https:\/\/woolskins.eu\/pl\/wp-json\/wp\/v2\/product_tag?post=11302"}],"curies":[{"name":"wp","href":"https:\/\/api.w.org\/{rel}","templated":true}]}}