{"id":11038,"date":"2022-05-31T13:47:03","date_gmt":"2022-05-31T13:47:03","guid":{"rendered":"https:\/\/woolskins.eu\/?post_type=product&#038;p=11038"},"modified":"2026-04-13T14:54:19","modified_gmt":"2026-04-13T14:54:19","slug":"lanacare-zoogcompressen-wol","status":"publish","type":"product","link":"https:\/\/woolskins.eu\/pl\/lanacare-zoogcompressen-wol\/","title":{"rendered":"We\u0142niane wk\u0142adki laktacyjne LanaCare"},"content":{"rendered":"<p>We\u0142niane wk\u0142adki laktacyjne LanaCare s\u0105 specjalnie zaprojektowane dla matek karmi\u0105cych. Zapewniaj\u0105 najlepsze warunki do udanego i bezproblemowego d\u0142ugotrwa\u0142ego karmienia piersi\u0105.<\/p>\n<p>Te we\u0142niane wk\u0142adki laktacyjne s\u0105 cudownie mi\u0119kkie i utrzymuj\u0105 ciep\u0142o i chroni\u0105 piersi. Naturalne ciep\u0142o we\u0142ny pobudza kr\u0105\u017cenie i przynosi ukojenie podczas karmienia piersi\u0105.<\/p>\n<p>We\u0142na wch\u0142ania wilgo\u0107 bez uczucia wilgoci i utrzymuje klatk\u0119 piersiow\u0105 w cieple i komforcie. Wk\u0142adki laktacyjne LanaCare zawieraj\u0105 naturaln\u0105 lanolin\u0119 i dzia\u0142aj\u0105 koj\u0105co na obola\u0142e i pop\u0119kane sutki.<\/p>\n<p>LanaCare zaleca stosowanie rozmiaru zakrywaj\u0105cego ca\u0142\u0105 pier\u015b. Wk\u0142adki laktacyjne LanaCare s\u0105 dostarczane w parach.<\/p>\n<h5 class=\"font_4\">Wk\u0142adki laktacyjne LANACare<\/h5>\n<p class=\"font_8\">We\u0142niane wk\u0142adki laktacyjne LANACare zosta\u0142y zaprojektowane przez LANACare specjalnie dla matek karmi\u0105cych. Zapewniaj\u0105 najlepsze warunki do pomy\u015blnego i d\u0142ugotrwa\u0142ego karmienia piersi\u0105.<\/p>\n<p class=\"font_8\">We\u0142niane kompresy s\u0105 niezwykle mi\u0119kkie i wygodne, dzi\u0119ki czemu piersi s\u0105 ciep\u0142e i wygodne. Naturalne ciep\u0142o we\u0142ny pobudza kr\u0105\u017cenie i przynosi ukojenie podczas karmienia piersi\u0105. We\u0142na merino poch\u0142ania wilgo\u0107, nie daj\u0105c uczucia wilgoci i zimna.<\/p>\n<p class=\"font_8\">Wk\u0142adki laktacyjne LanaCare zawieraj\u0105 naturaln\u0105 lanolin\u0119, kt\u00f3ra \u0142agodzi podra\u017cnienia brodawek sutkowych i dzia\u0142a antybakteryjnie. Zaleca si\u0119 stosowanie rozmiaru zakrywaj\u0105cego ca\u0142\u0105 klatk\u0119 piersiow\u0105. Kompresy mo\u017cna stosowa\u0107 przez ca\u0142y rok. R\u00f3wnie\u017c latem!<\/p>\n<div id=\"comp-knyogau5\" class=\"_1Q9if\" data-testid=\"richTextElement\">\n<h5 class=\"font_4\">Zalety we\u0142nianych wk\u0142adek laktacyjnych:<\/h5>\n<ul class=\"font_8\">\n<li>\n<p class=\"font_8\">Wi\u0119kszo\u015b\u0107 kobiet potrzebuje tylko 2-3 par na ca\u0142y okres karmienia piersi\u0105. Jest to zatem ekonomiczne, zr\u00f3wnowa\u017cone i przyjazne dla \u015brodowiska!<\/p>\n<\/li>\n<li>\n<p class=\"font_8\">We\u0142na poch\u0142ania wilgo\u0107 i utrzymuje sk\u00f3r\u0119 such\u0105 i wygodn\u0105, nawet w gor\u0105cym klimacie. Wilgotne wk\u0142adki laktacyjne s\u0105 suche i nie wyzi\u0119biaj\u0105 si\u0119 jak bawe\u0142niane lub papierowe wk\u0142adki laktacyjne.<\/p>\n<\/li>\n<li>\n<p class=\"font_8\">Sk\u00f3ra pozostaje sucha i mo\u017ce oddycha\u0107, co pozwala na zagojenie si\u0119 obola\u0142ych sutk\u00f3w.<\/p>\n<\/li>\n<li>\n<p class=\"font_8\">Poniewa\u017c wk\u0142adki laktacyjne LANACare zawieraj\u0105 lanolin\u0119, stosowanie ma\u015bci na sutki LanaCare jest idealnym po\u0142\u0105czeniem w leczeniu obola\u0142ych brodawek sutkowych.<\/p>\n<\/li>\n<li>\n<p class=\"font_8\">Skandynawscy po\u0142o\u017cnicy i po\u0142o\u017cne od wiek\u00f3w doradzaj\u0105 matkom, aby utrzymywa\u0142y ciep\u0142o piersi, aby zapobiec zatkaniu przewod\u00f3w mlecznych i mastitis (infekcji piersi).<\/p>\n<\/li>\n<li>\n<p class=\"font_8\">Wi\u0119ksze rozmiary zapewniaj\u0105 ochron\u0119 ca\u0142ej klatki piersiowej. Kraw\u0119d\u017a wk\u0142adek laktacyjnych w tym rozmiarze opada bardziej na klatk\u0119 piersiow\u0105, dzi\u0119ki czemu wk\u0142adki staj\u0105 si\u0119 niewidoczne pod ubraniem.<\/p>\n<\/li>\n<\/ul>\n<\/div>\n<div id=\"comp-knyoktft\" class=\"_1Q9if\" data-testid=\"richTextElement\">\n<h5 class=\"font_2\">Jako\u015b\u0107<\/h5>\n<p class=\"font_8\">Wyselekcjonowana we\u0142na do produkt\u00f3w LanaCare jest traktowana ze szczeg\u00f3ln\u0105 trosk\u0105. U\u017cywamy wy\u0142\u0105cznie we\u0142ny, kt\u00f3ra spe\u0142nia najwy\u017csze europejskie wymagania \u015brodowiskowe. Regularne testy dowodz\u0105, \u017ce nasza we\u0142na jest wolna od szkodliwych substancji. Pastwiska, na kt\u00f3rych pas\u0105 si\u0119 owce, s\u0105 wolne od nawoz\u00f3w i pestycyd\u00f3w, a do prania we\u0142ny nie stosuje si\u0119 \u017cadnych ostrych chemikali\u00f3w. Do produkcji produkt\u00f3w LANACare u\u017cywana jest wy\u0142\u0105cznie najdelikatniejsza we\u0142na merynosowa.<\/p>\n<h5><strong>Verzorging van de zoogcompressen<\/strong><\/h5>\n<h5><strong>My\u0107<\/strong><\/h5>\n<p>Met de hand wassen in lauw water met LANACare Lanolinezeep om het lanolinegehalte van de wol aan te vullen. Zowel koud als heet water kan de wolvezels doen schrikken, waardoor deze gaan vilten en\/of krimpen. Heet water spoelt ook de lanoline uit de wol. Gebruik net genoeg lanolinezeep om het water licht schuimend te houden. Beweeg de pads voorzichtig in het water en laat ze vervolgens 5-10 minuten in het water weken.<\/p>\n<h5><strong>Spoelen<\/strong><\/h5>\n<p>Spoel af met lauw water. Gebruik altijd lauw water bij het wassen en spoelen van wol. Koud water kan de wolvezels doen schrikken, waardoor de wol krimpt en\/of vervilt.<\/p>\n<h5><strong>Drogen<\/strong><\/h5>\n<p>Plaats of rol de zoogcompressen in een handdoek en druk het overtollige water eruit. Schud de pads snel en krachtig uit om hun vorm en elasticiteit terug te krijgen. Leg de pads te drogen, bij voorkeur boven een milde warmtebron.<\/p>\n<h5 class=\"font_8\"><span class=\"wixGuard\">\u200b<\/span>Certyfikaty<\/h5>\n<p class=\"font_8\">LanaCare u\u017cywa wy\u0142\u0105cznie certyfikowanej, nietraktowanej chemicznie we\u0142ny organicznej.<\/p>\n<p class=\"font_8\">We\u0142na LanaCare posiada mi\u0119dzynarodowy certyfikat Oeko-Tex wydany przez szwajcarskie Mi\u0119dzynarodowe Stowarzyszenie Bada\u0144 i Test\u00f3w w dziedzinie ekologii tekstyli\u00f3w (Oeko-Tex), a od niedawna tak\u017ce certyfikat KbT. Certyfikat ten jest przyznawany, je\u015bli pastwiska, na kt\u00f3rych pas\u0105 si\u0119 owce, s\u0105 wolne od nawoz\u00f3w i pestycyd\u00f3w, a do prania we\u0142ny nie stosuje si\u0119 \u017cadnych agresywnych chemikali\u00f3w. We\u0142na jest tak samo czysta na naszych owcach, jak p\u00f3\u017aniej na ubrankach Twojego dziecka.<\/p>\n<h5 class=\"font_8\"><span class=\"wixGuard\">\u200b<\/span>Produkty LANACare posiadaj\u0105 nast\u0119puj\u0105ce mi\u0119dzynarodowe certyfikaty:<\/h5>\n<p class=\"font_8\">\u2013 GOTS \u2013 Global Organic Textile Standard Global Organic Textile Standard (GOTS) jest uznawany za wiod\u0105cy standard przetwarzania tekstyli\u00f3w wykonanych z w\u0142\u00f3kien organicznych na ca\u0142ym \u015bwiecie. Okre\u015bla wysokie kryteria \u015brodowiskowe w ca\u0142ym \u0142a\u0144cuchu dostaw ekologicznych tekstyli\u00f3w, a tak\u017ce wymaga zgodno\u015bci z kryteriami spo\u0142ecznymi.<\/p>\n<p class=\"font_8\">\u2013 IVN BEST i KBT \u2013 Naturtextil IVN certyfikat BEST Ten znany w Europie znak jako\u015bci wyznacza obecnie najsurowsze normy ekologiczne dla produkcji tekstyli\u00f3w na najwy\u017cszym mo\u017cliwym do osi\u0105gni\u0119cia poziomie technicznym.<br \/>\nBEST odzwierciedla standardy tekstyli\u00f3w przyjaznych dla \u015brodowiska, opracowane przez Mi\u0119dzynarodowe Stowarzyszenie Przemys\u0142u Tekstyli\u00f3w Naturalnych (IVN) od 1990 roku i ocenia ca\u0142y \u0142a\u0144cuch produkcji tekstyli\u00f3w zar\u00f3wno pod k\u0105tem standard\u00f3w ekologicznych, jak i odpowiedzialno\u015bci spo\u0142ecznej.<\/p>\n<p class=\"font_8\">\u2013 IVN Best przewy\u017csza standard GOTS, kt\u00f3ry dopuszcza do 30% w\u0142\u00f3kien nieorganicznych. Produkcja pod IVN spe\u0142nia standard GOTS. U\u017cywanie piecz\u0119ci IVN wymaga cz\u0142onkostwa i certyfikacji zgodnie ze standardami IVN.<\/p>\n<p class=\"font_8\">\u2013 We\u0142na w programach \u0142a\u0144cucha dostaw IVN pochodzi z certyfikowanych ekologicznych hodowli zwierz\u0105t gospodarskich (znanych r\u00f3wnie\u017c jako kbT).<\/p>\n<p class=\"font_8\">\u2013 Nie by\u0142o ob\u0142awiania owiec \u2013 bardzo krytykowanego sposobu \u201eszczepienia\u201d owiec w Australii.<\/p>\n<p class=\"font_8\">\u2013 LANAcare Krem do piersi otrzyma\u0142 etykiet\u0119 \u201eA\u201d od du\u0144skiego stowarzyszenia konsument\u00f3w, poniewa\u017c w kremie nie wykryto \u017cadnych problematycznych substancji chemicznych.<\/p>\n<\/div>\n<div id=\"comp-knyoha3p\" class=\"_1Q9if\" data-testid=\"richTextElement\">\n<h5 class=\"font_2\">Historia LANACare<\/h5>\n<p class=\"font_8\">LANACare zosta\u0142a za\u0142o\u017cona w 1990 roku przez du\u0144sk\u0105 piel\u0119gniark\u0119 Jeannette Almstr\u00f8m w Danii. Jako matka tr\u00f3jki dzieci Jeannette Almstr\u00f8m opracowa\u0142a gam\u0119 produkt\u00f3w dla matek i dzieci z ekologicznej, czystej we\u0142ny merynosowej. Jej do\u015bwiadczenie jako piel\u0119gniarki i profesjonalne wykszta\u0142cenie w zakresie tekstyli\u00f3w i projektowania okaza\u0142o si\u0119 idealnym po\u0142\u0105czeniem umiej\u0119tno\u015bci. Ka\u017cdy produkt LANACare ma na celu promowanie zdrowia i dobrego samopoczucia matki i dziecka, zapewniaj\u0105c koj\u0105cy komfort i oddychaj\u0105ce ciep\u0142o, kt\u00f3re mo\u017ce zapewni\u0107 tylko czysta we\u0142na.<\/p>\n<p class=\"font_8\"><span class=\"wixGuard\">\u200b<\/span>Obecnie wszystkimi dzia\u0142aniami LANACare zarz\u0105dza sama Jeannette Almtr\u00f8m, kt\u00f3rej pasj\u0105 jest znajdowanie nowych i zr\u00f3wnowa\u017conych materia\u0142\u00f3w do wykorzystania w nowych produktach, kt\u00f3re nie tylko promuj\u0105 zdrowie jednostki, ale tak\u017ce nasz\u0105 Matk\u0119 Ziemi\u0119.<\/p>\n<p class=\"font_8\"><span class=\"wixGuard\">\u200b<\/span>Na przestrzeni lat wielko\u015b\u0107 produkcji i dystrybucji LANACare znacznie si\u0119 rozwin\u0119\u0142a. Produkty s\u0105 obecnie sprzedawane w 28 krajach na ca\u0142ym \u015bwiecie.<\/p>\n<\/div>","protected":false},"excerpt":{"rendered":"<p>Karmienie piersi\u0105 jest najlepszym pokarmem dla Twojego dziecka. Chroni Twoje dziecko przed chorobami, a tak\u017ce jest dobre dla Twojego zdrowia. Na przyk\u0142ad pomaga szybko odzyska\u0107 wag\u0119. Ultra mi\u0119kkie wk\u0142adki laktacyjne LanaCare to dobry wyb\u00f3r.<\/p>","protected":false},"featured_media":5511,"comment_status":"closed","ping_status":"closed","template":"","meta":{"_acf_changed":false},"product_brand":[],"product_cat":[349,353,225],"product_tag":[],"class_list":{"0":"post-11038","1":"product","2":"type-product","3":"status-publish","4":"has-post-thumbnail","6":"product_cat-borstvoedingenvoedingskussens","7":"product_cat-lanacare","8":"product_cat-tepelzalf-zoogcompressen","9":"pa_maat-zoogcompres-l-22cm","10":"pa_maat-zoogcompres-m-18cm","11":"pa_maat-zoogcompres-mini-10cm","12":"pa_maat-zoogcompres-s-15cm","13":"pa_maat-zoogcompres-xs-12cm","15":"first","16":"instock","17":"taxable","18":"shipping-taxable","19":"purchasable","20":"product-type-variable"},"acf":[],"_links":{"self":[{"href":"https:\/\/woolskins.eu\/pl\/wp-json\/wp\/v2\/product\/11038","targetHints":{"allow":["GET"]}}],"collection":[{"href":"https:\/\/woolskins.eu\/pl\/wp-json\/wp\/v2\/product"}],"about":[{"href":"https:\/\/woolskins.eu\/pl\/wp-json\/wp\/v2\/types\/product"}],"replies":[{"embeddable":true,"href":"https:\/\/woolskins.eu\/pl\/wp-json\/wp\/v2\/comments?post=11038"}],"wp:featuredmedia":[{"embeddable":true,"href":"https:\/\/woolskins.eu\/pl\/wp-json\/wp\/v2\/media\/5511"}],"wp:attachment":[{"href":"https:\/\/woolskins.eu\/pl\/wp-json\/wp\/v2\/media?parent=11038"}],"wp:term":[{"taxonomy":"product_brand","embeddable":true,"href":"https:\/\/woolskins.eu\/pl\/wp-json\/wp\/v2\/product_brand?post=11038"},{"taxonomy":"product_cat","embeddable":true,"href":"https:\/\/woolskins.eu\/pl\/wp-json\/wp\/v2\/product_cat?post=11038"},{"taxonomy":"product_tag","embeddable":true,"href":"https:\/\/woolskins.eu\/pl\/wp-json\/wp\/v2\/product_tag?post=11038"}],"curies":[{"name":"wp","href":"https:\/\/api.w.org\/{rel}","templated":true}]}}