{"id":10585,"date":"2022-05-18T18:29:15","date_gmt":"2022-05-18T18:29:15","guid":{"rendered":"https:\/\/woolskins.eu\/?post_type=product&#038;p=10585"},"modified":"2026-05-06T12:33:35","modified_gmt":"2026-05-06T12:33:35","slug":"alwero-baby-slaapzak-essential-woolskins-label-beige","status":"publish","type":"product","link":"https:\/\/woolskins.eu\/pl\/alwero-baby-slaapzak-essential-woolskins-label-beige\/","title":{"rendered":"Wollen Slaapzak voor Baby &#8211; Felted | Beige"},"content":{"rendered":"<p>Rozmiar szyi mo\u017cna regulowa\u0107 za pomoc\u0105 podw\u00f3jnych zatrzask\u00f3w, a d\u0142ugi zamek b\u0142yskawiczny umo\u017cliwia \u0142atwe rozpi\u0119cie ca\u0142ego \u015bpiwora.<\/p>\n<p>\u2013 100% dziewicza we\u0142na Filcowana z oznaczeniem Woolmark.<br \/>\n\u2013 Gladde, zachte en compacte structuur<br \/>\n\u2013 Goede thermische eigenschappen<br \/>\n\u2013 Do u\u017cytku w domu i w podr\u00f3\u017cy.<br \/>\n\u2013 Afmeting: 0\/6 maanden 67 cm, 6\/12 maanden 82 cm<br \/>\n\u2013 Produkcja europejska.<br \/>\n\u2013 mo\u017cna pra\u0107 w programie do prania we\u0142ny w 30\u00b0C.<\/p>\n<p>Onze Eco Wollen Slaapzakken zijn zeer geschikt voor de allerkleinste dankzij de natuurlijke eigenschappen van wolvezels. Deze ademen en hebben de eigenschap op te treden als een natuurlijke thermostaat die de lichaamstemperatuur reguleert? Dit helpt je baby in het onderhouden van een stabiele temperatuur en houdt je baby droog en comfortabel. Het doet dit \u2018dynamisch\u2019, wat betekent dat het gebeurt als het nodig is, en niet als het niet nodig is.<\/p>\n<p>Produkt ten posiada mi\u0119dzy innymi Znak Bezpieczny dla Dziecka oraz znak jako\u015bci Woolmark.<\/p>\n<h5>Woolskins Label<\/h5>\n<p>Na jarenlange succesvolle samenwerking met Alwero kunnen wij met trots aankondigen dat wij nu onze producten onder eigen Woolskins label voeren.<\/p>\n<p>Op deze manier krijg je nog steeds de beste kwaliteit maar dan gecombineerd met de leukste en unieke producten en ontwerpen.<\/p>\n<p>De kwaliteit van de stoffen en kleuren blijven zoals het altijd is geweest, alleen is er nu een grotere keus waarvan Woolskins denkt zich mee te kunnen onderscheiden.<\/p>\n<p>Onze brede collectie is zo samegesteld dat ze een goede aanvulling zijn op iedere babyuitzet, gemaakt van 100% Europees wol dat ademt en geschikt is voor elk seizoen.<\/p>\n<p>We bundelen met veel enthousiasme onze krachten samen voor een duurzaam, natuurlijk en een zo comfortabel mogelijk product voor je kind.<\/p>","protected":false},"excerpt":{"rendered":"<p>Als je op zoek bent naar een comfortabele en warme slaapzak voor je baby, dan is wol een uitstekende keuze. Wol heeft namelijk veel voordelen die je baby helpen om lekker te slapen, elk seizoen van het jaar.<\/p>\n<p>Onze lichte eco wollen baby slaapzak ademt en heeft de eigenschap op te treden als een natuurlijke thermostaat die de lichaamstemperatuur reguleert waardoor je kindje rustig wordt en heerlijk kan slapen. Deze slaapzak is zeer geschikt voor de allerkleinsten dankzij de dubbele drukknoopjes waarmee je de halsopening groter en kleiner kan maken. De lange rits opent de hele slaapzak waardoor je je kindje makkelijk kan verschonen. De wollen slaapzak helpt je baby in het onderhouden van een stabiele temperatuur en houdt je baby droog en comfortabel. Het doet dit \u2018dynamisch\u2019, wat betekent dat het gebeurt als het nodig is, en niet als het niet nodig is. Deze wollen slaapzakjes zijn dan ook warm in de winter en koel in de zomer.<\/p>\n<p><strong>Merk: Woolskins<\/strong><br \/>\n<strong>Productie: Polen<\/strong><\/p>","protected":false},"featured_media":10593,"comment_status":"closed","ping_status":"closed","template":"","meta":{"_acf_changed":false},"product_brand":[],"product_cat":[361,360,364,196,370,194],"product_tag":[],"class_list":{"0":"post-10585","1":"product","2":"type-product","3":"status-publish","4":"has-post-thumbnail","6":"product_cat-babyshower","7":"product_cat-cadeautips","8":"product_cat-cadeaus-vanaf-e50","9":"product_cat-slaapkleding-baby","10":"product_cat-slaapzakken","11":"product_cat-wollen-babyproducten","12":"pa_maat-0-6-maanden","13":"pa_maat-6-12-maanden","15":"first","16":"instock","17":"taxable","18":"shipping-taxable","19":"purchasable","20":"product-type-variable"},"acf":[],"_links":{"self":[{"href":"https:\/\/woolskins.eu\/pl\/wp-json\/wp\/v2\/product\/10585","targetHints":{"allow":["GET"]}}],"collection":[{"href":"https:\/\/woolskins.eu\/pl\/wp-json\/wp\/v2\/product"}],"about":[{"href":"https:\/\/woolskins.eu\/pl\/wp-json\/wp\/v2\/types\/product"}],"replies":[{"embeddable":true,"href":"https:\/\/woolskins.eu\/pl\/wp-json\/wp\/v2\/comments?post=10585"}],"wp:featuredmedia":[{"embeddable":true,"href":"https:\/\/woolskins.eu\/pl\/wp-json\/wp\/v2\/media\/10593"}],"wp:attachment":[{"href":"https:\/\/woolskins.eu\/pl\/wp-json\/wp\/v2\/media?parent=10585"}],"wp:term":[{"taxonomy":"product_brand","embeddable":true,"href":"https:\/\/woolskins.eu\/pl\/wp-json\/wp\/v2\/product_brand?post=10585"},{"taxonomy":"product_cat","embeddable":true,"href":"https:\/\/woolskins.eu\/pl\/wp-json\/wp\/v2\/product_cat?post=10585"},{"taxonomy":"product_tag","embeddable":true,"href":"https:\/\/woolskins.eu\/pl\/wp-json\/wp\/v2\/product_tag?post=10585"}],"curies":[{"name":"wp","href":"https:\/\/api.w.org\/{rel}","templated":true}]}}