{"id":8194,"date":"2022-03-08T10:34:56","date_gmt":"2022-03-08T10:34:56","guid":{"rendered":"https:\/\/woolskins.eu\/?post_type=product&#038;p=8194"},"modified":"2023-03-14T10:21:36","modified_gmt":"2023-03-14T10:21:36","slug":"baby-phuyu-teppe-med-pomponger-gra","status":"publish","type":"product","link":"https:\/\/woolskins.eu\/nb\/baby-phuyu-deken-met-pompons-grijs\/","title":{"rendered":"Baby Phuyu-teppe med pomponger | Lysegr\u00e5"},"content":{"rendered":"<p>Kjenn den intense mykheten i dette koselige teppet. Bruk dette teppet som det perfekte tilbeh\u00f8r i barnehagen eller for \u00e5 holde barnet varmt og koselig p\u00e5 kalde dager. <span style=\"font-style: var(--fontStyle, inherit); font-weight: var(--fontWeight); letter-spacing: var(--letterSpacing); text-transform: var(--textTransform);\">Herlig enkel design med tykk og luftig tekstur. Teppene er avsluttet med fargede pomponger. Helt h\u00e5ndstrikket teppe eller sengeteppe laget med kj\u00e6rlighet av lokale strikkere i Peru.<\/span><\/p>\n<p>- 118 x 88 cm<br \/>\n- Er lett og veldig myk<br \/>\n- Er termisk, s\u00e5 kj\u00f8lig om sommeren og fin og varm om vinteren<br \/>\n- Er 4 ganger mindre \u201cslitasjesensitiv\u201d enn merinoull<br \/>\n- Krymper ikke etter vask<br \/>\n- 89% superfin alpakka, 11% polyamid<br \/>\n- 100% \u00f8kologisk i henhold til Oeko-Tex\u00ae Standard 100<\/p>\n<p>Disse phuyu-pleddene er et av vinterens spesialprodukter, designet av Cocoliso i Peru. Et selskap som deler de samme verdiene som Petit Kolibri, og som st\u00f8tter lokale strikkere i Andesfjellene.<\/p>\n<h5 class=\"Text1893342656__root Text1893342656---typography-11-runningText Text1893342656---priority-7-primary s8gg2 _2UIKs InfoSectionTitle3095652555__root\" aria-hidden=\"false\" data-hook=\"info-section-title\">Babyalpakkaull<\/h5>\n<div class=\"rah-static rah-static--height-auto\" aria-hidden=\"false\">\n<div>\n<div class=\"_1yvxJ fggS- cell\">\n<div class=\"WncCi\" data-hook=\"info-section-description\">\n<p>Fiberstrukturen i babyalpakkaull er sv\u00e6rt fin, og mykheten kan sammenlignes med kasjmirull, men er enda mykere. Alpakkaull er kjent for sin overlegne kvalitet, f\u00f8les veldig myk mot huden og er allergivennlig. Baby alpakkaull er den mykeste alpakkaullen fra f\u00f8rste varp. Babyalpakka betyr ikke at ullen kommer fra babyalpakkaer, men at det kun er den aller fineste ullen som er brukt. Denne har en diameter p\u00e5 rundt 20 mikrometer, noe som er utrolig tynt. 0,001 millimeter er en mikrometer. Jo tynnere ull, desto mykere er produktet.<\/p>\n<h5>Petit Kolibri<\/h5>\n<p class=\"\">PETIT KOLIBRI ble f\u00f8dt ut av en ubetinget kj\u00e6rlighet til autentiske, \u00f8kologiske og naturlige produkter. Produktene v\u00e5re er et resultat av et utrettelig engasjement for \u00e5 fremme milj\u00f8messig b\u00e6rekraft og bevisst forretningsvirksomhet i lokalsamfunnene i Latin-Amerika.<\/p>\n<p class=\"\">Alle v\u00e5re \u00f8kologiske alpakka- og babyalpakkakl\u00e6r er anskaffet med omhu og oppmerksomhet i et gjensidig fordelaktig og transparent forhold med leverand\u00f8rene v\u00e5re. De ferdige produktene blir til under rettferdige forhold av et kollektiv av h\u00e5ndverkere i Colombia og Peru. Fairtrade har blitt v\u00e5rt ledende prinsipp.<\/p>\n<p class=\"\">Barna er morgendagens befolkning. Den innvirkningen de vil ha p\u00e5 planeten v\u00e5r, p\u00e5virkes av prinsippene vi l\u00e6rer dem i dag. V\u00e5re minimalistiske strikkeplagg med organisk design er som skapt for alle sm\u00e5 eventyr!<\/p>\n<p>V\u00e5rt m\u00e5l er \u00e5 tilby trygge kl\u00e6r og tilbeh\u00f8r til barn, fordi vi mener at de produktene barna tar p\u00e5, skal v\u00e6re i sin reneste og ubehandlede tilstand. Vi er stolte av \u00e5 kunne tilby \u00f8kologiske produkter som er fri for skadelige stoffer, sertifisert etter Standard 100 by OEKO-TEX\u00ae. Ullen vi bruker hos PETIT KOLIBRI kommer fra Peru, et av de viktigste eksportlandene for alpakkaull.<\/p>\n<\/div>\n<\/div>\n<\/div>\n<\/div>","protected":false},"excerpt":{"rendered":"<p>Kjenn den intense mykheten i dette koselige teppet. Bruk dette teppet som det perfekte tilbeh\u00f8r i barnehagen eller for \u00e5 holde barnet varmt og koselig p\u00e5 kalde dager.<\/p>","protected":false},"featured_media":8196,"comment_status":"closed","ping_status":"closed","template":"","meta":{"_acf_changed":false},"product_brand":[],"product_cat":[361,360,364,232,196,318],"product_tag":[],"class_list":{"0":"post-8194","1":"product","2":"type-product","3":"status-publish","4":"has-post-thumbnail","6":"product_cat-babyshower","7":"product_cat-cadeautips","8":"product_cat-cadeaus-vanaf-e50","9":"product_cat-petit-kolibri","10":"product_cat-slaapkleding-baby","11":"product_cat-wollen-wiegdeken-ledikantdeken","13":"first","14":"outofstock","15":"taxable","16":"shipping-taxable","17":"purchasable","18":"product-type-simple"},"acf":[],"_links":{"self":[{"href":"https:\/\/woolskins.eu\/nb\/wp-json\/wp\/v2\/product\/8194","targetHints":{"allow":["GET"]}}],"collection":[{"href":"https:\/\/woolskins.eu\/nb\/wp-json\/wp\/v2\/product"}],"about":[{"href":"https:\/\/woolskins.eu\/nb\/wp-json\/wp\/v2\/types\/product"}],"replies":[{"embeddable":true,"href":"https:\/\/woolskins.eu\/nb\/wp-json\/wp\/v2\/comments?post=8194"}],"wp:featuredmedia":[{"embeddable":true,"href":"https:\/\/woolskins.eu\/nb\/wp-json\/wp\/v2\/media\/8196"}],"wp:attachment":[{"href":"https:\/\/woolskins.eu\/nb\/wp-json\/wp\/v2\/media?parent=8194"}],"wp:term":[{"taxonomy":"product_brand","embeddable":true,"href":"https:\/\/woolskins.eu\/nb\/wp-json\/wp\/v2\/product_brand?post=8194"},{"taxonomy":"product_cat","embeddable":true,"href":"https:\/\/woolskins.eu\/nb\/wp-json\/wp\/v2\/product_cat?post=8194"},{"taxonomy":"product_tag","embeddable":true,"href":"https:\/\/woolskins.eu\/nb\/wp-json\/wp\/v2\/product_tag?post=8194"}],"curies":[{"name":"wp","href":"https:\/\/api.w.org\/{rel}","templated":true}]}}