{"id":7909,"date":"2022-03-03T15:02:21","date_gmt":"2022-03-03T15:02:21","guid":{"rendered":"https:\/\/woolskins.eu\/?post_type=product&#038;p=7909"},"modified":"2024-12-05T11:12:27","modified_gmt":"2024-12-05T11:12:27","slug":"okologisk-ullvaskemiddel-med-lanolin","status":"publish","type":"product","link":"https:\/\/woolskins.eu\/nb\/ecologisch-wolwasmiddel-met-lanoline\/","title":{"rendered":"\u00d8kologisk ullvaskemiddel med lanolin"},"content":{"rendered":"<p>Dette ullvaskemiddelet rengj\u00f8r ullkl\u00e6r og \u00f8mfintlige tekstiler effektivt, men sk\u00e5nsomt. B\u00e5de for h\u00e5ndvask og sk\u00e5nsom vask i vaskemaskin. Det er tilsatt ekstra lanolin som gjenoppretter ullproduktet ditt og gj\u00f8r det vidunderlig mykt.<\/p>\n<p>- Uten optiske blekemidler.<br \/>\n- 250 ml (nok til 5 ganger vask av det vaskbare saueskinnet).<br \/>\n- Kan vaskes i vaskemaskin og for h\u00e5nd opp til 40 \u00b0C.<br \/>\n&#8211; <i class=\"sui sui-leaf\"><\/i>Plantebasert, uten palmeolje.<\/p>\n<p>Leter du etter et godt \u00f8kologisk vaskemiddel for ull og silke? Da kan du pr\u00f8ve v\u00e5rt ullvaskemiddel og finvaskemiddel basert p\u00e5 olivenoljes\u00e5pe. Det vasker effektivt p\u00e5 en naturlig m\u00e5te og fjerner flekker selv ved lave temperaturer. Dette ullvaskemiddelet er formulert for \u00e5 rengj\u00f8re effektivt og inneholder ikke optisk blekemiddel.<\/p>\n<p>Det naturlige ullfettet i ullkl\u00e6rne p\u00e5virkes ikke, og ullens mykhet, tekstur og utseende bevares. Dette \u00f8kologiske ullvaskemiddelet inneholder ikke palmeolje, optiske fargeforsterkere eller silikoner.<\/p>\n<p>Hvis du \u00f8nsker \u00e5 vaske de vaskbare frakkene dine (medisinske, gullgule frakker), kan du ogs\u00e5 gj\u00f8re det med dette vaskemiddelet.<\/p>","protected":false},"excerpt":{"rendered":"<p>Leter du etter et godt \u00f8kologisk vaskemiddel for ull og silke? Da kan du pr\u00f8ve v\u00e5rt ullvaskemiddel og finvaskemiddel basert p\u00e5 olivenoljes\u00e5pe. Det vasker effektivt p\u00e5 en naturlig m\u00e5te og fjerner flekker, selv ved lave temperaturer. Innhold: 250 ml.<\/p>","protected":false},"featured_media":7908,"comment_status":"closed","ping_status":"closed","template":"","meta":{"_acf_changed":false},"product_brand":[],"product_cat":[357,216,354],"product_tag":[],"class_list":{"0":"post-7909","1":"product","2":"type-product","3":"status-publish","4":"has-post-thumbnail","6":"product_cat-onderhoud","7":"product_cat-schapenvacht-voor-baby","8":"product_cat-woolskins","10":"first","11":"instock","12":"taxable","13":"shipping-taxable","14":"purchasable","15":"product-type-simple"},"acf":[],"_links":{"self":[{"href":"https:\/\/woolskins.eu\/nb\/wp-json\/wp\/v2\/product\/7909","targetHints":{"allow":["GET"]}}],"collection":[{"href":"https:\/\/woolskins.eu\/nb\/wp-json\/wp\/v2\/product"}],"about":[{"href":"https:\/\/woolskins.eu\/nb\/wp-json\/wp\/v2\/types\/product"}],"replies":[{"embeddable":true,"href":"https:\/\/woolskins.eu\/nb\/wp-json\/wp\/v2\/comments?post=7909"}],"wp:featuredmedia":[{"embeddable":true,"href":"https:\/\/woolskins.eu\/nb\/wp-json\/wp\/v2\/media\/7908"}],"wp:attachment":[{"href":"https:\/\/woolskins.eu\/nb\/wp-json\/wp\/v2\/media?parent=7909"}],"wp:term":[{"taxonomy":"product_brand","embeddable":true,"href":"https:\/\/woolskins.eu\/nb\/wp-json\/wp\/v2\/product_brand?post=7909"},{"taxonomy":"product_cat","embeddable":true,"href":"https:\/\/woolskins.eu\/nb\/wp-json\/wp\/v2\/product_cat?post=7909"},{"taxonomy":"product_tag","embeddable":true,"href":"https:\/\/woolskins.eu\/nb\/wp-json\/wp\/v2\/product_tag?post=7909"}],"curies":[{"name":"wp","href":"https:\/\/api.w.org\/{rel}","templated":true}]}}