{"id":7616,"date":"2022-02-14T11:54:32","date_gmt":"2022-02-14T11:54:32","guid":{"rendered":"https:\/\/woolskins.eu\/?post_type=product&#038;p=7616"},"modified":"2026-01-02T11:33:06","modified_gmt":"2026-01-02T11:33:06","slug":"ullsko-lysegra","status":"publish","type":"product","link":"https:\/\/woolskins.eu\/nb\/wool-shoes-light-grey\/","title":{"rendered":"A Basic Brand - Babyt\u00f8fler i ull | Lysegr\u00e5"},"content":{"rendered":"<p>Disse s\u00f8te, sm\u00e5 ullskoene er myke og luftige. Skoene er laget av 100%-ull, og holder babyens f\u00f8tter herlig varme og komfortable. De har bomullssn\u00f8reb\u00e5nd som holder dem p\u00e5 babyens f\u00f8tter.<\/p>\n<p>Disse pustende ullskoene finnes i to st\u00f8rrelser: nyf\u00f8dt og baby.<\/p>\n<p>St\u00f8rrelser:<\/p>\n<p>S - 0\/12m - 10 cm<br \/>\nL - 12\/24m - 12 cm<\/p>\n<p>Merk: ikke beregnet for turg\u00e5ing<\/p>\n<h5>Et babymerke<\/h5>\n<p>Oppdag en virkelig minimalistisk garderobe full av praktiske n\u00f8dvendigheter. Miks og match v\u00e5re unisex-modeller og farger.  Ingen logo, ikke noe trykk, ikke noe oppstyr.<\/p>\n<p>V\u00e5r misjon er \u00e5 gj\u00f8re livet ditt enklere, s\u00e5 en av hovedideene bak filosofien v\u00e5r er PRAKTIKK. Vi bryr oss ogs\u00e5 mye om planeten v\u00e5r og \u00f8nsker at alle skal leve et mer minimalistisk liv og derfor bruke mindre kl\u00e6r (#CONSUMEWISELY).<\/p>\n<p>Derfor er kvaliteten p\u00e5 produktene v\u00e5re den h\u00f8yest mulige. Du kan bruke dem i \u00e5revis og gi dem videre n\u00e5r du er ferdig med dem. Vi bruker tekstiler av topp kvalitet med b\u00e5de GOTS-sertifikat for \u00f8kologisk bomull og STANDARD 100 by OEKO-TEX\u00ae. Alle produktene v\u00e5re kan vaskes i maskin og t\u00f8rkes i t\u00f8rketrommel s\u00e5 mange ganger du vil. Du vil oppdage at bomullsfleecen v\u00e5r ikke engang trenger \u00e5 strykes for \u00e5 se bra ut.<\/p>","protected":false},"excerpt":{"rendered":"<p>Skoene er laget av 100%-ull og holder f\u00f8ttene til den lille herlig varme og komfortable.<\/p>","protected":false},"featured_media":7621,"comment_status":"closed","ping_status":"closed","template":"","meta":{"_acf_changed":false},"product_brand":[],"product_cat":[335,345,361,360,363,200,323,459],"product_tag":[],"class_list":{"0":"post-7616","1":"product","2":"type-product","3":"status-publish","4":"has-post-thumbnail","6":"product_cat-a_baby_brand","7":"product_cat-accessoires","8":"product_cat-babyshower","9":"product_cat-cadeautips","10":"product_cat-cadeaus-e25-e50","11":"product_cat-wollen-babykleding","12":"product_cat-slofjes","13":"product_cat-sale","14":"pa_maat-l","15":"pa_maat-s","17":"first","18":"instock","19":"taxable","20":"shipping-taxable","21":"purchasable","22":"product-type-variable"},"acf":[],"_links":{"self":[{"href":"https:\/\/woolskins.eu\/nb\/wp-json\/wp\/v2\/product\/7616","targetHints":{"allow":["GET"]}}],"collection":[{"href":"https:\/\/woolskins.eu\/nb\/wp-json\/wp\/v2\/product"}],"about":[{"href":"https:\/\/woolskins.eu\/nb\/wp-json\/wp\/v2\/types\/product"}],"replies":[{"embeddable":true,"href":"https:\/\/woolskins.eu\/nb\/wp-json\/wp\/v2\/comments?post=7616"}],"wp:featuredmedia":[{"embeddable":true,"href":"https:\/\/woolskins.eu\/nb\/wp-json\/wp\/v2\/media\/7621"}],"wp:attachment":[{"href":"https:\/\/woolskins.eu\/nb\/wp-json\/wp\/v2\/media?parent=7616"}],"wp:term":[{"taxonomy":"product_brand","embeddable":true,"href":"https:\/\/woolskins.eu\/nb\/wp-json\/wp\/v2\/product_brand?post=7616"},{"taxonomy":"product_cat","embeddable":true,"href":"https:\/\/woolskins.eu\/nb\/wp-json\/wp\/v2\/product_cat?post=7616"},{"taxonomy":"product_tag","embeddable":true,"href":"https:\/\/woolskins.eu\/nb\/wp-json\/wp\/v2\/product_tag?post=7616"}],"curies":[{"name":"wp","href":"https:\/\/api.w.org\/{rel}","templated":true}]}}