{"id":7599,"date":"2022-02-14T11:38:19","date_gmt":"2022-02-14T11:38:19","guid":{"rendered":"https:\/\/woolskins.eu\/?post_type=product&#038;p=7599"},"modified":"2025-12-11T13:21:27","modified_gmt":"2025-12-11T13:21:27","slug":"ullstovler-beige","status":"publish","type":"product","link":"https:\/\/woolskins.eu\/nb\/woolbooties-beige\/","title":{"rendered":"A Basic Brand - Babyst\u00f8velsko i ull | Beige"},"content":{"rendered":"<p>Supervarme og behagelige, men ogs\u00e5 helt naturlige og pustende. S\u00f8te sm\u00e5 fotvarmere i en universell babyst\u00f8rrelse.<\/p>\n<p>Perfekt for lange turer ute og lur. 100% REN NY ULLFLOR.<\/p>\n<p>1 st\u00f8rrelse for opptil 1 - 1,5 \u00e5r \/ skost\u00f8rrelse 20.<\/p>\n<p>Vi anbefaler at du vasker produktene v\u00e5re for h\u00e5nd i varmt vann og bruker et lanolinvaskemiddel.<\/p>\n<h5>Et babymerke<\/h5>\n<p>Oppdag en virkelig minimalistisk garderobe full av praktiske n\u00f8dvendigheter. Miks og match v\u00e5re unisex-modeller og farger.  Ingen logo, ikke noe trykk, ikke noe oppstyr.<\/p>\n<p>V\u00e5r misjon er \u00e5 gj\u00f8re livet ditt enklere, s\u00e5 en av hovedideene bak filosofien v\u00e5r er PRAKTIKK. Vi bryr oss ogs\u00e5 mye om planeten v\u00e5r og \u00f8nsker at alle skal leve et mer minimalistisk liv og derfor bruke mindre kl\u00e6r (#CONSUMEWISELY).<\/p>\n<p>Derfor er kvaliteten p\u00e5 produktene v\u00e5re den h\u00f8yest mulige. Du kan bruke dem i \u00e5revis og gi dem videre n\u00e5r du er ferdig med dem. Vi bruker tekstiler av topp kvalitet med b\u00e5de GOTS-sertifikat for \u00f8kologisk bomull og STANDARD 100 by OEKO-TEX\u00ae. Alle produktene v\u00e5re kan vaskes i maskin og t\u00f8rkes i t\u00f8rketrommel s\u00e5 mange ganger du vil. Du vil oppdage at bomullsfleecen v\u00e5r ikke engang trenger \u00e5 strykes for \u00e5 se bra ut.<\/p>","protected":false},"excerpt":{"rendered":"<p>S\u00f8te sm\u00e5 fotvarmere i en universell babyst\u00f8rrelse. Herlig varme og behagelige, men ogs\u00e5 helt naturlige og pustende. 100% ull.<\/p>","protected":false},"featured_media":7600,"comment_status":"open","ping_status":"closed","template":"","meta":{"_acf_changed":false},"product_brand":[],"product_cat":[335,345,361,360,363,200,323],"product_tag":[],"class_list":{"0":"post-7599","1":"product","2":"type-product","3":"status-publish","4":"has-post-thumbnail","6":"product_cat-a_baby_brand","7":"product_cat-accessoires","8":"product_cat-babyshower","9":"product_cat-cadeautips","10":"product_cat-cadeaus-e25-e50","11":"product_cat-wollen-babykleding","12":"product_cat-slofjes","14":"first","15":"instock","16":"taxable","17":"shipping-taxable","18":"purchasable","19":"product-type-simple"},"acf":[],"_links":{"self":[{"href":"https:\/\/woolskins.eu\/nb\/wp-json\/wp\/v2\/product\/7599","targetHints":{"allow":["GET"]}}],"collection":[{"href":"https:\/\/woolskins.eu\/nb\/wp-json\/wp\/v2\/product"}],"about":[{"href":"https:\/\/woolskins.eu\/nb\/wp-json\/wp\/v2\/types\/product"}],"replies":[{"embeddable":true,"href":"https:\/\/woolskins.eu\/nb\/wp-json\/wp\/v2\/comments?post=7599"}],"wp:featuredmedia":[{"embeddable":true,"href":"https:\/\/woolskins.eu\/nb\/wp-json\/wp\/v2\/media\/7600"}],"wp:attachment":[{"href":"https:\/\/woolskins.eu\/nb\/wp-json\/wp\/v2\/media?parent=7599"}],"wp:term":[{"taxonomy":"product_brand","embeddable":true,"href":"https:\/\/woolskins.eu\/nb\/wp-json\/wp\/v2\/product_brand?post=7599"},{"taxonomy":"product_cat","embeddable":true,"href":"https:\/\/woolskins.eu\/nb\/wp-json\/wp\/v2\/product_cat?post=7599"},{"taxonomy":"product_tag","embeddable":true,"href":"https:\/\/woolskins.eu\/nb\/wp-json\/wp\/v2\/product_tag?post=7599"}],"curies":[{"name":"wp","href":"https:\/\/api.w.org\/{rel}","templated":true}]}}