{"id":7477,"date":"2022-02-11T11:44:26","date_gmt":"2022-02-11T11:44:26","guid":{"rendered":"https:\/\/woolskins.eu\/?post_type=product&#038;p=7477"},"modified":"2026-03-31T12:28:19","modified_gmt":"2026-03-31T12:28:19","slug":"rib-leggings-naturhvit","status":"publish","type":"product","link":"https:\/\/woolskins.eu\/nb\/rib-legging-naturel-white\/","title":{"rendered":"A Basic Brand - Baby Leggings Rib | Natural White"},"content":{"rendered":"<p>Unisex-leggings i ribbestrikket bomullsstoff med en leken, r\u00e5 finish. De tilpasser seg perfekt til barnets kurver. Kombiner med en sweatshirt i ribbestrikk for en helt casual look.<\/p>\n<p>97% bomull 3% elastan.<\/p>\n<p>STANDARD 100 fra OEKO-TEX\u00ae.<\/p>\n<p>St\u00f8rrelser:<\/p>\n<p>0 m - 56 cm<br \/>\n3 m - 62 cm<br \/>\n6 m - 68 cm<br \/>\n1 y - 80 cm<\/p>\n<h5>Et babymerke<\/h5>\n<p>Oppdag en virkelig minimalistisk garderobe full av praktiske n\u00f8dvendigheter. Miks og match v\u00e5re unisex-modeller og farger.  Ingen logo, ikke noe trykk, ikke noe oppstyr.<\/p>\n<p>V\u00e5r misjon er \u00e5 gj\u00f8re livet ditt enklere, s\u00e5 en av hovedideene bak filosofien v\u00e5r er PRAKTIKK. Vi bryr oss ogs\u00e5 mye om planeten v\u00e5r og \u00f8nsker at alle skal leve et mer minimalistisk liv og derfor bruke mindre kl\u00e6r (#CONSUMEWISELY).<\/p>\n<p>Derfor er kvaliteten p\u00e5 produktene v\u00e5re den h\u00f8yest mulige. Du kan bruke dem i \u00e5revis og gi dem videre n\u00e5r du er ferdig med dem. Vi bruker tekstiler av topp kvalitet med b\u00e5de GOTS-sertifikat for \u00f8kologisk bomull og STANDARD 100 by OEKO-TEX\u00ae. Alle produktene v\u00e5re kan vaskes i maskin og t\u00f8rkes i t\u00f8rketrommel s\u00e5 mange ganger du vil. Du vil oppdage at bomullsfleecen v\u00e5r ikke engang trenger \u00e5 strykes for \u00e5 se bra ut.<\/p>","protected":false},"excerpt":{"rendered":"<p>Disse leggingsene i ribbestrikk tilpasser seg perfekt til barnets kurver. Kombiner med en sweatshirt i ribbestrikk for en uformell look.<\/p>","protected":false},"featured_media":9052,"comment_status":"closed","ping_status":"closed","template":"","meta":{"_acf_changed":false},"product_brand":[],"product_cat":[360,335,361,363,529,532],"product_tag":[],"class_list":{"0":"post-7477","1":"product","2":"type-product","3":"status-publish","4":"has-post-thumbnail","6":"product_cat-cadeautips","7":"product_cat-a_baby_brand","8":"product_cat-babyshower","9":"product_cat-cadeaus-e25-e50","10":"product_cat-katoenen-babykleertjes","11":"product_cat-katoenen-babybroekjes","12":"pa_maat-0-maanden","13":"pa_maat-1-jaar","14":"pa_maat-3-maanden","15":"pa_maat-6-maanden","17":"first","18":"instock","19":"taxable","20":"shipping-taxable","21":"purchasable","22":"product-type-variable"},"acf":[],"_links":{"self":[{"href":"https:\/\/woolskins.eu\/nb\/wp-json\/wp\/v2\/product\/7477","targetHints":{"allow":["GET"]}}],"collection":[{"href":"https:\/\/woolskins.eu\/nb\/wp-json\/wp\/v2\/product"}],"about":[{"href":"https:\/\/woolskins.eu\/nb\/wp-json\/wp\/v2\/types\/product"}],"replies":[{"embeddable":true,"href":"https:\/\/woolskins.eu\/nb\/wp-json\/wp\/v2\/comments?post=7477"}],"wp:featuredmedia":[{"embeddable":true,"href":"https:\/\/woolskins.eu\/nb\/wp-json\/wp\/v2\/media\/9052"}],"wp:attachment":[{"href":"https:\/\/woolskins.eu\/nb\/wp-json\/wp\/v2\/media?parent=7477"}],"wp:term":[{"taxonomy":"product_brand","embeddable":true,"href":"https:\/\/woolskins.eu\/nb\/wp-json\/wp\/v2\/product_brand?post=7477"},{"taxonomy":"product_cat","embeddable":true,"href":"https:\/\/woolskins.eu\/nb\/wp-json\/wp\/v2\/product_cat?post=7477"},{"taxonomy":"product_tag","embeddable":true,"href":"https:\/\/woolskins.eu\/nb\/wp-json\/wp\/v2\/product_tag?post=7477"}],"curies":[{"name":"wp","href":"https:\/\/api.w.org\/{rel}","templated":true}]}}