{"id":7309,"date":"2022-02-09T12:50:21","date_gmt":"2022-02-09T12:50:21","guid":{"rendered":"https:\/\/woolskins.eu\/?post_type=product&#038;p=7309"},"modified":"2025-12-12T15:07:18","modified_gmt":"2025-12-12T15:07:18","slug":"babysko-lysegra","status":"publish","type":"product","link":"https:\/\/woolskins.eu\/nb\/babyshoes-light-grey\/","title":{"rendered":"A Basic Brand - Babysko | Lysegr\u00e5"},"content":{"rendered":"<p>Supers\u00f8te og veldig myke t\u00f8fler for de minste. H\u00e5ndlaget av v\u00e5r velkjente bomullsfleece av h\u00f8y kvalitet. Den perfekte babygaven.<\/p>\n<p>97% bomull<br \/>\n3% elastan<\/p>\n<p>STANDARD 100 fra OEKO-TEX\u00ae.<\/p>\n<p>ONE SIZE (0 - 3 m\u00e5neder - inners\u00e5lens lengde - 10 cm)<\/p>\n<h5>Et babymerke<\/h5>\n<p>Oppdag en virkelig minimalistisk garderobe full av praktiske n\u00f8dvendigheter. Miks og match v\u00e5re unisex-modeller og farger.  Ingen logo, ikke noe trykk, ikke noe oppstyr.<\/p>\n<p>V\u00e5r misjon er \u00e5 gj\u00f8re livet ditt enklere, s\u00e5 en av hovedideene bak filosofien v\u00e5r er PRAKTIKK. Vi bryr oss ogs\u00e5 mye om planeten v\u00e5r og \u00f8nsker at alle skal leve et mer minimalistisk liv og derfor bruke mindre kl\u00e6r (#CONSUMEWISELY).<\/p>\n<p>Derfor er kvaliteten p\u00e5 produktene v\u00e5re den h\u00f8yest mulige. Du kan bruke dem i \u00e5revis og gi dem videre n\u00e5r du er ferdig med dem. Vi bruker tekstiler av topp kvalitet med b\u00e5de GOTS-sertifikat for \u00f8kologisk bomull og STANDARD 100 by OEKO-TEX\u00ae. Alle produktene v\u00e5re kan vaskes i maskin og t\u00f8rkes i t\u00f8rketrommel s\u00e5 mange ganger du vil. Du vil oppdage at bomullsfleecen v\u00e5r ikke engang trenger \u00e5 strykes for \u00e5 se bra ut.<\/p>","protected":false},"excerpt":{"rendered":"<p>Supers\u00f8te og veldig myke t\u00f8fler for de minste. H\u00e5ndlaget av v\u00e5r velkjente bomullsfleece av h\u00f8y kvalitet. Den perfekte babygaven.<\/p>","protected":false},"featured_media":7385,"comment_status":"open","ping_status":"closed","template":"","meta":{"_acf_changed":false},"product_brand":[],"product_cat":[335,361,360,363,529,536],"product_tag":[],"class_list":{"0":"post-7309","1":"product","2":"type-product","3":"status-publish","4":"has-post-thumbnail","6":"product_cat-a_baby_brand","7":"product_cat-babyshower","8":"product_cat-cadeautips","9":"product_cat-cadeaus-e25-e50","10":"product_cat-katoenen-babykleertjes","11":"product_cat-katoenen-babyslofjes","13":"first","14":"instock","15":"taxable","16":"shipping-taxable","17":"purchasable","18":"product-type-simple"},"acf":[],"_links":{"self":[{"href":"https:\/\/woolskins.eu\/nb\/wp-json\/wp\/v2\/product\/7309","targetHints":{"allow":["GET"]}}],"collection":[{"href":"https:\/\/woolskins.eu\/nb\/wp-json\/wp\/v2\/product"}],"about":[{"href":"https:\/\/woolskins.eu\/nb\/wp-json\/wp\/v2\/types\/product"}],"replies":[{"embeddable":true,"href":"https:\/\/woolskins.eu\/nb\/wp-json\/wp\/v2\/comments?post=7309"}],"wp:featuredmedia":[{"embeddable":true,"href":"https:\/\/woolskins.eu\/nb\/wp-json\/wp\/v2\/media\/7385"}],"wp:attachment":[{"href":"https:\/\/woolskins.eu\/nb\/wp-json\/wp\/v2\/media?parent=7309"}],"wp:term":[{"taxonomy":"product_brand","embeddable":true,"href":"https:\/\/woolskins.eu\/nb\/wp-json\/wp\/v2\/product_brand?post=7309"},{"taxonomy":"product_cat","embeddable":true,"href":"https:\/\/woolskins.eu\/nb\/wp-json\/wp\/v2\/product_cat?post=7309"},{"taxonomy":"product_tag","embeddable":true,"href":"https:\/\/woolskins.eu\/nb\/wp-json\/wp\/v2\/product_tag?post=7309"}],"curies":[{"name":"wp","href":"https:\/\/api.w.org\/{rel}","templated":true}]}}