{"id":7244,"date":"2022-02-04T14:35:20","date_gmt":"2022-02-04T14:35:20","guid":{"rendered":"https:\/\/woolskins.eu\/?post_type=product&#038;p=7244"},"modified":"2026-03-06T13:16:33","modified_gmt":"2026-03-06T13:16:33","slug":"bleiepose-lammy-ecru","status":"publish","type":"product","link":"https:\/\/woolskins.eu\/nb\/luieretui-lammy-ecru\/","title":{"rendered":"Bleiepose i ull - Thumbled | Ecru"},"content":{"rendered":"<p>- 100% ny ull Filtet med Woolmark-sertifisering.<br \/>\n- Glatt, myk og kompakt struktur<br \/>\n- M\u00e5lene er 24x9x9 cm.<br \/>\n- For hjemme og p\u00e5 farten.<br \/>\n- Europeisk produksjon.<br \/>\n- kan vaskes p\u00e5 30 \u00b0C ullvaskesyklus.<\/p>\n<p>Dette produktet er blant annet merket med Safe for Children og Woolmark.<\/p>\n<h5>Woolskins Label<\/h5>\n<p>Etter flere \u00e5rs vellykket samarbeid med Alwero er vi stolte av \u00e5 kunne kunngj\u00f8re at vi n\u00e5 f\u00f8rer produktene v\u00e5re under v\u00e5rt eget Woolskins-merke.<\/p>\n<p>P\u00e5 denne m\u00e5ten f\u00e5r du fortsatt den beste kvaliteten, men kombinert med de s\u00f8teste og mest unike produktene og designene.<\/p>\n<p>Kvaliteten p\u00e5 stoffene og fargene er som den alltid har v\u00e6rt, men n\u00e5 er det bare et st\u00f8rre utvalg av hva Woolskins mener de kan skille seg ut med.<\/p>\n<p>V\u00e5r brede kolleksjon er s\u00e5 like at de er et flott tillegg til ethvert babyantrekk, laget av 100% europeisk ull som puster og passer til alle \u00e5rstider.<\/p>\n<p>Vi g\u00e5r entusiastisk sammen for \u00e5 skape et b\u00e6rekraftig, naturlig og komfortabelt produkt for babyen din.<\/p>","protected":false},"excerpt":{"rendered":"<p>Toalettmappen v\u00e5r i ull er et stilig og praktisk tilbeh\u00f8r for oppbevaring av personlige hygieneartikler. Enten du skal pakke det viktigste til en reise, en trenings\u00f8kt eller en dag p\u00e5 kontoret, vil en toalettmappe i ull holde det organisert og beskyttet. Denne toalettmappen er ogs\u00e5 perfekt til \u00e5 ta med bleier, v\u00e5tservietter og andre sm\u00e5ting til babyen din.<\/p>\n<p><strong>Merke: Woolskins<\/strong><br \/>\n<strong>Produksjon: Polen<\/strong><\/p>","protected":false},"featured_media":7252,"comment_status":"closed","ping_status":"closed","template":"","meta":{"_acf_changed":false},"product_brand":[],"product_cat":[351,349,360,363,31,196,194],"product_tag":[],"class_list":{"0":"post-7244","1":"product","2":"type-product","3":"status-publish","4":"has-post-thumbnail","6":"product_cat-accessoiresvoormama","7":"product_cat-borstvoedingenvoedingskussens","8":"product_cat-cadeautips","9":"product_cat-cadeaus-e25-e50","10":"product_cat-yogamat-wol","11":"product_cat-slaapkleding-baby","12":"product_cat-wollen-babyproducten","14":"first","15":"instock","16":"taxable","17":"shipping-taxable","18":"purchasable","19":"product-type-simple"},"acf":[],"_links":{"self":[{"href":"https:\/\/woolskins.eu\/nb\/wp-json\/wp\/v2\/product\/7244","targetHints":{"allow":["GET"]}}],"collection":[{"href":"https:\/\/woolskins.eu\/nb\/wp-json\/wp\/v2\/product"}],"about":[{"href":"https:\/\/woolskins.eu\/nb\/wp-json\/wp\/v2\/types\/product"}],"replies":[{"embeddable":true,"href":"https:\/\/woolskins.eu\/nb\/wp-json\/wp\/v2\/comments?post=7244"}],"wp:featuredmedia":[{"embeddable":true,"href":"https:\/\/woolskins.eu\/nb\/wp-json\/wp\/v2\/media\/7252"}],"wp:attachment":[{"href":"https:\/\/woolskins.eu\/nb\/wp-json\/wp\/v2\/media?parent=7244"}],"wp:term":[{"taxonomy":"product_brand","embeddable":true,"href":"https:\/\/woolskins.eu\/nb\/wp-json\/wp\/v2\/product_brand?post=7244"},{"taxonomy":"product_cat","embeddable":true,"href":"https:\/\/woolskins.eu\/nb\/wp-json\/wp\/v2\/product_cat?post=7244"},{"taxonomy":"product_tag","embeddable":true,"href":"https:\/\/woolskins.eu\/nb\/wp-json\/wp\/v2\/product_tag?post=7244"}],"curies":[{"name":"wp","href":"https:\/\/api.w.org\/{rel}","templated":true}]}}