{"id":7214,"date":"2022-02-04T14:08:48","date_gmt":"2022-02-04T14:08:48","guid":{"rendered":"https:\/\/woolskins.eu\/?post_type=product&#038;p=7214"},"modified":"2025-02-08T18:34:03","modified_gmt":"2025-02-08T18:34:03","slug":"alwero-handvarmere-tommel-natur","status":"publish","type":"product","link":"https:\/\/woolskins.eu\/nb\/alwero-handwarmers-thumby-natural\/","title":{"rendered":"H\u00e5ndvarmere i ull for damer - Thumby | Natural"},"content":{"rendered":"<p>Woolskins h\u00e5ndvarmere i ull finnes i tre farger. Hansken er uten fingre og tommel, noe som gj\u00f8r det enkelt \u00e5 fortsette \u00e5 gj\u00f8re alt mens du holder hendene varme og fine.<br \/>\nDisse fine hanskene er laget av 100%-ull med elastin, noe som sikrer en god passform p\u00e5 h\u00e5nden. De er ideelle n\u00e5r du reiser med babyen din.<\/p>\n<p>Disse h\u00e5ndvarmerne gir et t\u00f8rt og behagelig milj\u00f8 som hjelper mot smerter i h\u00e5ndledd og ledd. De forbedrer sirkulasjonen, noe som reduserer symptomene. Ideell for f.eks. bruk bak en datamaskin.<\/p>\n<p>St\u00f8rrelser i centimeter:<\/p>\n<p>S: 23 x 10 cm (lengde og bredde ved h\u00e5ndleddet)<br \/>\nM: 24 x 11 cm (lengde og bredde ved h\u00e5ndleddet)<br \/>\nL: 25 x 12 cm (lengde og bredde ved h\u00e5ndleddet)<\/p>\n<p>Vask p\u00e5 30 \u00b0C ullvask med ullvaskemiddel.<\/p>\n<div id=\"product-12858\" class=\"product type-product post-12858 status-publish first instock product_cat-cadeautips product_cat-cadeaus-tot-e-25 product_cat-alwero product_cat-yogamat-wol product_cat-accessoiresvoormama product_cat-fashion has-post-thumbnail taxable shipping-taxable purchasable product-type-variable ct-ajax-add-to-cart thumbs-bottom sticky-summary ct-default-gallery\">\n<div class=\"woocommerce-tabs wc-tabs-wrapper\" data-type=\"type-1:center\">\n<article>\n<div id=\"tab-description\" class=\"woocommerce-Tabs-panel woocommerce-Tabs-panel--description panel entry-content wc-tab\" role=\"tabpanel\" aria-labelledby=\"tab-title-description\">\n<h5>Woolskins Label<\/h5>\n<p>Etter flere \u00e5rs vellykket samarbeid med Alwero er vi stolte av \u00e5 kunne kunngj\u00f8re at vi n\u00e5 f\u00f8rer produktene v\u00e5re under v\u00e5rt eget Woolskins-merke.<\/p>\n<p>P\u00e5 denne m\u00e5ten f\u00e5r du fortsatt den beste kvaliteten, men kombinert med de s\u00f8teste og mest unike produktene og designene.<\/p>\n<p>Kvaliteten p\u00e5 stoffene og fargene er som den alltid har v\u00e6rt, men n\u00e5 er det bare et st\u00f8rre utvalg av hva Woolskins mener de kan skille seg ut med.<\/p>\n<p>V\u00e5r brede kolleksjon er s\u00e5 like at de er et flott tillegg til ethvert babyantrekk, laget av 100% europeisk ull som puster og passer til alle \u00e5rstider.<\/p>\n<p>Vi g\u00e5r entusiastisk sammen for \u00e5 skape et b\u00e6rekraftig, naturlig og komfortabelt produkt for babyen din.<\/p>\n<\/div>\n<\/article>\n<\/div>\n<\/div>\n<section class=\"related products ct-hidden-sm ct-hidden-md\"><\/section>","protected":false},"excerpt":{"rendered":"<p>Hvis du er p\u00e5 utkikk etter et par h\u00e5ndvarmere i ull til deg selv eller en du er glad i, kan vi varmt anbefale disse h\u00e5ndvarmerne fra Woolskins. Hansken er uten fingre og tommel, noe som gj\u00f8r det enkelt \u00e5 fortsette \u00e5 gj\u00f8re alt mulig samtidig som hendene holdes varme og fine. Disse fine hanskene er laget av 100% ull med elastin og sitter derfor godt p\u00e5 h\u00e5nden. V\u00e5re Thumby-h\u00e5ndvarmere i ull er en flott m\u00e5te \u00e5 holde hendene varme og komfortable p\u00e5 i de kalde vinterm\u00e5nedene. De er myke og pustende, noe som gj\u00f8r dem egnet for personer med sensitiv hud, og de finnes i en rekke ulike farger og st\u00f8rrelser.<\/p>\n<p><strong>Merke: Woolskins<\/strong><br \/>\n<strong>Produksjon: Polen<\/strong><\/p>","protected":false},"featured_media":17599,"comment_status":"closed","ping_status":"closed","template":"","meta":{"_acf_changed":false},"product_brand":[],"product_cat":[351,362,350,31,194],"product_tag":[],"class_list":{"0":"post-7214","1":"product","2":"type-product","3":"status-publish","4":"has-post-thumbnail","6":"product_cat-accessoiresvoormama","7":"product_cat-cadeaus-tot-e-25","8":"product_cat-fashion","9":"product_cat-yogamat-wol","10":"product_cat-wollen-babyproducten","11":"pa_maat-l","12":"pa_maat-m","13":"pa_maat-s","15":"first","16":"outofstock","17":"taxable","18":"shipping-taxable","19":"purchasable","20":"product-type-variable"},"acf":[],"_links":{"self":[{"href":"https:\/\/woolskins.eu\/nb\/wp-json\/wp\/v2\/product\/7214","targetHints":{"allow":["GET"]}}],"collection":[{"href":"https:\/\/woolskins.eu\/nb\/wp-json\/wp\/v2\/product"}],"about":[{"href":"https:\/\/woolskins.eu\/nb\/wp-json\/wp\/v2\/types\/product"}],"replies":[{"embeddable":true,"href":"https:\/\/woolskins.eu\/nb\/wp-json\/wp\/v2\/comments?post=7214"}],"wp:featuredmedia":[{"embeddable":true,"href":"https:\/\/woolskins.eu\/nb\/wp-json\/wp\/v2\/media\/17599"}],"wp:attachment":[{"href":"https:\/\/woolskins.eu\/nb\/wp-json\/wp\/v2\/media?parent=7214"}],"wp:term":[{"taxonomy":"product_brand","embeddable":true,"href":"https:\/\/woolskins.eu\/nb\/wp-json\/wp\/v2\/product_brand?post=7214"},{"taxonomy":"product_cat","embeddable":true,"href":"https:\/\/woolskins.eu\/nb\/wp-json\/wp\/v2\/product_cat?post=7214"},{"taxonomy":"product_tag","embeddable":true,"href":"https:\/\/woolskins.eu\/nb\/wp-json\/wp\/v2\/product_tag?post=7214"}],"curies":[{"name":"wp","href":"https:\/\/api.w.org\/{rel}","templated":true}]}}