{"id":7213,"date":"2022-02-04T14:02:00","date_gmt":"2022-02-04T14:02:00","guid":{"rendered":"https:\/\/woolskins.eu\/?post_type=product&#038;p=7213"},"modified":"2026-05-12T13:01:53","modified_gmt":"2026-05-12T13:01:53","slug":"alwero-matepute-essential-gra","status":"publish","type":"product","link":"https:\/\/woolskins.eu\/nb\/alwero-voedingskussen-essential-grijs\/","title":{"rendered":"Ammepute i ull tovet-L | Lysegr\u00e5"},"content":{"rendered":"<p>Du bruker ammeputen ved for eksempel \u00e5 klemme den nederste delen mellom beina og hvile hodet p\u00e5 den \u00f8verste delen. Den midterste delen legger du under den gravide magen, slik at vekten din fordeles bedre. P\u00e5 denne m\u00e5ten klemmer kroppsputen deg s\u00e5 \u00e5 si inntil seg, samtidig som ryggen f\u00e5r den st\u00f8tten den trenger.<\/p>\n<p>- Ulltrekk.<br \/>\n- 100% ny ull Filtet med Woolmark-sertifisering.<br \/>\n- Glatt, myk og kompakt struktur<br \/>\n- Fylling av ullballer (100% \u00f8kologisk ull).<br \/>\n- Innerpute (\u00f8kologisk bomull) med glidel\u00e5s.<br \/>\n- Stille naturlig fylling!<br \/>\n- Lav vekt (1,5 kg).<br \/>\n- Ammepute og graviditetspute.<br \/>\n- St\u00f8rrelse 35 x 150 cm (omkrets midt p\u00e5 70 cm).<br \/>\n- Trekket og innerputen kan vaskes p\u00e5 30 \u00b0C ullvask.<\/p>\n<p>Dette produktet er blant annet merket med Safe for Children og Woolmark.<\/p>\n<h5>Woolskins Label<\/h5>\n<p>Etter flere \u00e5rs vellykket samarbeid med Alwero er vi stolte av \u00e5 kunne kunngj\u00f8re at vi n\u00e5 f\u00f8rer produktene v\u00e5re under v\u00e5rt eget Woolskins-merke.<\/p>\n<p>P\u00e5 denne m\u00e5ten f\u00e5r du fortsatt den beste kvaliteten, men kombinert med de s\u00f8teste og mest unike produktene og designene.<\/p>\n<p>Kvaliteten p\u00e5 stoffene og fargene er som den alltid har v\u00e6rt, men n\u00e5 er det bare et st\u00f8rre utvalg av hva Woolskins mener de kan skille seg ut med.<\/p>\n<p>V\u00e5r brede kolleksjon er s\u00e5 like at de er et flott tillegg til ethvert babyantrekk, laget av 100% europeisk ull som puster og passer til alle \u00e5rstider.<\/p>\n<p>Vi g\u00e5r entusiastisk sammen for \u00e5 skape et b\u00e6rekraftig, naturlig og s\u00e5 komfortabelt produkt som mulig for barnet ditt.<\/p>","protected":false},"excerpt":{"rendered":"<p>Denne ammeputen i ull er sv\u00e6rt behagelig og beroligende for babyen n\u00e5r du ammer, fordi den er stilleg\u00e5ende og umiddelbart tilpasser seg babyens kroppstemperatur. Den st\u00f8tter kroppen din mens du sover og s\u00f8rger for en god natts s\u00f8vn, slik at du kan v\u00e5kne uthvilt om morgenen.<\/p>\n<p>Fordi puten og fyllet er laget av ull, puster puten og er allergivennlig. Ullfibrene har evnen til \u00e5 fungere som en naturlig termostat som regulerer kroppstemperaturen? Dette sikrer en stabil temperatur og holder deg og babyen t\u00f8rr og komfortabel.<\/p>\n<p>Det unike \u00f8kologiske ullballfyllet gir god st\u00f8tte til b\u00e5de din og barnets kropp, og fordi fyllet ikke lager noen lyd (i motsetning til f.eks. gropfyll), kan du mate barnet ditt uforstyrret og dermed nyte hverandre i det uendelige. Ullen rengj\u00f8res og vaskes med biologisk nedbrytbare vaskemidler, og p\u00e5 grunn av det naturlig tilstedev\u00e6rende lanolinet er ullen st\u00f8vfri og dermed allergivennlig.<\/p>\n<p><strong>Merke: Woolskins<\/strong><br \/>\n<strong>Produksjon: Polen<\/strong><\/p>","protected":false},"featured_media":7209,"comment_status":"closed","ping_status":"closed","template":"","meta":{"_acf_changed":false},"product_brand":[],"product_cat":[349,364,31,210,194],"product_tag":[],"class_list":{"0":"post-7213","1":"product","2":"type-product","3":"status-publish","4":"has-post-thumbnail","6":"product_cat-borstvoedingenvoedingskussens","7":"product_cat-cadeaus-vanaf-e50","8":"product_cat-yogamat-wol","9":"product_cat-wollen-voedingskussen","10":"product_cat-wollen-babyproducten","12":"first","13":"instock","14":"taxable","15":"shipping-taxable","16":"purchasable","17":"product-type-simple"},"acf":[],"_links":{"self":[{"href":"https:\/\/woolskins.eu\/nb\/wp-json\/wp\/v2\/product\/7213","targetHints":{"allow":["GET"]}}],"collection":[{"href":"https:\/\/woolskins.eu\/nb\/wp-json\/wp\/v2\/product"}],"about":[{"href":"https:\/\/woolskins.eu\/nb\/wp-json\/wp\/v2\/types\/product"}],"replies":[{"embeddable":true,"href":"https:\/\/woolskins.eu\/nb\/wp-json\/wp\/v2\/comments?post=7213"}],"wp:featuredmedia":[{"embeddable":true,"href":"https:\/\/woolskins.eu\/nb\/wp-json\/wp\/v2\/media\/7209"}],"wp:attachment":[{"href":"https:\/\/woolskins.eu\/nb\/wp-json\/wp\/v2\/media?parent=7213"}],"wp:term":[{"taxonomy":"product_brand","embeddable":true,"href":"https:\/\/woolskins.eu\/nb\/wp-json\/wp\/v2\/product_brand?post=7213"},{"taxonomy":"product_cat","embeddable":true,"href":"https:\/\/woolskins.eu\/nb\/wp-json\/wp\/v2\/product_cat?post=7213"},{"taxonomy":"product_tag","embeddable":true,"href":"https:\/\/woolskins.eu\/nb\/wp-json\/wp\/v2\/product_tag?post=7213"}],"curies":[{"name":"wp","href":"https:\/\/api.w.org\/{rel}","templated":true}]}}