{"id":7093,"date":"2022-01-31T11:06:17","date_gmt":"2022-01-31T11:06:17","guid":{"rendered":"https:\/\/woolskins.eu\/?post_type=product&#038;p=7093"},"modified":"2025-11-21T10:36:57","modified_gmt":"2025-11-21T10:36:57","slug":"koseteppe-med-smokkestreng-beige-2","status":"publish","type":"product","link":"https:\/\/woolskins.eu\/nb\/knuffeldoekje-met-speenkoord-beige-2\/","title":{"rendered":"Kosepledd med smokkesnor | Beige"},"content":{"rendered":"<p>Woolskins koseteppe med smokkesnor. Ideelt for babyen \u00e5 kose og leke med p\u00e5 grunn av den s\u00f8te lyden fra det knitrende fyllet. Kosepleddet er laget av 100%-ull og er blant annet merket med \u2018Woolmark\u2019 og \u2018Safe for children\u2019. Smokkesnoren er praktisk for \u00e5 ha barnets smokk lett tilgjengelig, slik at den ikke kommer p\u00e5 avveie.<\/p>\n<p>- 100% jomfruull, Woolmark-merket.<br \/>\n- M\u00e5lene er 18\u00d725 cm.<br \/>\n- Eksklusiv spene<\/p>\n<p>Snoren gj\u00f8r det enkelt \u00e5 feste ullduken p\u00e5 alle typer smokker.<\/p>","protected":false},"excerpt":{"rendered":"<p>Woolskins tilbyr et nydelig ullteppe med smokkesnor. Dette myke og behagelige pleddet er perfekt for den lille til \u00e5 kose og leke med. Det er laget av ull av h\u00f8y kvalitet og er tilgjengelig i beige og gr\u00e5.<\/p>\n<p>Det er ideelt for babyen \u00e5 kose og leke med p\u00e5 grunn av den s\u00f8te lyden fra det knitrende fyllet. Det koselige pleddet er laget av 100%-ull og er blant annet merket med \u2018Woolmark\u2019 og \u2018Safe for children\u2019.<\/p>\n<p>Woolskins er spesialisten p\u00e5 \u00f8kologiske produkter i lammeskinn og ull. Alle produktene er laget av materialer av h\u00f8y kvalitet og er designet med tanke p\u00e5 komfort og holdbarhet. Dette koseteppet med smokkesnor er derfor et ansvarlig valg for foreldre som er ute etter kvalitet og stil.<\/p>\n<p><strong>Merke: Woolskins<\/strong><br \/>\n<strong>Produksjon: Polen<\/strong><\/p>","protected":false},"featured_media":5424,"comment_status":"closed","ping_status":"closed","template":"","meta":{"_acf_changed":false},"product_brand":[],"product_cat":[345,361,360,362,200,196,346,348,194],"product_tag":[],"class_list":{"0":"post-7093","1":"product","2":"type-product","3":"status-publish","4":"has-post-thumbnail","6":"product_cat-accessoires","7":"product_cat-babyshower","8":"product_cat-cadeautips","9":"product_cat-cadeaus-tot-e-25","10":"product_cat-wollen-babykleding","11":"product_cat-slaapkleding-baby","12":"product_cat-mutsjesensjaaltjes","13":"product_cat-kussens","14":"product_cat-wollen-babyproducten","16":"first","17":"instock","18":"taxable","19":"shipping-taxable","20":"purchasable","21":"product-type-simple"},"acf":[],"_links":{"self":[{"href":"https:\/\/woolskins.eu\/nb\/wp-json\/wp\/v2\/product\/7093","targetHints":{"allow":["GET"]}}],"collection":[{"href":"https:\/\/woolskins.eu\/nb\/wp-json\/wp\/v2\/product"}],"about":[{"href":"https:\/\/woolskins.eu\/nb\/wp-json\/wp\/v2\/types\/product"}],"replies":[{"embeddable":true,"href":"https:\/\/woolskins.eu\/nb\/wp-json\/wp\/v2\/comments?post=7093"}],"wp:featuredmedia":[{"embeddable":true,"href":"https:\/\/woolskins.eu\/nb\/wp-json\/wp\/v2\/media\/5424"}],"wp:attachment":[{"href":"https:\/\/woolskins.eu\/nb\/wp-json\/wp\/v2\/media?parent=7093"}],"wp:term":[{"taxonomy":"product_brand","embeddable":true,"href":"https:\/\/woolskins.eu\/nb\/wp-json\/wp\/v2\/product_brand?post=7093"},{"taxonomy":"product_cat","embeddable":true,"href":"https:\/\/woolskins.eu\/nb\/wp-json\/wp\/v2\/product_cat?post=7093"},{"taxonomy":"product_tag","embeddable":true,"href":"https:\/\/woolskins.eu\/nb\/wp-json\/wp\/v2\/product_tag?post=7093"}],"curies":[{"name":"wp","href":"https:\/\/api.w.org\/{rel}","templated":true}]}}