{"id":7090,"date":"2022-01-30T13:33:29","date_gmt":"2022-01-30T13:33:29","guid":{"rendered":"https:\/\/woolskins.eu\/?post_type=product&#038;p=7090"},"modified":"2026-02-18T13:39:01","modified_gmt":"2026-02-18T13:39:01","slug":"alwero-wrap-teppe-essential-gra","status":"publish","type":"product","link":"https:\/\/woolskins.eu\/nb\/alwero-wikkeldeken-essential-grijs\/","title":{"rendered":"Ullteppe \/ hettepledd til baby - tovet | Lysegr\u00e5"},"content":{"rendered":"<p>Babyen din vil sove og dr\u00f8mme seg bort i dette behagelige ullteppet med hette fra v\u00e5r \u2018Felted\u2019-kolleksjon. Dette teppet med hette faller jevnt og er veldig mykt. De har et vakkert og luksuri\u00f8st utseende og er ekstremt komfortable. Vikleteppet er laget av 100%-ull og tar umiddelbart barnets temperatur. Du kan ogs\u00e5 bruke det til \u00e5 sv\u00f8pe eller mate barnet ditt komfortabelt, eller ta det med deg p\u00e5 farten for \u00e5 holde barnet ditt i riktig temperatur.<\/p>\n<p>- 100% ny ull Filtet med Woolmark-sertifisering.<br \/>\n- Glatt, myk og kompakt struktur<br \/>\n- Gode termiske egenskaper<br \/>\n- For hjemme og p\u00e5 farten.<br \/>\n- St\u00f8rrelse: 80 x 80 cm.<br \/>\n- Europeisk produksjon.<br \/>\n- Kan vaskes p\u00e5 30 \u00b0C ullvask.<br \/>\n- Eksklusivt tilgjengelig hos Woolskins<\/p>\n<p>Ullfibre puster og har evnen til \u00e5 fungere som en naturlig termostat som regulerer kroppstemperaturen? Dette hjelper babyen din med \u00e5 opprettholde en stabil temperatur og holder babyen t\u00f8rr og komfortabel. Dette skjer \u2018dynamisk\u2019, det vil si n\u00e5r det er behov for det, og ikke n\u00e5r det ikke er behov for det. Varm om vinteren og kj\u00f8lig om sommeren.<\/p>\n<p>Dette produktet er blant annet merket med Safe for Children og Woolmark.<\/p>\n<div id=\"product-7026\" class=\"product type-product post-7026 status-publish first instock product_cat-babyshower product_cat-cadeaus-e25-e50 product_cat-cadeautips product_cat-alwero product_cat-slaapkleding-baby product_cat-babydeken product_cat-best-verkocht has-post-thumbnail taxable shipping-taxable purchasable product-type-variable ct-ajax-add-to-cart thumbs-bottom sticky-summary ct-default-gallery\">\n<div class=\"woocommerce-tabs wc-tabs-wrapper\" data-type=\"type-1:center\"><\/div>\n<\/div>\n<section class=\"up-sells upsells products ct-hidden-sm ct-hidden-md\"><\/section>","protected":false},"excerpt":{"rendered":"<p>Dette \u2018Felted\u2019 ullpledd med hette er et varmt og behagelig produkt som passer til alle \u00e5rstider. Det er laget av myk og naturlig ull, som isolerer godt, puster og faller lett. Omslagsplagget har en hette som holder hodet godt varmt. Det er et allsidig og praktisk produkt som egner seg for b\u00e5de innend\u00f8rs og utend\u00f8rs bruk. Et ullteppe med hette er et \u2018must have\u2019 til ethvert babyutstyr, men er ogs\u00e5 en flott gave \u00e5 gi bort. Det finnes i ulike ullstoffer og farger, slik at du alltid kan finne et ullteppe som passer deg. Sv\u00f8peteppet er laget av 100%-ull og tar umiddelbart barnets temperatur. Du kan ogs\u00e5 bruke det til \u00e5 sv\u00f8pe eller mate barnet ditt p\u00e5 en behagelig m\u00e5te, eller du kan enkelt ta det med deg p\u00e5 farten for \u00e5 holde barnet ditt i riktig temperatur.<\/p>\n<p><strong>Merke: Woolskins<\/strong><br \/>\n<strong>Produksjon: Polen<\/strong><\/p>","protected":false},"featured_media":7091,"comment_status":"closed","ping_status":"closed","template":"","meta":{"_acf_changed":false},"product_brand":[],"product_cat":[361,360,363,364,196,321,194],"product_tag":[],"class_list":{"0":"post-7090","1":"product","2":"type-product","3":"status-publish","4":"has-post-thumbnail","6":"product_cat-babyshower","7":"product_cat-cadeautips","8":"product_cat-cadeaus-e25-e50","9":"product_cat-cadeaus-vanaf-e50","10":"product_cat-slaapkleding-baby","11":"product_cat-wikkeldekens","12":"product_cat-wollen-babyproducten","14":"first","15":"instock","16":"taxable","17":"shipping-taxable","18":"purchasable","19":"product-type-simple"},"acf":[],"_links":{"self":[{"href":"https:\/\/woolskins.eu\/nb\/wp-json\/wp\/v2\/product\/7090","targetHints":{"allow":["GET"]}}],"collection":[{"href":"https:\/\/woolskins.eu\/nb\/wp-json\/wp\/v2\/product"}],"about":[{"href":"https:\/\/woolskins.eu\/nb\/wp-json\/wp\/v2\/types\/product"}],"replies":[{"embeddable":true,"href":"https:\/\/woolskins.eu\/nb\/wp-json\/wp\/v2\/comments?post=7090"}],"wp:featuredmedia":[{"embeddable":true,"href":"https:\/\/woolskins.eu\/nb\/wp-json\/wp\/v2\/media\/7091"}],"wp:attachment":[{"href":"https:\/\/woolskins.eu\/nb\/wp-json\/wp\/v2\/media?parent=7090"}],"wp:term":[{"taxonomy":"product_brand","embeddable":true,"href":"https:\/\/woolskins.eu\/nb\/wp-json\/wp\/v2\/product_brand?post=7090"},{"taxonomy":"product_cat","embeddable":true,"href":"https:\/\/woolskins.eu\/nb\/wp-json\/wp\/v2\/product_cat?post=7090"},{"taxonomy":"product_tag","embeddable":true,"href":"https:\/\/woolskins.eu\/nb\/wp-json\/wp\/v2\/product_tag?post=7090"}],"curies":[{"name":"wp","href":"https:\/\/api.w.org\/{rel}","templated":true}]}}