{"id":7004,"date":"2022-01-27T15:03:34","date_gmt":"2022-01-27T15:03:34","guid":{"rendered":"https:\/\/woolskins.eu\/?post_type=product&#038;p=7004"},"modified":"2026-05-15T19:52:25","modified_gmt":"2026-05-15T19:52:25","slug":"alwero-wrap-teppe-lammy-beige","status":"publish","type":"product","link":"https:\/\/woolskins.eu\/nb\/alwero-wikkeldeken-lammy-beige\/","title":{"rendered":"Ullpledd \/ hettepledd til baby - Thumbled | Beige"},"content":{"rendered":"<div id=\"product-6997\" class=\"product type-product post-6997 status-publish first instock product_cat-babyshower product_cat-cadeaus-e25-e50 product_cat-cadeaus-vanaf-e50 product_cat-cadeautips product_cat-alwero product_cat-slaapkleding-baby product_cat-wikkeldekens product_cat-babydeken product_cat-best-verkocht has-post-thumbnail taxable shipping-taxable purchasable product-type-simple ct-ajax-add-to-cart thumbs-bottom sticky-summary ct-default-gallery\">\n<div class=\"woocommerce-tabs wc-tabs-wrapper\" data-type=\"type-1:center\">\n<article>\n<div id=\"tab-description\" class=\"woocommerce-Tabs-panel woocommerce-Tabs-panel--description panel entry-content wc-tab\" role=\"tabpanel\" aria-labelledby=\"tab-title-description\">\n<p>Ullfibre puster og har evnen til \u00e5 fungere som en naturlig termostat som regulerer kroppstemperaturen? Dette hjelper babyen din med \u00e5 opprettholde en stabil temperatur og holder babyen t\u00f8rr og komfortabel. Dette skjer \u2018dynamisk\u2019, det vil si n\u00e5r det er behov for det, og ikke n\u00e5r det ikke er behov for det. Varm om vinteren og kj\u00f8lig om sommeren.<\/p>\n<p>- 100% jomfruull (Tumbled) med Woolmark-sertifisering.<br \/>\n- For hjemme og p\u00e5 farten.<br \/>\n- St\u00f8rrelse: 80 x 80 cm.<br \/>\n- Europeisk produksjon.<br \/>\n- Kan vaskes p\u00e5 30 \u00b0C ullvask.<br \/>\n- Eksklusivt tilgjengelig fra Woolskins.<\/p>\n<p>Produkter av dunete ull kjennetegnes ved at ullfibrene er l\u00f8se. For \u00e5 minimere fluffighet er det best \u00e5 klappe produktet utenp\u00e5 f\u00f8r bruk.<\/p>\n<p>Dette produktet er blant annet merket med Safe for Children og Woolmark.<\/p>\n<h5>Woolskins Label<\/h5>\n<p>Etter flere \u00e5rs vellykket samarbeid med Alwero er vi stolte av \u00e5 kunne kunngj\u00f8re at vi n\u00e5 f\u00f8rer produktene v\u00e5re under v\u00e5rt eget Woolskins-merke.<\/p>\n<p>P\u00e5 denne m\u00e5ten f\u00e5r du fortsatt den beste kvaliteten, men kombinert med de s\u00f8teste og mest unike produktene og designene.<\/p>\n<p>Kvaliteten p\u00e5 stoffene og fargene er som den alltid har v\u00e6rt, men n\u00e5 er det bare et st\u00f8rre utvalg av hva Woolskins mener de kan skille seg ut med.<\/p>\n<p>V\u00e5r brede kolleksjon er s\u00e5 like at de er et flott tillegg til ethvert babyantrekk, laget av 100% europeisk ull som puster og passer til alle \u00e5rstider.<\/p>\n<p>Vi g\u00e5r entusiastisk sammen for \u00e5 skape et b\u00e6rekraftig, naturlig og komfortabelt produkt for babyen din.<\/p>\n<\/div>\n<\/article>\n<\/div>\n<\/div>\n<section class=\"up-sells upsells products ct-hidden-sm ct-hidden-md\">\n<h2>Andre forslag...<\/h2>\n<\/section>","protected":false},"excerpt":{"rendered":"<p>Babyen din vil sove og dr\u00f8mme seg bort i dette behagelige ullteppet med hette fra v\u00e5r \u2018Thumbled\u2019-kolleksjon. Dette ullteppet med hette faller jevnt og er veldig mykt. De har et vakkert og luksuri\u00f8st utseende og er ekstremt komfortable. Vikleteppet er laget av 100%-ull og tar umiddelbart barnets temperatur. Det er ogs\u00e5 perfekt til \u00e5 sv\u00f8pe eller mate barnet komfortabelt. Du kan enkelt ta det med deg p\u00e5 farten for \u00e5 holde barnet ditt i riktig temperatur. Teppet passer til alle \u00e5rstider og er en perfekt gave til babyshower eller barselsbes\u00f8k.<\/p>\n<p><strong>Merke: Woolskins<\/strong><br \/>\n<strong>Produksjon: Polen<\/strong><\/p>","protected":false},"featured_media":17484,"comment_status":"closed","ping_status":"closed","template":"","meta":{"_acf_changed":false},"product_brand":[],"product_cat":[361,360,363,364,196,321,194],"product_tag":[],"class_list":{"0":"post-7004","1":"product","2":"type-product","3":"status-publish","4":"has-post-thumbnail","6":"product_cat-babyshower","7":"product_cat-cadeautips","8":"product_cat-cadeaus-e25-e50","9":"product_cat-cadeaus-vanaf-e50","10":"product_cat-slaapkleding-baby","11":"product_cat-wikkeldekens","12":"product_cat-wollen-babyproducten","14":"first","15":"instock","16":"taxable","17":"shipping-taxable","18":"purchasable","19":"product-type-simple"},"acf":[],"_links":{"self":[{"href":"https:\/\/woolskins.eu\/nb\/wp-json\/wp\/v2\/product\/7004","targetHints":{"allow":["GET"]}}],"collection":[{"href":"https:\/\/woolskins.eu\/nb\/wp-json\/wp\/v2\/product"}],"about":[{"href":"https:\/\/woolskins.eu\/nb\/wp-json\/wp\/v2\/types\/product"}],"replies":[{"embeddable":true,"href":"https:\/\/woolskins.eu\/nb\/wp-json\/wp\/v2\/comments?post=7004"}],"wp:featuredmedia":[{"embeddable":true,"href":"https:\/\/woolskins.eu\/nb\/wp-json\/wp\/v2\/media\/17484"}],"wp:attachment":[{"href":"https:\/\/woolskins.eu\/nb\/wp-json\/wp\/v2\/media?parent=7004"}],"wp:term":[{"taxonomy":"product_brand","embeddable":true,"href":"https:\/\/woolskins.eu\/nb\/wp-json\/wp\/v2\/product_brand?post=7004"},{"taxonomy":"product_cat","embeddable":true,"href":"https:\/\/woolskins.eu\/nb\/wp-json\/wp\/v2\/product_cat?post=7004"},{"taxonomy":"product_tag","embeddable":true,"href":"https:\/\/woolskins.eu\/nb\/wp-json\/wp\/v2\/product_tag?post=7004"}],"curies":[{"name":"wp","href":"https:\/\/api.w.org\/{rel}","templated":true}]}}