{"id":6697,"date":"2021-09-01T12:55:46","date_gmt":"2021-09-01T12:55:46","guid":{"rendered":"https:\/\/woolskins.eu\/knuffel-kussen"},"modified":"2026-02-18T13:42:47","modified_gmt":"2026-02-18T13:42:47","slug":"kosete-pute","status":"publish","type":"product","link":"https:\/\/woolskins.eu\/nb\/knuffel-kussen\/","title":{"rendered":"Kosepute Sheepy | ecru"},"content":{"rendered":"<p>En herlig myk ullpute i form av en sky. Denne s\u00f8te puten passer perfekt i det trendy babyrommet og barnerommet.  Kombiner gjerne denne puten med de andre herlige ullproduktene fra Woolskins!<\/p>\n<p>St\u00f8rrelse: 35 x 40 cm.<\/p>\n<p>N\u00e5r du pakker opp dette produktet, kjenner du den sunne og naturlige duften av ull. For oss er dette et tegn p\u00e5 at alle de gode og sunne egenskapene fortsatt er i ullen.<\/p>\n<p>Dette produktet er blant annet merket med Safe for Children og Woolmark.<\/p>\n<h5>Woolskins Label<\/h5>\n<p>Etter flere \u00e5rs vellykket samarbeid med Alwero er vi stolte av \u00e5 kunne kunngj\u00f8re at vi n\u00e5 f\u00f8rer produktene v\u00e5re under v\u00e5rt eget Woolskins-merke.<\/p>\n<p>P\u00e5 denne m\u00e5ten f\u00e5r du fortsatt den beste kvaliteten, men kombinert med de s\u00f8teste og mest unike produktene og designene.<\/p>\n<p>Kvaliteten p\u00e5 stoffene og fargene er som den alltid har v\u00e6rt, men n\u00e5 er det bare et st\u00f8rre utvalg av hva Woolskins mener de kan skille seg ut med.<\/p>\n<p>V\u00e5r brede kolleksjon er s\u00e5 like at de er et flott tillegg til ethvert babyantrekk, laget av 100% europeisk ull som puster og passer til alle \u00e5rstider.<\/p>\n<p>Vi g\u00e5r entusiastisk sammen for \u00e5 skape et b\u00e6rekraftig, naturlig og s\u00e5 komfortabelt produkt som mulig for barnet ditt.<\/p>","protected":false},"excerpt":{"rendered":"<p>Dekorationsputer i ull er en morsom og koselig m\u00e5te \u00e5 pifte opp et barnerom p\u00e5. De er myke, varme og behagelige \u00e5 kose med. I tillegg kommer de i forskjellige farger og former, slik at du kan matche dem til rommets stil og tema. Kombiner gjerne denne puten med de andre flotte ullproduktene i Woolskins' Thumbled-serie. Dekorationsputer i ull er dermed et flott tilbeh\u00f8r til barnerommet, som ikke bare er vakre \u00e5 se p\u00e5, men ogs\u00e5 morsomme \u00e5 leke med!<\/p>\n<p><strong>Merke: Woolskins<\/strong><br \/>\n<strong>Produksjon: Polen<\/strong><\/p>","protected":false},"featured_media":7850,"comment_status":"closed","ping_status":"closed","template":"","meta":{"_acf_changed":false},"product_brand":[],"product_cat":[361,360,363,196,348,194],"product_tag":[],"class_list":{"0":"post-6697","1":"product","2":"type-product","3":"status-publish","4":"has-post-thumbnail","6":"product_cat-babyshower","7":"product_cat-cadeautips","8":"product_cat-cadeaus-e25-e50","9":"product_cat-slaapkleding-baby","10":"product_cat-kussens","11":"product_cat-wollen-babyproducten","13":"first","14":"outofstock","15":"taxable","16":"shipping-taxable","17":"purchasable","18":"product-type-simple"},"acf":[],"_links":{"self":[{"href":"https:\/\/woolskins.eu\/nb\/wp-json\/wp\/v2\/product\/6697","targetHints":{"allow":["GET"]}}],"collection":[{"href":"https:\/\/woolskins.eu\/nb\/wp-json\/wp\/v2\/product"}],"about":[{"href":"https:\/\/woolskins.eu\/nb\/wp-json\/wp\/v2\/types\/product"}],"replies":[{"embeddable":true,"href":"https:\/\/woolskins.eu\/nb\/wp-json\/wp\/v2\/comments?post=6697"}],"wp:featuredmedia":[{"embeddable":true,"href":"https:\/\/woolskins.eu\/nb\/wp-json\/wp\/v2\/media\/7850"}],"wp:attachment":[{"href":"https:\/\/woolskins.eu\/nb\/wp-json\/wp\/v2\/media?parent=6697"}],"wp:term":[{"taxonomy":"product_brand","embeddable":true,"href":"https:\/\/woolskins.eu\/nb\/wp-json\/wp\/v2\/product_brand?post=6697"},{"taxonomy":"product_cat","embeddable":true,"href":"https:\/\/woolskins.eu\/nb\/wp-json\/wp\/v2\/product_cat?post=6697"},{"taxonomy":"product_tag","embeddable":true,"href":"https:\/\/woolskins.eu\/nb\/wp-json\/wp\/v2\/product_tag?post=6697"}],"curies":[{"name":"wp","href":"https:\/\/api.w.org\/{rel}","templated":true}]}}