{"id":6605,"date":"2021-09-01T12:54:16","date_gmt":"2021-09-01T12:54:16","guid":{"rendered":"https:\/\/woolskins.eu\/onderhoudsset"},"modified":"2023-09-22T12:11:21","modified_gmt":"2023-09-22T12:11:21","slug":"vedlikeholdssett","status":"publish","type":"product","link":"https:\/\/woolskins.eu\/nb\/onderhoudsset\/","title":{"rendered":"Vedlikeholdssett"},"content":{"rendered":"<p>Pelsen vedlikeholdes best ved \u00e5 klappe den regelmessig og b\u00f8rste den kort. Dette vil holde pelsen din vakker.<\/p>\n<p>Vi anbefaler at du venter s\u00e5 lenge som mulig f\u00f8r du vasker den \u2018vaskbare\u2019 pelsen, slik at alle pelsens gode egenskaper forblir i den. Vanligvis er det tilstrekkelig \u00e5 lufte pelsen ute eller t\u00f8rke av den med en fuktig flanell hvis det har skjedd et lite uhell.<\/p>\n<p>Hvis du vil vaske pelsen din, kan du bare vaske den med v\u00e5re Medical Grade-pelsjakker (gyllengule) p\u00e5 et 30-graders ullfinvaskprogram. Vi har et spesielt \u00f8kologisk ullvaskemiddel med lanolin til dette. Du kan ogs\u00e5 t\u00f8rke disse frakkene i t\u00f8rketrommel ved lav temperatur.<\/p>\n<p>Vaskeanvisning:<\/p>\n<p>1. Legg frakken i vaskemaskinen med 50 ml Eco Wool Wash i s\u00e5peskuffen.<br \/>\n2. Vask k\u00e5pen p\u00e5 30 C ull-\/finvaskprogram (korte sykluser).<br \/>\n3. Legg pelsen med skinnsiden p\u00e5 et h\u00e5ndkle, og rull den sammen. Trykk godt til slik at det resterende vannet trekker mest mulig inn i h\u00e5ndkleet.<br \/>\n4. La n\u00e5 pelsen t\u00f8rke p\u00e5 et flatt underlag eller legg den i t\u00f8rketrommelen p\u00e5 lav - IKKE VARM! - temperatur.<br \/>\n5. La deretter pelsen t\u00f8rke litt til og strekk den forsiktig i form.<\/p>\n<p>B\u00f8rst deretter igjen om n\u00f8dvendig. Etter vask kan skinnsiden f\u00f8les litt stiv. Dette vil mykne av seg selv under bruk.<\/p>\n<p>FORSIKTIGHET! OPPBEVARES UTILGJENGELIG FOR BARN!<\/p>\n<p>*Det er alltid ditt eget ansvar \u00e5 vaske frakken din<\/p>","protected":false},"excerpt":{"rendered":"<p>Dette pleiesettet er spesielt beregnet for vedlikehold av (vaskbare) saueskinn. Det \u00f8kologiske vaskemiddelet, basert p\u00e5 olivenolje, har en fettbevarende effekt og inneholder lanolin for \u00e5 opprettholde pelsens sunne egenskaper og smidighet. 250 ml = 5x vask.<\/p>","protected":false},"featured_media":7907,"comment_status":"closed","ping_status":"closed","template":"","meta":{"_acf_changed":false},"product_brand":[],"product_cat":[357,216,222,354],"product_tag":[],"class_list":{"0":"post-6605","1":"product","2":"type-product","3":"status-publish","4":"has-post-thumbnail","6":"product_cat-onderhoud","7":"product_cat-schapenvacht-voor-baby","8":"product_cat-buggy-schapenvachtjes","9":"product_cat-woolskins","11":"first","12":"instock","13":"taxable","14":"shipping-taxable","15":"purchasable","16":"product-type-simple"},"acf":[],"_links":{"self":[{"href":"https:\/\/woolskins.eu\/nb\/wp-json\/wp\/v2\/product\/6605","targetHints":{"allow":["GET"]}}],"collection":[{"href":"https:\/\/woolskins.eu\/nb\/wp-json\/wp\/v2\/product"}],"about":[{"href":"https:\/\/woolskins.eu\/nb\/wp-json\/wp\/v2\/types\/product"}],"replies":[{"embeddable":true,"href":"https:\/\/woolskins.eu\/nb\/wp-json\/wp\/v2\/comments?post=6605"}],"wp:featuredmedia":[{"embeddable":true,"href":"https:\/\/woolskins.eu\/nb\/wp-json\/wp\/v2\/media\/7907"}],"wp:attachment":[{"href":"https:\/\/woolskins.eu\/nb\/wp-json\/wp\/v2\/media?parent=6605"}],"wp:term":[{"taxonomy":"product_brand","embeddable":true,"href":"https:\/\/woolskins.eu\/nb\/wp-json\/wp\/v2\/product_brand?post=6605"},{"taxonomy":"product_cat","embeddable":true,"href":"https:\/\/woolskins.eu\/nb\/wp-json\/wp\/v2\/product_cat?post=6605"},{"taxonomy":"product_tag","embeddable":true,"href":"https:\/\/woolskins.eu\/nb\/wp-json\/wp\/v2\/product_tag?post=6605"}],"curies":[{"name":"wp","href":"https:\/\/api.w.org\/{rel}","templated":true}]}}