{"id":6587,"date":"2021-09-01T12:53:58","date_gmt":"2021-09-01T12:53:58","guid":{"rendered":"https:\/\/woolskins.eu\/yogasocks-ecru"},"modified":"2022-05-10T17:48:02","modified_gmt":"2022-05-10T17:48:02","slug":"yoga-sokker-ecru","status":"publish","type":"product","link":"https:\/\/woolskins.eu\/nb\/yogasocks-ecru\/","title":{"rendered":"Yoga-sokker ecru"},"content":{"rendered":"<p>Disse sokkene\/varmerne er ideelle for yoga og meditasjon. T\u00e5en og h\u00e6len er fri for grep, og de holder f\u00f8tter og ankler varme og behagelige under timen. Disse sokkene\/varmerne er laget av 100% ny ull og finnes i tre farger og to st\u00f8rrelser.<\/p>","protected":false},"excerpt":{"rendered":"<p>Disse sokkene\/varmerne er ideelle for yoga og meditasjon. T\u00e5en og h\u00e6len er fri for grep, og de holder f\u00f8tter og ankler varme og behagelige under timen. Disse sokkene\/varmerne er laget av 100% ny ull og finnes i tre farger og to st\u00f8rrelser.<\/p>","protected":false},"featured_media":5938,"comment_status":"closed","ping_status":"closed","template":"","meta":{"_acf_changed":false},"product_brand":[],"product_cat":[337],"product_tag":[],"class_list":{"0":"post-6587","1":"product","2":"type-product","3":"status-publish","4":"has-post-thumbnail","6":"product_cat-vestjes","7":"pa_maat-m","9":"first","10":"outofstock","11":"taxable","12":"shipping-taxable","13":"purchasable","14":"product-type-simple"},"acf":[],"_links":{"self":[{"href":"https:\/\/woolskins.eu\/nb\/wp-json\/wp\/v2\/product\/6587","targetHints":{"allow":["GET"]}}],"collection":[{"href":"https:\/\/woolskins.eu\/nb\/wp-json\/wp\/v2\/product"}],"about":[{"href":"https:\/\/woolskins.eu\/nb\/wp-json\/wp\/v2\/types\/product"}],"replies":[{"embeddable":true,"href":"https:\/\/woolskins.eu\/nb\/wp-json\/wp\/v2\/comments?post=6587"}],"wp:featuredmedia":[{"embeddable":true,"href":"https:\/\/woolskins.eu\/nb\/wp-json\/wp\/v2\/media\/5938"}],"wp:attachment":[{"href":"https:\/\/woolskins.eu\/nb\/wp-json\/wp\/v2\/media?parent=6587"}],"wp:term":[{"taxonomy":"product_brand","embeddable":true,"href":"https:\/\/woolskins.eu\/nb\/wp-json\/wp\/v2\/product_brand?post=6587"},{"taxonomy":"product_cat","embeddable":true,"href":"https:\/\/woolskins.eu\/nb\/wp-json\/wp\/v2\/product_cat?post=6587"},{"taxonomy":"product_tag","embeddable":true,"href":"https:\/\/woolskins.eu\/nb\/wp-json\/wp\/v2\/product_tag?post=6587"}],"curies":[{"name":"wp","href":"https:\/\/api.w.org\/{rel}","templated":true}]}}