{"id":6580,"date":"2021-09-01T12:53:58","date_gmt":"2021-09-01T12:53:58","guid":{"rendered":"https:\/\/woolskins.eu\/eco-lamsvacht-comfort-voor-yoga-meditatie-dubbel-3-cm"},"modified":"2024-10-25T07:06:11","modified_gmt":"2024-10-25T07:06:11","slug":"oko-lammeskinn-komfort-for-yoga-meditasjon-dobbel-3-cm","status":"publish","type":"product","link":"https:\/\/woolskins.eu\/nb\/eco-lamsvacht-comfort-voor-yoga-meditatie-dubbel-3-cm\/","title":{"rendered":"Eco Lambskin Comfort for yoga og meditasjon | dobbel 3 cm"},"content":{"rendered":"<p>V\u00e5re WOOLSKINS komfortfrakker er et europeisk, \u00f8kologisk og 100% naturprodukt.<\/p>\n<p>Ull er godt for kropp, sinn og hud. Den har en dynamisk effekt og hjelper deg og familien din med \u00e5 nyte livet sunt, avslappet og uthvilt.<\/p>\n<p>Vi har to versjoner i kolleksjonen v\u00e5r, en enkel k\u00e5pe og en dobbel k\u00e5pe der du f\u00e5r plass til hele kroppen. En vakker, \u00e6rlig og sunn gave!<\/p>\n<p>St\u00f8rrelsen p\u00e5 v\u00e5r XL-frakk er +\/- 70 x 200 cm og har en frakklengde p\u00e5 +\/- 3 cm.<\/p>\n<p>Dette lammeskinnet er ideelt for yoga og meditasjon. Det er veldig behagelig og regulerer varme og fuktighet. Det finnes til og med yogier som anbefaler saueskinn, ikke bare p\u00e5 grunn av den perfekte st\u00f8rrelsen, men ogs\u00e5 fordi det isolerer ditt eget magnetfelt (auraen din) og blokkerer jordens magnetiske str\u00e5ling. Dette hjelper deg enormt i den meditative prosessen og holder kroppen i balanse.<\/p>","protected":false},"excerpt":{"rendered":"<p>Ull er godt for kropp, sinn og hud. Den har en dynamisk effekt og hjelper deg og familien din med \u00e5 nyte livet sunt, avslappet og uthvilt.<\/p>","protected":false},"featured_media":5927,"comment_status":"closed","ping_status":"closed","template":"","meta":{"_acf_changed":false},"product_brand":[],"product_cat":[358],"product_tag":[],"class_list":{"0":"post-6580","1":"product","2":"type-product","3":"status-publish","4":"has-post-thumbnail","6":"product_cat-wollen-yogamat","8":"first","9":"outofstock","10":"taxable","11":"shipping-taxable","12":"purchasable","13":"product-type-simple"},"acf":[],"_links":{"self":[{"href":"https:\/\/woolskins.eu\/nb\/wp-json\/wp\/v2\/product\/6580","targetHints":{"allow":["GET"]}}],"collection":[{"href":"https:\/\/woolskins.eu\/nb\/wp-json\/wp\/v2\/product"}],"about":[{"href":"https:\/\/woolskins.eu\/nb\/wp-json\/wp\/v2\/types\/product"}],"replies":[{"embeddable":true,"href":"https:\/\/woolskins.eu\/nb\/wp-json\/wp\/v2\/comments?post=6580"}],"wp:featuredmedia":[{"embeddable":true,"href":"https:\/\/woolskins.eu\/nb\/wp-json\/wp\/v2\/media\/5927"}],"wp:attachment":[{"href":"https:\/\/woolskins.eu\/nb\/wp-json\/wp\/v2\/media?parent=6580"}],"wp:term":[{"taxonomy":"product_brand","embeddable":true,"href":"https:\/\/woolskins.eu\/nb\/wp-json\/wp\/v2\/product_brand?post=6580"},{"taxonomy":"product_cat","embeddable":true,"href":"https:\/\/woolskins.eu\/nb\/wp-json\/wp\/v2\/product_cat?post=6580"},{"taxonomy":"product_tag","embeddable":true,"href":"https:\/\/woolskins.eu\/nb\/wp-json\/wp\/v2\/product_tag?post=6580"}],"curies":[{"name":"wp","href":"https:\/\/api.w.org\/{rel}","templated":true}]}}