{"id":6577,"date":"2021-09-01T12:53:58","date_gmt":"2021-09-01T12:53:58","guid":{"rendered":"https:\/\/woolskins.eu\/wollen-yogamat-met-cocos-grijs"},"modified":"2024-12-05T20:57:45","modified_gmt":"2024-12-05T20:57:45","slug":"yogamatte-i-ull-med-kokosnottgra","status":"publish","type":"product","link":"https:\/\/woolskins.eu\/nb\/wollen-yogamat-met-cocos-grijs\/","title":{"rendered":"Yogamatte i ull med Cocos gr\u00e5"},"content":{"rendered":"<p>V\u00e5re WOOLSKINS yogamatter er ideelle for yoga og meditasjon. Ull er bra for b\u00e5de kropp, sinn og hud. N\u00e5r du f\u00f8rst har pr\u00f8vd en yogamatte i ull, vil du ikke ha noe annet etter det! Den har en dynamisk effekt og hjelper deg med \u00e5 opprettholde en sunn kropp og et sunt sinn.<\/p>\n<p>- st\u00f8rrelse: 75 x 180 cm.<br \/>\n- For bruk i yogastudioer, klasserom og hjemme<br \/>\n- \u00d8verste lag: 100% ny ull. Undersiden: Cocos (med lateksblanding for sklisikkerhet)<br \/>\n- Godt grep p\u00e5 glatte overflater.<br \/>\n- Inneholder fortsatt det naturlige ullfettet og er selvrensende.<br \/>\n- Avlaster varme og fuktighet.<br \/>\n- Med praktisk oppbevaringspose med b\u00e6restropp.<\/p>","protected":false},"excerpt":{"rendered":"<p>N\u00e5r du er aktiv i yoga og meditasjon, kommer en yogamatte i ull godt med. V\u00e5re yogamatter er nemlig mykere og mer komfortable enn vanlige yogamatter. Dette gj\u00f8r dem ideelle for meditasjon og yoga. Fordi ull er godt for b\u00e5de kropp, hud og sinn, har en yogamatte i ull en positiv innvirkning p\u00e5 yoga- og meditasjonsut\u00f8velsen. N\u00e5r du f\u00f8rst har valgt en yogamatte i ull fra WOOLSKINS, er det vanskelig \u00e5 \u00f8nske seg noe annet.<\/p>\n<p><strong>Merke: Woolskins<\/strong><br \/>\n<strong>Produksjon: Polen<\/strong><\/p>","protected":false},"featured_media":9034,"comment_status":"closed","ping_status":"closed","template":"","meta":{"_acf_changed":false},"product_brand":[],"product_cat":[31,358],"product_tag":[],"class_list":{"0":"post-6577","1":"product","2":"type-product","3":"status-publish","4":"has-post-thumbnail","6":"product_cat-yogamat-wol","7":"product_cat-wollen-yogamat","9":"first","10":"outofstock","11":"taxable","12":"shipping-taxable","13":"purchasable","14":"product-type-simple"},"acf":[],"_links":{"self":[{"href":"https:\/\/woolskins.eu\/nb\/wp-json\/wp\/v2\/product\/6577","targetHints":{"allow":["GET"]}}],"collection":[{"href":"https:\/\/woolskins.eu\/nb\/wp-json\/wp\/v2\/product"}],"about":[{"href":"https:\/\/woolskins.eu\/nb\/wp-json\/wp\/v2\/types\/product"}],"replies":[{"embeddable":true,"href":"https:\/\/woolskins.eu\/nb\/wp-json\/wp\/v2\/comments?post=6577"}],"wp:featuredmedia":[{"embeddable":true,"href":"https:\/\/woolskins.eu\/nb\/wp-json\/wp\/v2\/media\/9034"}],"wp:attachment":[{"href":"https:\/\/woolskins.eu\/nb\/wp-json\/wp\/v2\/media?parent=6577"}],"wp:term":[{"taxonomy":"product_brand","embeddable":true,"href":"https:\/\/woolskins.eu\/nb\/wp-json\/wp\/v2\/product_brand?post=6577"},{"taxonomy":"product_cat","embeddable":true,"href":"https:\/\/woolskins.eu\/nb\/wp-json\/wp\/v2\/product_cat?post=6577"},{"taxonomy":"product_tag","embeddable":true,"href":"https:\/\/woolskins.eu\/nb\/wp-json\/wp\/v2\/product_tag?post=6577"}],"curies":[{"name":"wp","href":"https:\/\/api.w.org\/{rel}","templated":true}]}}